{"id":4939,"date":"2020-09-15T16:08:06","date_gmt":"2020-09-15T14:08:06","guid":{"rendered":"https:\/\/mallorca-activities.com\/incoming-agency-groups\/"},"modified":"2024-07-21T15:56:51","modified_gmt":"2024-07-21T13:56:51","slug":"groupes-dagences-receptifs","status":"publish","type":"page","link":"https:\/\/mallorca-activities.com\/fr\/groupes-dagences-receptifs\/","title":{"rendered":"Groupes"},"content":{"rendered":"[vc_row type=\u00a0\u00bbfull_width_background\u00a0\u00bb full_screen_row_position=\u00a0\u00bbmiddle\u00a0\u00bb column_margin=\u00a0\u00bbdefault\u00a0\u00bb column_direction=\u00a0\u00bbdefault\u00a0\u00bb column_direction_tablet=\u00a0\u00bbdefault\u00a0\u00bb column_direction_phone=\u00a0\u00bbdefault\u00a0\u00bb scene_position=\u00a0\u00bbcenter\u00a0\u00bb top_padding=\u00a0\u00bb5%\u00a0\u00bb bottom_padding=\u00a0\u00bb5%\u00a0\u00bb text_color=\u00a0\u00bbdark\u00a0\u00bb text_align=\u00a0\u00bbleft\u00a0\u00bb row_border_radius=\u00a0\u00bbnone\u00a0\u00bb row_border_radius_applies=\u00a0\u00bbbg\u00a0\u00bb overlay_strength=\u00a0\u00bb0.3&Prime; gradient_direction=\u00a0\u00bbleft_to_right\u00a0\u00bb shape_divider_position=\u00a0\u00bbbottom\u00a0\u00bb bg_image_animation=\u00a0\u00bbnone\u00a0\u00bb shape_type=\u00a0\u00bb\u00a0\u00bb][vc_column column_padding=\u00a0\u00bbno-extra-padding\u00a0\u00bb column_padding_tablet=\u00a0\u00bbinherit\u00a0\u00bb column_padding_phone=\u00a0\u00bbinherit\u00a0\u00bb column_padding_position=\u00a0\u00bball\u00a0\u00bb background_color_opacity=\u00a0\u00bb1&Prime; background_hover_color_opacity=\u00a0\u00bb1&Prime; column_shadow=\u00a0\u00bbnone\u00a0\u00bb column_border_radius=\u00a0\u00bbnone\u00a0\u00bb column_link_target=\u00a0\u00bb_self\u00a0\u00bb gradient_direction=\u00a0\u00bbleft_to_right\u00a0\u00bb overlay_strength=\u00a0\u00bb0.3&Prime; width=\u00a0\u00bb1\/1&Prime; tablet_width_inherit=\u00a0\u00bbdefault\u00a0\u00bb tablet_text_alignment=\u00a0\u00bbdefault\u00a0\u00bb phone_text_alignment=\u00a0\u00bbdefault\u00a0\u00bb column_border_width=\u00a0\u00bbnone\u00a0\u00bb column_border_style=\u00a0\u00bbsolid\u00a0\u00bb bg_image_animation=\u00a0\u00bbnone\u00a0\u00bb][vc_row_inner column_margin=\u00a0\u00bbnone\u00a0\u00bb column_direction=\u00a0\u00bbdefault\u00a0\u00bb column_direction_tablet=\u00a0\u00bbdefault\u00a0\u00bb column_direction_phone=\u00a0\u00bbdefault\u00a0\u00bb bottom_padding=\u00a0\u00bb3%\u00a0\u00bb text_align=\u00a0\u00bbleft\u00a0\u00bb][vc_column_inner column_padding=\u00a0\u00bbno-extra-padding\u00a0\u00bb column_padding_tablet=\u00a0\u00bbinherit\u00a0\u00bb column_padding_phone=\u00a0\u00bbinherit\u00a0\u00bb column_padding_position=\u00a0\u00bball\u00a0\u00bb background_color_opacity=\u00a0\u00bb1&Prime; background_hover_color_opacity=\u00a0\u00bb1&Prime; column_shadow=\u00a0\u00bbnone\u00a0\u00bb column_border_radius=\u00a0\u00bbnone\u00a0\u00bb column_link_target=\u00a0\u00bb_self\u00a0\u00bb gradient_direction=\u00a0\u00bbleft_to_right\u00a0\u00bb overlay_strength=\u00a0\u00bb0.3&Prime; width=\u00a0\u00bb1\/1&Prime; tablet_width_inherit=\u00a0\u00bbdefault\u00a0\u00bb column_border_width=\u00a0\u00bbnone\u00a0\u00bb column_border_style=\u00a0\u00bbsolid\u00a0\u00bb bg_image_animation=\u00a0\u00bbnone\u00a0\u00bb enable_animation=\u00a0\u00bbtrue\u00a0\u00bb animation=\u00a0\u00bbfade-in-from-bottom\u00a0\u00bb][vc_column_text]MALLORCA ACTIVITIES est sp\u00e9cialis\u00e9e dans <strong>l&rsquo;organisation d&rsquo;activit\u00e9s touristiques pour groupes<\/strong>. En tant qu&rsquo;agence, nous organisons toutes sortes d&rsquo;<strong>\u00e9v\u00e9nements pour les groupes<\/strong>. Qu&rsquo;il s&rsquo;agisse d&rsquo;une semaine de randonn\u00e9e ou simplement d&rsquo;une journ\u00e9e d&rsquo;activit\u00e9, nous sommes \u00e0 votre disposition pour cr\u00e9er un programme parfait et individualis\u00e9.<\/p>\n<p>Nous proposons des programmes d&rsquo;aventure et des <strong>excursions pour groupes<\/strong> que nous recommandons \u00e9galement aux familles avec enfants. Canyoning, escalade, randonn\u00e9e ou grottes venez vous amuser, vivre des exp\u00e9riences int\u00e9ressantes, d\u00e9couvrir des choses nouvelles et int\u00e9ressantes avec un bon guide. Les enfants jusqu&rsquo;\u00e0 14 ans doivent partir accompagn\u00e9s d&rsquo;un accompagnateur de leur famille.<\/p>\n<h2>Toutes sortes d&rsquo;activit\u00e9s pour les groupes<\/h2>\n<p>Nous proposons \u00e9galement des activit\u00e9s de groupe telles que des excursions d&rsquo;aventure adapt\u00e9es aux \u00e9coles et aux groupes de jeunes en qu\u00eate de divertissement, d&rsquo;aventure, de nature, de travail d&rsquo;\u00e9quipe pour d\u00e9couvrir des choses nouvelles et int\u00e9ressantes avec des guides comp\u00e9tents. Si vous consultez notre <a href=\"https:\/\/mallorca-activities.com\/actividades-diarias\/\">calendrier<\/a>, vous trouverez peut-\u00eatre d\u00e9j\u00e0 une activit\u00e9 pour vous. En tant qu&rsquo;agence, nous vous recommanderons les meilleurs h\u00e9bergements accompagn\u00e9s \u00e0 votre programme d&rsquo;aventure\u00a0: campings, <a href=\"https:\/\/hostelsoller.com\/es\/\">auberges<\/a>, refuges et 3*, 4* et 5. * <a href=\"https:\/\/www.hotelesport.com\/\">h\u00f4tels<\/a>.<\/p>\n<p>Si vous \u00eates un groupe d&rsquo;amis et que vous souhaitez r\u00e9aliser une activit\u00e9 rien que pour vous, vous pouvez nous contacter directement et nous concevrons une activit\u00e9 sp\u00e9ciale pour vous. Vous en avez assez des \u00ab licenciements uniques \u00bb typiques et vous recherchez quelque chose de diff\u00e9rent des autres. Nous y sommes et nous allons vous pr\u00e9parer une activit\u00e9 inoubliable !!!![\/vc_column_text][divider line_type=\u00a0\u00bbNo Line\u00a0\u00bb custom_height=\u00a0\u00bb30&Prime;][nectar_highlighted_text color_type=\u00a0\u00bbgradient\u00a0\u00bb highlight_color=\u00a0\u00bb#1e73be\u00a0\u00bb secondary_color=\u00a0\u00bbrgba(255,107,48,0.01)\u00a0\u00bb style=\u00a0\u00bbhalf_text\u00a0\u00bb custom_font_size=\u00a0\u00bb5vh\u00a0\u00bb delay=\u00a0\u00bb200&Prime;]\n<h2 style=\"text-align: center;\">S\u00e9lectionnez votre programme\u00a0!<\/h2>\n[\/nectar_highlighted_text][\/vc_column_inner][\/vc_row_inner][nectar_post_grid post_type=\u00a0\u00bbportfolio\u00a0\u00bb portfolio_category=\u00a0\u00bbgrupos\u00a0\u00bb order=\u00a0\u00bbDESC\u00a0\u00bb orderby=\u00a0\u00bbdate\u00a0\u00bb pagination=\u00a0\u00bbload-more\u00a0\u00bb button_color=\u00a0\u00bbaccent-color\u00a0\u00bb columns=\u00a0\u00bb3&Prime; grid_item_spacing=\u00a0\u00bb25px\u00a0\u00bb grid_item_height=\u00a0\u00bb30vh\u00a0\u00bb image_size=\u00a0\u00bblarge\u00a0\u00bb image_loading=\u00a0\u00bbdefault\u00a0\u00bb animation=\u00a0\u00bbnone\u00a0\u00bb heading_tag=\u00a0\u00bbdefault\u00a0\u00bb enable_indicator=\u00a0\u00bbyes\u00a0\u00bb mouse_indicator_style=\u00a0\u00bbdefault\u00a0\u00bb mouse_indicator_text=\u00a0\u00bbview\u00a0\u00bb mouse_indicator_color=\u00a0\u00bb#9c3c42&Prime; display_excerpt=\u00a0\u00bbyes\u00a0\u00bb grid_style=\u00a0\u00bbcontent_under_image\u00a0\u00bb content_under_image_text_align=\u00a0\u00bbleft\u00a0\u00bb text_color=\u00a0\u00bbdark\u00a0\u00bb hover_effect=\u00a0\u00bbzoom\u00a0\u00bb border_radius=\u00a0\u00bb5px\u00a0\u00bb posts_per_page=\u00a0\u00bb12&Prime;][\/vc_column][\/vc_row]\n","protected":false},"excerpt":{"rendered":"<p>[vc_row type=\u00a0\u00bbfull_width_background\u00a0\u00bb full_screen_row_position=\u00a0\u00bbmiddle\u00a0\u00bb column_margin=\u00a0\u00bbdefault\u00a0\u00bb column_direction=\u00a0\u00bbdefault\u00a0\u00bb column_direction_tablet=\u00a0\u00bbdefault\u00a0\u00bb column_direction_phone=\u00a0\u00bbdefault\u00a0\u00bb scene_position=\u00a0\u00bbcenter\u00a0\u00bb top_padding=\u00a0\u00bb5%\u00a0\u00bb bottom_padding=\u00a0\u00bb5%\u00a0\u00bb text_color=\u00a0\u00bbdark\u00a0\u00bb text_align=\u00a0\u00bbleft\u00a0\u00bb row_border_radius=\u00a0\u00bbnone\u00a0\u00bb row_border_radius_applies=\u00a0\u00bbbg\u00a0\u00bb overlay_strength=\u00a0\u00bb0.3&Prime;&#8230;<\/p>\n","protected":false},"author":1,"featured_media":0,"parent":0,"menu_order":0,"comment_status":"closed","ping_status":"closed","template":"","meta":[],"yoast_head":"<!-- This site is optimized with the Yoast SEO plugin v21.1 - https:\/\/yoast.com\/wordpress\/plugins\/seo\/ -->\n<title>Incoming Agency Mallorca - Groupes - Mallorca Activities<\/title>\n<meta name=\"description\" content=\"Mallorca Activities is an Incoming agency, specialized in groups in the sector of active tourism., like hiking, climbing and canyoning.\" \/>\n<meta name=\"robots\" content=\"index, follow, max-snippet:-1, max-image-preview:large, max-video-preview:-1\" \/>\n<link rel=\"canonical\" href=\"https:\/\/mallorca-activities.com\/fr\/groupes-dagences-receptifs\/\" \/>\n<meta property=\"og:locale\" content=\"fr_FR\" \/>\n<meta property=\"og:type\" content=\"article\" \/>\n<meta property=\"og:title\" content=\"Incoming Agency Mallorca - Groupes - Mallorca Activities\" \/>\n<meta property=\"og:description\" content=\"Mallorca Activities is an Incoming agency, specialized in groups in the sector of active tourism., like hiking, climbing and canyoning.\" \/>\n<meta property=\"og:url\" content=\"https:\/\/mallorca-activities.com\/fr\/groupes-dagences-receptifs\/\" \/>\n<meta property=\"og:site_name\" content=\"Mallorca Activities\" \/>\n<meta property=\"article:publisher\" content=\"https:\/\/www.facebook.com\/mallorcactivities33\/\" \/>\n<meta property=\"article:modified_time\" content=\"2024-07-21T13:56:51+00:00\" \/>\n<meta name=\"twitter:card\" content=\"summary_large_image\" \/>\n<meta name=\"twitter:label1\" content=\"Dur\u00e9e de lecture estim\u00e9e\" \/>\n\t<meta name=\"twitter:data1\" content=\"2 minutes\" \/>\n<script type=\"application\/ld+json\" class=\"yoast-schema-graph\">{\"@context\":\"https:\/\/schema.org\",\"@graph\":[{\"@type\":\"WebPage\",\"@id\":\"https:\/\/mallorca-activities.com\/fr\/groupes-dagences-receptifs\/\",\"url\":\"https:\/\/mallorca-activities.com\/fr\/groupes-dagences-receptifs\/\",\"name\":\"Incoming Agency Mallorca - Groupes - Mallorca Activities\",\"isPartOf\":{\"@id\":\"https:\/\/mallorca-activities.com\/fr\/#website\"},\"datePublished\":\"2020-09-15T14:08:06+00:00\",\"dateModified\":\"2024-07-21T13:56:51+00:00\",\"description\":\"Mallorca Activities is an Incoming agency, specialized in groups in the sector of active tourism., like hiking, climbing and canyoning.\",\"breadcrumb\":{\"@id\":\"https:\/\/mallorca-activities.com\/fr\/groupes-dagences-receptifs\/#breadcrumb\"},\"inLanguage\":\"fr-FR\",\"potentialAction\":[{\"@type\":\"ReadAction\",\"target\":[\"https:\/\/mallorca-activities.com\/fr\/groupes-dagences-receptifs\/\"]}]},{\"@type\":\"BreadcrumbList\",\"@id\":\"https:\/\/mallorca-activities.com\/fr\/groupes-dagences-receptifs\/#breadcrumb\",\"itemListElement\":[{\"@type\":\"ListItem\",\"position\":1,\"name\":\"Portada\",\"item\":\"https:\/\/mallorca-activities.com\/fr\/\"},{\"@type\":\"ListItem\",\"position\":2,\"name\":\"Groupes\"}]},{\"@type\":\"WebSite\",\"@id\":\"https:\/\/mallorca-activities.com\/fr\/#website\",\"url\":\"https:\/\/mallorca-activities.com\/fr\/\",\"name\":\"Mallorca Activities\",\"description\":\"Agencia de Incoming fundada en Mallorca, dedicada al deporte y eventos de aventura; donde puedes disfrutar del deporte individual\",\"publisher\":{\"@id\":\"https:\/\/mallorca-activities.com\/fr\/#organization\"},\"potentialAction\":[{\"@type\":\"SearchAction\",\"target\":{\"@type\":\"EntryPoint\",\"urlTemplate\":\"https:\/\/mallorca-activities.com\/fr\/?s={search_term_string}\"},\"query-input\":\"required name=search_term_string\"}],\"inLanguage\":\"fr-FR\"},{\"@type\":\"Organization\",\"@id\":\"https:\/\/mallorca-activities.com\/fr\/#organization\",\"name\":\"MALLORCA ACTIVITIES\",\"url\":\"https:\/\/mallorca-activities.com\/fr\/\",\"logo\":{\"@type\":\"ImageObject\",\"inLanguage\":\"fr-FR\",\"@id\":\"https:\/\/mallorca-activities.com\/fr\/#\/schema\/logo\/image\/\",\"url\":\"https:\/\/mallorca-activities.com\/wp-content\/uploads\/2020\/09\/cropped-fav-3.png\",\"contentUrl\":\"https:\/\/mallorca-activities.com\/wp-content\/uploads\/2020\/09\/cropped-fav-3.png\",\"width\":512,\"height\":512,\"caption\":\"MALLORCA ACTIVITIES\"},\"image\":{\"@id\":\"https:\/\/mallorca-activities.com\/fr\/#\/schema\/logo\/image\/\"},\"sameAs\":[\"https:\/\/www.facebook.com\/mallorcactivities33\/\"]}]}<\/script>\n<!-- \/ Yoast SEO plugin. -->","yoast_head_json":{"title":"Incoming Agency Mallorca - Groupes - Mallorca Activities","description":"Mallorca Activities is an Incoming agency, specialized in groups in the sector of active tourism., like hiking, climbing and canyoning.","robots":{"index":"index","follow":"follow","max-snippet":"max-snippet:-1","max-image-preview":"max-image-preview:large","max-video-preview":"max-video-preview:-1"},"canonical":"https:\/\/mallorca-activities.com\/fr\/groupes-dagences-receptifs\/","og_locale":"fr_FR","og_type":"article","og_title":"Incoming Agency Mallorca - Groupes - Mallorca Activities","og_description":"Mallorca Activities is an Incoming agency, specialized in groups in the sector of active tourism., like hiking, climbing and canyoning.","og_url":"https:\/\/mallorca-activities.com\/fr\/groupes-dagences-receptifs\/","og_site_name":"Mallorca Activities","article_publisher":"https:\/\/www.facebook.com\/mallorcactivities33\/","article_modified_time":"2024-07-21T13:56:51+00:00","twitter_card":"summary_large_image","twitter_misc":{"Dur\u00e9e de lecture estim\u00e9e":"2 minutes"},"schema":{"@context":"https:\/\/schema.org","@graph":[{"@type":"WebPage","@id":"https:\/\/mallorca-activities.com\/fr\/groupes-dagences-receptifs\/","url":"https:\/\/mallorca-activities.com\/fr\/groupes-dagences-receptifs\/","name":"Incoming Agency Mallorca - Groupes - Mallorca Activities","isPartOf":{"@id":"https:\/\/mallorca-activities.com\/fr\/#website"},"datePublished":"2020-09-15T14:08:06+00:00","dateModified":"2024-07-21T13:56:51+00:00","description":"Mallorca Activities is an Incoming agency, specialized in groups in the sector of active tourism., like hiking, climbing and canyoning.","breadcrumb":{"@id":"https:\/\/mallorca-activities.com\/fr\/groupes-dagences-receptifs\/#breadcrumb"},"inLanguage":"fr-FR","potentialAction":[{"@type":"ReadAction","target":["https:\/\/mallorca-activities.com\/fr\/groupes-dagences-receptifs\/"]}]},{"@type":"BreadcrumbList","@id":"https:\/\/mallorca-activities.com\/fr\/groupes-dagences-receptifs\/#breadcrumb","itemListElement":[{"@type":"ListItem","position":1,"name":"Portada","item":"https:\/\/mallorca-activities.com\/fr\/"},{"@type":"ListItem","position":2,"name":"Groupes"}]},{"@type":"WebSite","@id":"https:\/\/mallorca-activities.com\/fr\/#website","url":"https:\/\/mallorca-activities.com\/fr\/","name":"Mallorca Activities","description":"Agencia de Incoming fundada en Mallorca, dedicada al deporte y eventos de aventura; donde puedes disfrutar del deporte individual","publisher":{"@id":"https:\/\/mallorca-activities.com\/fr\/#organization"},"potentialAction":[{"@type":"SearchAction","target":{"@type":"EntryPoint","urlTemplate":"https:\/\/mallorca-activities.com\/fr\/?s={search_term_string}"},"query-input":"required name=search_term_string"}],"inLanguage":"fr-FR"},{"@type":"Organization","@id":"https:\/\/mallorca-activities.com\/fr\/#organization","name":"MALLORCA ACTIVITIES","url":"https:\/\/mallorca-activities.com\/fr\/","logo":{"@type":"ImageObject","inLanguage":"fr-FR","@id":"https:\/\/mallorca-activities.com\/fr\/#\/schema\/logo\/image\/","url":"https:\/\/mallorca-activities.com\/wp-content\/uploads\/2020\/09\/cropped-fav-3.png","contentUrl":"https:\/\/mallorca-activities.com\/wp-content\/uploads\/2020\/09\/cropped-fav-3.png","width":512,"height":512,"caption":"MALLORCA ACTIVITIES"},"image":{"@id":"https:\/\/mallorca-activities.com\/fr\/#\/schema\/logo\/image\/"},"sameAs":["https:\/\/www.facebook.com\/mallorcactivities33\/"]}]}},"_links":{"self":[{"href":"https:\/\/mallorca-activities.com\/fr\/wp-json\/wp\/v2\/pages\/4939"}],"collection":[{"href":"https:\/\/mallorca-activities.com\/fr\/wp-json\/wp\/v2\/pages"}],"about":[{"href":"https:\/\/mallorca-activities.com\/fr\/wp-json\/wp\/v2\/types\/page"}],"author":[{"embeddable":true,"href":"https:\/\/mallorca-activities.com\/fr\/wp-json\/wp\/v2\/users\/1"}],"replies":[{"embeddable":true,"href":"https:\/\/mallorca-activities.com\/fr\/wp-json\/wp\/v2\/comments?post=4939"}],"version-history":[{"count":2,"href":"https:\/\/mallorca-activities.com\/fr\/wp-json\/wp\/v2\/pages\/4939\/revisions"}],"predecessor-version":[{"id":4941,"href":"https:\/\/mallorca-activities.com\/fr\/wp-json\/wp\/v2\/pages\/4939\/revisions\/4941"}],"wp:attachment":[{"href":"https:\/\/mallorca-activities.com\/fr\/wp-json\/wp\/v2\/media?parent=4939"}],"curies":[{"name":"wp","href":"https:\/\/api.w.org\/{rel}","templated":true}]}}