{"id":4937,"date":"2020-09-17T10:09:25","date_gmt":"2020-09-17T08:09:25","guid":{"rendered":"https:\/\/mallorca-activities.com\/politica-de-cookies\/"},"modified":"2024-07-21T15:54:05","modified_gmt":"2024-07-21T13:54:05","slug":"politique-en-matiere-de-cookies","status":"publish","type":"page","link":"https:\/\/mallorca-activities.com\/fr\/politique-en-matiere-de-cookies\/","title":{"rendered":"Politique en mati\u00e8re de cookies"},"content":{"rendered":"<p>Qu&rsquo;est-ce qu&rsquo;un cookie ?<\/p>\n<p>Un cookie est un fichier qui est t\u00e9l\u00e9charg\u00e9 sur un appareil (ordinateur ou t\u00e9l\u00e9phone mobile) pour acc\u00e9der aux pages Web d\u00e9termin\u00e9es. Les cookies permettent d&rsquo;ouvrir une page Web, entre autres, de stocker et de r\u00e9cup\u00e9rer des informations sur les habitudes de navigation d&rsquo;un utilisateur ou d&rsquo;un \u00e9quipement, en fonction des informations contenues et de la forme utilis\u00e9e par votre \u00e9quipement, que vous pouvez utiliser pour reconna\u00eetre. \u00e0 l&rsquo;utilisateur.<\/p>\n<p>Cookies utilis\u00e9s sur cette page Web<\/p>\n<ul>\n<li>Cookies de s\u00e9curit\u00e9\u00a0: permettent l&rsquo;authentification des utilisateurs pour prot\u00e9ger les donn\u00e9es avant des tiers non autoris\u00e9s.<\/li>\n<li>Cookies analytiques\u00a0: ils permettent au responsable du suivi et de l&rsquo;analyse du comportement des utilisateurs de la page Web.<\/li>\n<li>Cookies de session\u00a0: c&rsquo;est un type de cookies con\u00e7u pour enregistrer et enregistrer les donn\u00e9es lorsque l&rsquo;utilisateur acc\u00e8de \u00e0 la page Web.<\/li>\n<li>Cookies persistants\u00a0: il s&rsquo;agit d&rsquo;un type de cookies dans lequel les donn\u00e9es sont enregistr\u00e9es dans le terminal et peuvent \u00eatre accept\u00e9es et trait\u00e9es pendant une p\u00e9riode d\u00e9finie par le responsable du cookie.<\/li>\n<\/ul>\n<p>Bloquear et borrar cookies<\/p>\n<p>Vous pouvez permettre de bloquer ou d&rsquo;\u00e9liminer les cookies install\u00e9s sur votre \u00e9quipement via la configuration des options du navigateur install\u00e9 sur votre ordinateur.<br \/>\n\u00d8 Pour plus d&rsquo;informations sur la fa\u00e7on de bloquer et de supprimer l&rsquo;utilisation des cookies avec le navigateur Firefox Pulse\u00a0<a href=\"https:\/\/support.mozilla.org\/es\/kb\/impedir-que-los-sitios-web-guarden- sus-preferencia\">ici\u00a0<\/a>.<br \/>\n\u00d8 Pour plus d&rsquo;informations sur la fa\u00e7on de bloquer et de supprimer l&rsquo;utilisation des cookies sur le navigateur de Google Chrome\u00a0<a href=\"https:\/\/support.google.com\/chrome\/answer\/95647?hl=es\">ici\u00a0<\/ une>.<br \/>\n\u00d8 Pour plus d&rsquo;informations sur la fa\u00e7on de bloquer et de supprimer l&rsquo;utilisation des cookies avec le navigateur Internet Explorer pulse\u00a0<a href=\"http:\/\/windows.microsoft.com\/es-es\/windows7\/how-to-manage-cookies-in -internet-explorer-9\">ici\u00a0<\/a>.<\/p>\n<p>D\u00e9tails des cookies<\/p>\n<table border=\"1\" width=\"1160\" cellpacing=\"0\" cellpadding=\"0\">\n<corps><\/p>\n<tr>\n<td width=\"88\">NOMBRE<\/td>\n<td width=\"179\">TIPO\/FINALIT\u00c9<\/td>\n<td width=\"97\">CADUCIT\u00c9<\/td>\n<td width=\"90\">TITULAIRE<\/td>\n<td width=\"127\"> PLUS D&rsquo;INFORMATIONS<\/td>\n<\/tr>\n<tr>\n<td width=\"88\">SID<\/td>\n<td width=\"179\">Cookie de s\u00e9curit\u00e9<\/td>\n<td width=\"97\">Pour finaliser la session de navigation<\/td>\n<td width=\"90\">Google<\/td>\n<td width=\"127\"><a href=\"http:\/\/www.google.com\/intl\/es\/policies\/privacy\/\">Politique de confidentialit\u00e9 de Google<\/a><\/td>\n<\/tr>\n<tr>\n<td width=\"88\">__utma<\/td>\n<td width=\"179\">Analyse des cookies\u00a0: enregistrement des informations relatives aux visites de l&rsquo;utilisateur sur la page Web.<\/td>\n<td width=\"97\">En deux ans<\/td>\n<td width=\"90\">Google\u00a0Analytics<\/td>\n<td width=\"127\"><a href=\"http:\/\/www.google.com\/intl\/es\/policies\/privacy\/\">Politique de confidentialit\u00e9 de Google<\/a><\/td>\n<\/tr>\n<tr>\n<td width=\"88\">__utmb<\/td>\n<td width=\"179\">Analyse des cookies\u00a0: collecte d&rsquo;informations \u00e0 l&rsquo;heure actuelle par l&rsquo;utilisateur sur la page Web.<\/td>\n<td width=\"97\">Dans 30 minutes<\/td>\n<td width=\"90\">Google\u00a0Analytics<\/td>\n<td width=\"127\"><a href=\"http:\/\/www.google.com\/intl\/es\/policies\/privacy\/\">Politique de confidentialit\u00e9 de Google<\/a><\/td>\n<\/tr>\n<tr>\n<td width=\"88\">__utmc<\/td>\n<td width=\"179\">Analyse des cookies\u00a0:\u00a0reconnaissance des informations du moment lors de la vente par l&rsquo;utilisateur de la page Web<\/td>\n<td width=\"97\">Pour finaliser la session du navigateur<\/td>\n<td width=\"90\">Google\u00a0Analytics<\/td>\n<td width=\"127\"><a href=\"http:\/\/www.google.com\/intl\/es\/policies\/privacy\/\">Politique de confidentialit\u00e9 de Google<\/a><\/td>\n<\/tr>\n<tr>\n<td width=\"88\">__utmz<\/td>\n<td width=\"179\">Analyse des cookies\u00a0: reconna\u00eetre comment j&rsquo;ai rencontr\u00e9 l&rsquo;utilisateur sur la page Web.<\/td>\n<td width=\"97\">En 6 mois<\/td>\n<td width=\"90\">Google\u00a0Analytics<\/td>\n<td width=\"127\"><a href=\"http:\/\/www.google.com\/intl\/es\/policies\/privacy\/\">Politique de confidentialit\u00e9 de Google<\/a><\/td>\n<\/tr>\n<\/tbody>\n<\/table>\n","protected":false},"excerpt":{"rendered":"<p>Qu&rsquo;est-ce qu&rsquo;un cookie ? Un cookie est un fichier qui est t\u00e9l\u00e9charg\u00e9 sur un appareil&#8230;<\/p>\n","protected":false},"author":1,"featured_media":0,"parent":0,"menu_order":0,"comment_status":"closed","ping_status":"closed","template":"","meta":[],"yoast_head":"<!-- This site is optimized with the Yoast SEO plugin v21.1 - https:\/\/yoast.com\/wordpress\/plugins\/seo\/ -->\n<title>Politique en mati\u00e8re de cookies - Mallorca Activities<\/title>\n<meta name=\"robots\" content=\"index, follow, max-snippet:-1, max-image-preview:large, max-video-preview:-1\" \/>\n<link rel=\"canonical\" href=\"https:\/\/mallorca-activities.com\/fr\/politique-en-matiere-de-cookies\/\" \/>\n<meta property=\"og:locale\" content=\"fr_FR\" \/>\n<meta property=\"og:type\" content=\"article\" \/>\n<meta property=\"og:title\" content=\"Politique en mati\u00e8re de cookies - Mallorca Activities\" \/>\n<meta property=\"og:description\" content=\"Qu&rsquo;est-ce qu&rsquo;un cookie ? Un cookie est un fichier qui est t\u00e9l\u00e9charg\u00e9 sur un appareil...\" \/>\n<meta property=\"og:url\" content=\"https:\/\/mallorca-activities.com\/fr\/politique-en-matiere-de-cookies\/\" \/>\n<meta property=\"og:site_name\" content=\"Mallorca Activities\" \/>\n<meta property=\"article:publisher\" content=\"https:\/\/www.facebook.com\/mallorcactivities33\/\" \/>\n<meta property=\"article:modified_time\" content=\"2024-07-21T13:54:05+00:00\" \/>\n<meta name=\"twitter:card\" content=\"summary_large_image\" \/>\n<meta name=\"twitter:label1\" content=\"Dur\u00e9e de lecture estim\u00e9e\" \/>\n\t<meta name=\"twitter:data1\" content=\"2 minutes\" \/>\n<script type=\"application\/ld+json\" class=\"yoast-schema-graph\">{\"@context\":\"https:\/\/schema.org\",\"@graph\":[{\"@type\":\"WebPage\",\"@id\":\"https:\/\/mallorca-activities.com\/fr\/politique-en-matiere-de-cookies\/\",\"url\":\"https:\/\/mallorca-activities.com\/fr\/politique-en-matiere-de-cookies\/\",\"name\":\"Politique en mati\u00e8re de cookies - Mallorca Activities\",\"isPartOf\":{\"@id\":\"https:\/\/mallorca-activities.com\/fr\/#website\"},\"datePublished\":\"2020-09-17T08:09:25+00:00\",\"dateModified\":\"2024-07-21T13:54:05+00:00\",\"breadcrumb\":{\"@id\":\"https:\/\/mallorca-activities.com\/fr\/politique-en-matiere-de-cookies\/#breadcrumb\"},\"inLanguage\":\"fr-FR\",\"potentialAction\":[{\"@type\":\"ReadAction\",\"target\":[\"https:\/\/mallorca-activities.com\/fr\/politique-en-matiere-de-cookies\/\"]}]},{\"@type\":\"BreadcrumbList\",\"@id\":\"https:\/\/mallorca-activities.com\/fr\/politique-en-matiere-de-cookies\/#breadcrumb\",\"itemListElement\":[{\"@type\":\"ListItem\",\"position\":1,\"name\":\"Portada\",\"item\":\"https:\/\/mallorca-activities.com\/fr\/\"},{\"@type\":\"ListItem\",\"position\":2,\"name\":\"Politique en mati\u00e8re de cookies\"}]},{\"@type\":\"WebSite\",\"@id\":\"https:\/\/mallorca-activities.com\/fr\/#website\",\"url\":\"https:\/\/mallorca-activities.com\/fr\/\",\"name\":\"Mallorca Activities\",\"description\":\"Agencia de Incoming fundada en Mallorca, dedicada al deporte y eventos de aventura; donde puedes disfrutar del deporte individual\",\"publisher\":{\"@id\":\"https:\/\/mallorca-activities.com\/fr\/#organization\"},\"potentialAction\":[{\"@type\":\"SearchAction\",\"target\":{\"@type\":\"EntryPoint\",\"urlTemplate\":\"https:\/\/mallorca-activities.com\/fr\/?s={search_term_string}\"},\"query-input\":\"required name=search_term_string\"}],\"inLanguage\":\"fr-FR\"},{\"@type\":\"Organization\",\"@id\":\"https:\/\/mallorca-activities.com\/fr\/#organization\",\"name\":\"MALLORCA ACTIVITIES\",\"url\":\"https:\/\/mallorca-activities.com\/fr\/\",\"logo\":{\"@type\":\"ImageObject\",\"inLanguage\":\"fr-FR\",\"@id\":\"https:\/\/mallorca-activities.com\/fr\/#\/schema\/logo\/image\/\",\"url\":\"https:\/\/mallorca-activities.com\/wp-content\/uploads\/2020\/09\/cropped-fav-3.png\",\"contentUrl\":\"https:\/\/mallorca-activities.com\/wp-content\/uploads\/2020\/09\/cropped-fav-3.png\",\"width\":512,\"height\":512,\"caption\":\"MALLORCA ACTIVITIES\"},\"image\":{\"@id\":\"https:\/\/mallorca-activities.com\/fr\/#\/schema\/logo\/image\/\"},\"sameAs\":[\"https:\/\/www.facebook.com\/mallorcactivities33\/\"]}]}<\/script>\n<!-- \/ Yoast SEO plugin. -->","yoast_head_json":{"title":"Politique en mati\u00e8re de cookies - Mallorca Activities","robots":{"index":"index","follow":"follow","max-snippet":"max-snippet:-1","max-image-preview":"max-image-preview:large","max-video-preview":"max-video-preview:-1"},"canonical":"https:\/\/mallorca-activities.com\/fr\/politique-en-matiere-de-cookies\/","og_locale":"fr_FR","og_type":"article","og_title":"Politique en mati\u00e8re de cookies - Mallorca Activities","og_description":"Qu&rsquo;est-ce qu&rsquo;un cookie ? Un cookie est un fichier qui est t\u00e9l\u00e9charg\u00e9 sur un appareil...","og_url":"https:\/\/mallorca-activities.com\/fr\/politique-en-matiere-de-cookies\/","og_site_name":"Mallorca Activities","article_publisher":"https:\/\/www.facebook.com\/mallorcactivities33\/","article_modified_time":"2024-07-21T13:54:05+00:00","twitter_card":"summary_large_image","twitter_misc":{"Dur\u00e9e de lecture estim\u00e9e":"2 minutes"},"schema":{"@context":"https:\/\/schema.org","@graph":[{"@type":"WebPage","@id":"https:\/\/mallorca-activities.com\/fr\/politique-en-matiere-de-cookies\/","url":"https:\/\/mallorca-activities.com\/fr\/politique-en-matiere-de-cookies\/","name":"Politique en mati\u00e8re de cookies - Mallorca Activities","isPartOf":{"@id":"https:\/\/mallorca-activities.com\/fr\/#website"},"datePublished":"2020-09-17T08:09:25+00:00","dateModified":"2024-07-21T13:54:05+00:00","breadcrumb":{"@id":"https:\/\/mallorca-activities.com\/fr\/politique-en-matiere-de-cookies\/#breadcrumb"},"inLanguage":"fr-FR","potentialAction":[{"@type":"ReadAction","target":["https:\/\/mallorca-activities.com\/fr\/politique-en-matiere-de-cookies\/"]}]},{"@type":"BreadcrumbList","@id":"https:\/\/mallorca-activities.com\/fr\/politique-en-matiere-de-cookies\/#breadcrumb","itemListElement":[{"@type":"ListItem","position":1,"name":"Portada","item":"https:\/\/mallorca-activities.com\/fr\/"},{"@type":"ListItem","position":2,"name":"Politique en mati\u00e8re de cookies"}]},{"@type":"WebSite","@id":"https:\/\/mallorca-activities.com\/fr\/#website","url":"https:\/\/mallorca-activities.com\/fr\/","name":"Mallorca Activities","description":"Agencia de Incoming fundada en Mallorca, dedicada al deporte y eventos de aventura; donde puedes disfrutar del deporte individual","publisher":{"@id":"https:\/\/mallorca-activities.com\/fr\/#organization"},"potentialAction":[{"@type":"SearchAction","target":{"@type":"EntryPoint","urlTemplate":"https:\/\/mallorca-activities.com\/fr\/?s={search_term_string}"},"query-input":"required name=search_term_string"}],"inLanguage":"fr-FR"},{"@type":"Organization","@id":"https:\/\/mallorca-activities.com\/fr\/#organization","name":"MALLORCA ACTIVITIES","url":"https:\/\/mallorca-activities.com\/fr\/","logo":{"@type":"ImageObject","inLanguage":"fr-FR","@id":"https:\/\/mallorca-activities.com\/fr\/#\/schema\/logo\/image\/","url":"https:\/\/mallorca-activities.com\/wp-content\/uploads\/2020\/09\/cropped-fav-3.png","contentUrl":"https:\/\/mallorca-activities.com\/wp-content\/uploads\/2020\/09\/cropped-fav-3.png","width":512,"height":512,"caption":"MALLORCA ACTIVITIES"},"image":{"@id":"https:\/\/mallorca-activities.com\/fr\/#\/schema\/logo\/image\/"},"sameAs":["https:\/\/www.facebook.com\/mallorcactivities33\/"]}]}},"_links":{"self":[{"href":"https:\/\/mallorca-activities.com\/fr\/wp-json\/wp\/v2\/pages\/4937"}],"collection":[{"href":"https:\/\/mallorca-activities.com\/fr\/wp-json\/wp\/v2\/pages"}],"about":[{"href":"https:\/\/mallorca-activities.com\/fr\/wp-json\/wp\/v2\/types\/page"}],"author":[{"embeddable":true,"href":"https:\/\/mallorca-activities.com\/fr\/wp-json\/wp\/v2\/users\/1"}],"replies":[{"embeddable":true,"href":"https:\/\/mallorca-activities.com\/fr\/wp-json\/wp\/v2\/comments?post=4937"}],"version-history":[{"count":1,"href":"https:\/\/mallorca-activities.com\/fr\/wp-json\/wp\/v2\/pages\/4937\/revisions"}],"predecessor-version":[{"id":4938,"href":"https:\/\/mallorca-activities.com\/fr\/wp-json\/wp\/v2\/pages\/4937\/revisions\/4938"}],"wp:attachment":[{"href":"https:\/\/mallorca-activities.com\/fr\/wp-json\/wp\/v2\/media?parent=4937"}],"curies":[{"name":"wp","href":"https:\/\/api.w.org\/{rel}","templated":true}]}}