{"id":4922,"date":"2020-09-10T11:45:38","date_gmt":"2020-09-10T09:45:38","guid":{"rendered":"https:\/\/mallorca-activities.com\/daily-activities-mallorca\/"},"modified":"2024-07-21T15:44:26","modified_gmt":"2024-07-21T13:44:26","slug":"activites-majorque","status":"publish","type":"page","link":"https:\/\/mallorca-activities.com\/fr\/activites-majorque\/","title":{"rendered":"Activit\u00e9s Majorque"},"content":{"rendered":"[vc_row type=\u00a0\u00bbin_container\u00a0\u00bb full_screen_row_position=\u00a0\u00bbmiddle\u00a0\u00bb column_margin=\u00a0\u00bbdefault\u00a0\u00bb column_direction=\u00a0\u00bbdefault\u00a0\u00bb column_direction_tablet=\u00a0\u00bbdefault\u00a0\u00bb column_direction_phone=\u00a0\u00bbdefault\u00a0\u00bb scene_position=\u00a0\u00bbcenter\u00a0\u00bb top_padding=\u00a0\u00bb5%\u00a0\u00bb bottom_padding=\u00a0\u00bb5%\u00a0\u00bb text_color=\u00a0\u00bbdark\u00a0\u00bb text_align=\u00a0\u00bbleft\u00a0\u00bb row_border_radius=\u00a0\u00bbnone\u00a0\u00bb row_border_radius_applies=\u00a0\u00bbbg\u00a0\u00bb overlay_strength=\u00a0\u00bb0.3&Prime; gradient_direction=\u00a0\u00bbleft_to_right\u00a0\u00bb shape_divider_position=\u00a0\u00bbbottom\u00a0\u00bb bg_image_animation=\u00a0\u00bbnone\u00a0\u00bb shape_type=\u00a0\u00bb\u00a0\u00bb][vc_column column_padding=\u00a0\u00bbno-extra-padding\u00a0\u00bb column_padding_tablet=\u00a0\u00bbinherit\u00a0\u00bb column_padding_phone=\u00a0\u00bbinherit\u00a0\u00bb column_padding_position=\u00a0\u00bball\u00a0\u00bb background_color_opacity=\u00a0\u00bb1&Prime; background_hover_color_opacity=\u00a0\u00bb1&Prime; column_shadow=\u00a0\u00bbnone\u00a0\u00bb column_border_radius=\u00a0\u00bbnone\u00a0\u00bb column_link_target=\u00a0\u00bb_self\u00a0\u00bb gradient_direction=\u00a0\u00bbleft_to_right\u00a0\u00bb overlay_strength=\u00a0\u00bb0.3&Prime; width=\u00a0\u00bb1\/1&Prime; tablet_width_inherit=\u00a0\u00bbdefault\u00a0\u00bb tablet_text_alignment=\u00a0\u00bbdefault\u00a0\u00bb phone_text_alignment=\u00a0\u00bbdefault\u00a0\u00bb column_border_width=\u00a0\u00bbnone\u00a0\u00bb column_border_style=\u00a0\u00bbsolid\u00a0\u00bb bg_image_animation=\u00a0\u00bbnone\u00a0\u00bb][vc_column_text]\n<p id=\"tw-target-text\" class=\"tw-data-text tw-text-large tw-ta\" dir=\"ltr\" data-placeholder=\"Traducci\u00f3n\" aria-label=\"Texto traducido\" data-=\"\"><span class=\"Y2IQFc\" lang=\"fr\">Nous proposons les activit\u00e9s suivantes \u00e0 Majorque : randonn\u00e9e, escalade, canyoning, coasteering, kayak. Nous proposons \u00e9galement des visites quotidiennes depuis\/vers le port de S\u00f3ller. Veuillez nous envoyer un e-mail \u00e0\u00a0: <strong>reservas@mallorca-activities.com<\/strong> et nous cr\u00e9erons une offre individuelle pour vous.<\/span><\/p>\n<p class=\"tw-data-text tw-text-large XcVN5d tw-ta\" dir=\"ltr\" data-placeholder=\"Traducci\u00f3n\"><span lang=\"fr\">Mallorca Activities propose des activit\u00e9s en petits groupes telles que le \u00ab\u00a0stage escalade\u00a0\u00bb, l&rsquo;activit\u00e9 est d\u00e9j\u00e0 incluse 2 personnes confirm\u00e9es. Le guide peut se consacrer \u00e0 chaque participant au cours. <\/span><\/p>\n<p dir=\"ltr\" data-placeholder=\"\u00dcbersetzung\">Toutes les activit\u00e9s quotidiennes sont des \u00ab\u00a0groupes ouverts\u00a0\u00bb et il est donc possible que les clients viennent de diff\u00e9rents pays et parlent diff\u00e9rentes langues. Mais tous nos guides locaux parlent anglais. Si vous souhaitez une visite guid\u00e9e dans votre propre langue (allemand, fran\u00e7ais, su\u00e9dois, norv\u00e9gien), vous devez mettre \u00ab\u00a0observation\u00a0\u00bb directement lors de la r\u00e9servation.<\/p>\n[\/vc_column_text][\/vc_column][\/vc_row][vc_row type=\u00a0\u00bbin_container\u00a0\u00bb full_screen_row_position=\u00a0\u00bbmiddle\u00a0\u00bb column_margin=\u00a0\u00bbdefault\u00a0\u00bb column_direction=\u00a0\u00bbdefault\u00a0\u00bb column_direction_tablet=\u00a0\u00bbdefault\u00a0\u00bb column_direction_phone=\u00a0\u00bbdefault\u00a0\u00bb scene_position=\u00a0\u00bbcenter\u00a0\u00bb text_color=\u00a0\u00bbdark\u00a0\u00bb text_align=\u00a0\u00bbleft\u00a0\u00bb row_border_radius=\u00a0\u00bbnone\u00a0\u00bb row_border_radius_applies=\u00a0\u00bbbg\u00a0\u00bb overlay_strength=\u00a0\u00bb0.3&Prime; gradient_direction=\u00a0\u00bbleft_to_right\u00a0\u00bb shape_divider_position=\u00a0\u00bbbottom\u00a0\u00bb bg_image_animation=\u00a0\u00bbnone\u00a0\u00bb][vc_column column_padding=\u00a0\u00bbno-extra-padding\u00a0\u00bb column_padding_tablet=\u00a0\u00bbinherit\u00a0\u00bb column_padding_phone=\u00a0\u00bbinherit\u00a0\u00bb column_padding_position=\u00a0\u00bball\u00a0\u00bb background_color_opacity=\u00a0\u00bb1&Prime; background_hover_color_opacity=\u00a0\u00bb1&Prime; column_shadow=\u00a0\u00bbnone\u00a0\u00bb column_border_radius=\u00a0\u00bbnone\u00a0\u00bb column_link_target=\u00a0\u00bb_self\u00a0\u00bb gradient_direction=\u00a0\u00bbleft_to_right\u00a0\u00bb overlay_strength=\u00a0\u00bb0.3&Prime; width=\u00a0\u00bb1\/1&Prime; tablet_width_inherit=\u00a0\u00bbdefault\u00a0\u00bb tablet_text_alignment=\u00a0\u00bbdefault\u00a0\u00bb phone_text_alignment=\u00a0\u00bbdefault\u00a0\u00bb column_border_width=\u00a0\u00bbnone\u00a0\u00bb column_border_style=\u00a0\u00bbsolid\u00a0\u00bb bg_image_animation=\u00a0\u00bbnone\u00a0\u00bb][vc_column_text]\n<p class=\"tw-data-text tw-text-large XcVN5d tw-ta\" dir=\"ltr\" data-placeholder=\"Traducci\u00f3n\"><span lang=\"fr\">Les clients qui effectuent une \u00ab\u00a0r\u00e9servation en ligne\u00a0\u00bb recevoir un email de confirmation automatique. Si vous avez des questions, vous pouvez r\u00e9pondre directement au m\u00eame e-mail. Lors de l&rsquo;achat en ligne, les clients acceptent automatiquement <a href=\"https:\/\/mallorca-activities.com\/en\/terms-and-condicions\/\">nos conditions g\u00e9n\u00e9rales<\/a> que nous avons pour nos activit\u00e9s quotidiennes en Majorque.<br \/>\n<\/span><\/p>\n<p class=\"tw-data-text tw-text-large XcVN5d tw-ta\" dir=\"ltr\" data-placeholder=\"Traducci\u00f3n\"><span lang=\"fr\">Toutes les activit\u00e9s de plein air d\u00e9pendent de la m\u00e9t\u00e9o. Si en cas de mauvais temps, l&rsquo;activit\u00e9 ne peut avoir lieu, le remboursement int\u00e9gral du montant r\u00e9serv\u00e9 sera effectu\u00e9 imm\u00e9diatement. Vous pouvez consulter les pr\u00e9visions m\u00e9t\u00e9orologiques <a href=\"http:\/\/www.aemet.es\/en\/eltiempo\/prediccion\/municipios\/horas\/alaro-id07001\">ici<\/a>.<\/span><\/p>\n[\/vc_column_text][\/vc_column][\/vc_row]\n","protected":false},"excerpt":{"rendered":"<p>[vc_row type=\u00a0\u00bbin_container\u00a0\u00bb full_screen_row_position=\u00a0\u00bbmiddle\u00a0\u00bb column_margin=\u00a0\u00bbdefault\u00a0\u00bb column_direction=\u00a0\u00bbdefault\u00a0\u00bb column_direction_tablet=\u00a0\u00bbdefault\u00a0\u00bb column_direction_phone=\u00a0\u00bbdefault\u00a0\u00bb scene_position=\u00a0\u00bbcenter\u00a0\u00bb top_padding=\u00a0\u00bb5%\u00a0\u00bb bottom_padding=\u00a0\u00bb5%\u00a0\u00bb text_color=\u00a0\u00bbdark\u00a0\u00bb text_align=\u00a0\u00bbleft\u00a0\u00bb row_border_radius=\u00a0\u00bbnone\u00a0\u00bb row_border_radius_applies=\u00a0\u00bbbg\u00a0\u00bb overlay_strength=\u00a0\u00bb0.3&Prime;&#8230;<\/p>\n","protected":false},"author":1,"featured_media":4923,"parent":0,"menu_order":0,"comment_status":"closed","ping_status":"closed","template":"","meta":[],"yoast_head":"<!-- This site is optimized with the Yoast SEO plugin v21.1 - https:\/\/yoast.com\/wordpress\/plugins\/seo\/ -->\n<title>Daily Activit\u00e9s Majorque - Mallorca Activities - Soller, Pollensa, Alcudia,<\/title>\n<meta name=\"description\" content=\"Daily Activities in Mallorca like , the Torrente de Pareis, Hiking, Rockclimbing, Canyoning, Coasteering, Kayak or Teambuilding\" \/>\n<meta name=\"robots\" content=\"index, follow, max-snippet:-1, max-image-preview:large, max-video-preview:-1\" \/>\n<link rel=\"canonical\" href=\"https:\/\/mallorca-activities.com\/fr\/activites-majorque\/\" \/>\n<meta property=\"og:locale\" content=\"fr_FR\" \/>\n<meta property=\"og:type\" content=\"article\" \/>\n<meta property=\"og:title\" content=\"Daily Activit\u00e9s Majorque - Mallorca Activities - Soller, Pollensa, Alcudia,\" \/>\n<meta property=\"og:description\" content=\"Daily Activities in Mallorca like , the Torrente de Pareis, Hiking, Rockclimbing, Canyoning, Coasteering, Kayak or Teambuilding\" \/>\n<meta property=\"og:url\" content=\"https:\/\/mallorca-activities.com\/fr\/activites-majorque\/\" \/>\n<meta property=\"og:site_name\" content=\"Mallorca Activities\" \/>\n<meta property=\"article:publisher\" content=\"https:\/\/www.facebook.com\/mallorcactivities33\/\" \/>\n<meta property=\"article:modified_time\" content=\"2024-07-21T13:44:26+00:00\" \/>\n<meta property=\"og:image\" content=\"https:\/\/mallorca-activities.com\/wp-content\/uploads\/2020\/10\/IMG_1279-scaled.jpg\" \/>\n\t<meta property=\"og:image:width\" content=\"2560\" \/>\n\t<meta property=\"og:image:height\" content=\"1920\" \/>\n\t<meta property=\"og:image:type\" content=\"image\/jpeg\" \/>\n<meta name=\"twitter:card\" content=\"summary_large_image\" \/>\n<meta name=\"twitter:label1\" content=\"Dur\u00e9e de lecture estim\u00e9e\" \/>\n\t<meta name=\"twitter:data1\" content=\"2 minutes\" \/>\n<script type=\"application\/ld+json\" class=\"yoast-schema-graph\">{\"@context\":\"https:\/\/schema.org\",\"@graph\":[{\"@type\":\"WebPage\",\"@id\":\"https:\/\/mallorca-activities.com\/fr\/activites-majorque\/\",\"url\":\"https:\/\/mallorca-activities.com\/fr\/activites-majorque\/\",\"name\":\"Daily Activit\u00e9s Majorque - Mallorca Activities - Soller, Pollensa, Alcudia,\",\"isPartOf\":{\"@id\":\"https:\/\/mallorca-activities.com\/fr\/#website\"},\"datePublished\":\"2020-09-10T09:45:38+00:00\",\"dateModified\":\"2024-07-21T13:44:26+00:00\",\"description\":\"Daily Activities in Mallorca like , the Torrente de Pareis, Hiking, Rockclimbing, Canyoning, Coasteering, Kayak or Teambuilding\",\"breadcrumb\":{\"@id\":\"https:\/\/mallorca-activities.com\/fr\/activites-majorque\/#breadcrumb\"},\"inLanguage\":\"fr-FR\",\"potentialAction\":[{\"@type\":\"ReadAction\",\"target\":[\"https:\/\/mallorca-activities.com\/fr\/activites-majorque\/\"]}]},{\"@type\":\"BreadcrumbList\",\"@id\":\"https:\/\/mallorca-activities.com\/fr\/activites-majorque\/#breadcrumb\",\"itemListElement\":[{\"@type\":\"ListItem\",\"position\":1,\"name\":\"Portada\",\"item\":\"https:\/\/mallorca-activities.com\/fr\/\"},{\"@type\":\"ListItem\",\"position\":2,\"name\":\"Activit\u00e9s Majorque\"}]},{\"@type\":\"WebSite\",\"@id\":\"https:\/\/mallorca-activities.com\/fr\/#website\",\"url\":\"https:\/\/mallorca-activities.com\/fr\/\",\"name\":\"Mallorca Activities\",\"description\":\"Agencia de Incoming fundada en Mallorca, dedicada al deporte y eventos de aventura; donde puedes disfrutar del deporte individual\",\"publisher\":{\"@id\":\"https:\/\/mallorca-activities.com\/fr\/#organization\"},\"potentialAction\":[{\"@type\":\"SearchAction\",\"target\":{\"@type\":\"EntryPoint\",\"urlTemplate\":\"https:\/\/mallorca-activities.com\/fr\/?s={search_term_string}\"},\"query-input\":\"required name=search_term_string\"}],\"inLanguage\":\"fr-FR\"},{\"@type\":\"Organization\",\"@id\":\"https:\/\/mallorca-activities.com\/fr\/#organization\",\"name\":\"MALLORCA ACTIVITIES\",\"url\":\"https:\/\/mallorca-activities.com\/fr\/\",\"logo\":{\"@type\":\"ImageObject\",\"inLanguage\":\"fr-FR\",\"@id\":\"https:\/\/mallorca-activities.com\/fr\/#\/schema\/logo\/image\/\",\"url\":\"https:\/\/mallorca-activities.com\/wp-content\/uploads\/2020\/09\/cropped-fav-3.png\",\"contentUrl\":\"https:\/\/mallorca-activities.com\/wp-content\/uploads\/2020\/09\/cropped-fav-3.png\",\"width\":512,\"height\":512,\"caption\":\"MALLORCA ACTIVITIES\"},\"image\":{\"@id\":\"https:\/\/mallorca-activities.com\/fr\/#\/schema\/logo\/image\/\"},\"sameAs\":[\"https:\/\/www.facebook.com\/mallorcactivities33\/\"]}]}<\/script>\n<!-- \/ Yoast SEO plugin. -->","yoast_head_json":{"title":"Daily Activit\u00e9s Majorque - Mallorca Activities - Soller, Pollensa, Alcudia,","description":"Daily Activities in Mallorca like , the Torrente de Pareis, Hiking, Rockclimbing, Canyoning, Coasteering, Kayak or Teambuilding","robots":{"index":"index","follow":"follow","max-snippet":"max-snippet:-1","max-image-preview":"max-image-preview:large","max-video-preview":"max-video-preview:-1"},"canonical":"https:\/\/mallorca-activities.com\/fr\/activites-majorque\/","og_locale":"fr_FR","og_type":"article","og_title":"Daily Activit\u00e9s Majorque - Mallorca Activities - Soller, Pollensa, Alcudia,","og_description":"Daily Activities in Mallorca like , the Torrente de Pareis, Hiking, Rockclimbing, Canyoning, Coasteering, Kayak or Teambuilding","og_url":"https:\/\/mallorca-activities.com\/fr\/activites-majorque\/","og_site_name":"Mallorca Activities","article_publisher":"https:\/\/www.facebook.com\/mallorcactivities33\/","article_modified_time":"2024-07-21T13:44:26+00:00","og_image":[{"width":2560,"height":1920,"url":"https:\/\/mallorca-activities.com\/wp-content\/uploads\/2020\/10\/IMG_1279-scaled.jpg","type":"image\/jpeg"}],"twitter_card":"summary_large_image","twitter_misc":{"Dur\u00e9e de lecture estim\u00e9e":"2 minutes"},"schema":{"@context":"https:\/\/schema.org","@graph":[{"@type":"WebPage","@id":"https:\/\/mallorca-activities.com\/fr\/activites-majorque\/","url":"https:\/\/mallorca-activities.com\/fr\/activites-majorque\/","name":"Daily Activit\u00e9s Majorque - Mallorca Activities - Soller, Pollensa, Alcudia,","isPartOf":{"@id":"https:\/\/mallorca-activities.com\/fr\/#website"},"datePublished":"2020-09-10T09:45:38+00:00","dateModified":"2024-07-21T13:44:26+00:00","description":"Daily Activities in Mallorca like , the Torrente de Pareis, Hiking, Rockclimbing, Canyoning, Coasteering, Kayak or Teambuilding","breadcrumb":{"@id":"https:\/\/mallorca-activities.com\/fr\/activites-majorque\/#breadcrumb"},"inLanguage":"fr-FR","potentialAction":[{"@type":"ReadAction","target":["https:\/\/mallorca-activities.com\/fr\/activites-majorque\/"]}]},{"@type":"BreadcrumbList","@id":"https:\/\/mallorca-activities.com\/fr\/activites-majorque\/#breadcrumb","itemListElement":[{"@type":"ListItem","position":1,"name":"Portada","item":"https:\/\/mallorca-activities.com\/fr\/"},{"@type":"ListItem","position":2,"name":"Activit\u00e9s Majorque"}]},{"@type":"WebSite","@id":"https:\/\/mallorca-activities.com\/fr\/#website","url":"https:\/\/mallorca-activities.com\/fr\/","name":"Mallorca Activities","description":"Agencia de Incoming fundada en Mallorca, dedicada al deporte y eventos de aventura; donde puedes disfrutar del deporte individual","publisher":{"@id":"https:\/\/mallorca-activities.com\/fr\/#organization"},"potentialAction":[{"@type":"SearchAction","target":{"@type":"EntryPoint","urlTemplate":"https:\/\/mallorca-activities.com\/fr\/?s={search_term_string}"},"query-input":"required name=search_term_string"}],"inLanguage":"fr-FR"},{"@type":"Organization","@id":"https:\/\/mallorca-activities.com\/fr\/#organization","name":"MALLORCA ACTIVITIES","url":"https:\/\/mallorca-activities.com\/fr\/","logo":{"@type":"ImageObject","inLanguage":"fr-FR","@id":"https:\/\/mallorca-activities.com\/fr\/#\/schema\/logo\/image\/","url":"https:\/\/mallorca-activities.com\/wp-content\/uploads\/2020\/09\/cropped-fav-3.png","contentUrl":"https:\/\/mallorca-activities.com\/wp-content\/uploads\/2020\/09\/cropped-fav-3.png","width":512,"height":512,"caption":"MALLORCA ACTIVITIES"},"image":{"@id":"https:\/\/mallorca-activities.com\/fr\/#\/schema\/logo\/image\/"},"sameAs":["https:\/\/www.facebook.com\/mallorcactivities33\/"]}]}},"_links":{"self":[{"href":"https:\/\/mallorca-activities.com\/fr\/wp-json\/wp\/v2\/pages\/4922"}],"collection":[{"href":"https:\/\/mallorca-activities.com\/fr\/wp-json\/wp\/v2\/pages"}],"about":[{"href":"https:\/\/mallorca-activities.com\/fr\/wp-json\/wp\/v2\/types\/page"}],"author":[{"embeddable":true,"href":"https:\/\/mallorca-activities.com\/fr\/wp-json\/wp\/v2\/users\/1"}],"replies":[{"embeddable":true,"href":"https:\/\/mallorca-activities.com\/fr\/wp-json\/wp\/v2\/comments?post=4922"}],"version-history":[{"count":2,"href":"https:\/\/mallorca-activities.com\/fr\/wp-json\/wp\/v2\/pages\/4922\/revisions"}],"predecessor-version":[{"id":4925,"href":"https:\/\/mallorca-activities.com\/fr\/wp-json\/wp\/v2\/pages\/4922\/revisions\/4925"}],"wp:featuredmedia":[{"embeddable":true,"href":"https:\/\/mallorca-activities.com\/fr\/wp-json\/wp\/v2\/media\/4923"}],"wp:attachment":[{"href":"https:\/\/mallorca-activities.com\/fr\/wp-json\/wp\/v2\/media?parent=4922"}],"curies":[{"name":"wp","href":"https:\/\/api.w.org\/{rel}","templated":true}]}}