{"id":781,"date":"2020-09-10T12:28:03","date_gmt":"2020-09-10T10:28:03","guid":{"rendered":"https:\/\/mallorca-activities.com\/producto\/torrent-de-pareis\/"},"modified":"2022-07-25T17:13:42","modified_gmt":"2022-07-25T15:13:42","slug":"gefuehrte-wanderung-torrente-de-pareis","status":"publish","type":"product","link":"https:\/\/mallorca-activities.com\/de\/producto\/gefuehrte-wanderung-torrente-de-pareis\/","title":{"rendered":"Gef\u00fchrte Wanderung Torrente de Pareis"},"content":{"rendered":"[vc_row type=&#8220;in_container&#8220; full_screen_row_position=&#8220;middle&#8220; column_margin=&#8220;default&#8220; column_direction=&#8220;default&#8220; column_direction_tablet=&#8220;default&#8220; column_direction_phone=&#8220;default&#8220; scene_position=&#8220;center&#8220; text_color=&#8220;dark&#8220; text_align=&#8220;left&#8220; row_border_radius=&#8220;none&#8220; row_border_radius_applies=&#8220;bg&#8220; overlay_strength=&#8220;0.3&#8243; gradient_direction=&#8220;left_to_right&#8220; shape_divider_position=&#8220;bottom&#8220; bg_image_animation=&#8220;none&#8220;][vc_column column_padding=&#8220;no-extra-padding&#8220; column_padding_tablet=&#8220;inherit&#8220; column_padding_phone=&#8220;inherit&#8220; column_padding_position=&#8220;all&#8220; background_color_opacity=&#8220;1&#8243; background_hover_color_opacity=&#8220;1&#8243; column_shadow=&#8220;none&#8220; column_border_radius=&#8220;none&#8220; column_link_target=&#8220;_self&#8220; gradient_direction=&#8220;left_to_right&#8220; overlay_strength=&#8220;0.3&#8243; width=&#8220;1\/1&#8243; tablet_width_inherit=&#8220;default&#8220; tablet_text_alignment=&#8220;default&#8220; phone_text_alignment=&#8220;default&#8220; column_border_width=&#8220;none&#8220; column_border_style=&#8220;solid&#8220; bg_image_animation=&#8220;none&#8220;][vc_column_text]Die gef\u00fchrte Tour\u00a0 <strong>Torrente de Pareis<\/strong> ist die wohl au\u00dfergew\u00f6hnlichsten Wanderung der Insel. Seine hohen Felsw\u00e4nde von mehr als 200m, die Wildnis und einige Kletterstellen sind die Highlights dieser Schlucht. Biologische und geologischen Merkmale dieser Schlucht sind auch der Grund, warum sie von der UNESCO zum Naturdenkmal erkl\u00e4rt wurde. Speziell S\u2019Entrefoc ist ein Highlight, hier fliesst die 2 Torrente \u201cSa Fosca\u201d und \u201cTorrente de Lluc\u201d zusammen und man hat die M\u00f6glichkeit ein St\u00fcck in den Sa Fosca zu gehen.<\/p>\n<p>Durch Jahrmillionen lange Aussp\u00fclung hat sich das Flussbett in eine bizarre Felslandschaft mit vielen Gumpen und Wasserf\u00e4llen (in den Wintermonaten) verwandelt und somit ist Durchquerung des Torrente de Pareis keine normale Wanderung, es ist eher ein \u00dcberwinden von viele Hindernissen. Dieser Ausflug erfordet einiges geschicktes Klettern \u00fcber gro\u00dfe Felsbrocken, ein Sicherungsseil ist ab und zu n\u00fctzlicher Helfer. Diese Tour sollte nur von Personen in guter k\u00f6rperlicher Verfassung durchgef\u00fchrt werden. Mallorca Activities mit seinen <a href=\"https:\/\/mallorca-activities.com\/de\/ueber-uns\/#guias\">Guides<\/a> wir euch ein unvergessliches Erlebniss bereiten.<\/p>\n<hr \/>\n<h4><strong>Techn. Daten gef\u00fchrte Wanderung Torrente de Pareis<br \/>\n<\/strong><\/h4>\n<p><strong>Schwierigkeitsgrad:<\/strong> Hoch, da einzelne Kletterstellen<br \/>\n<strong>L\u00e4nge:<\/strong> 8km Abstieg: 600m<br \/>\n<strong>Dauer:<\/strong> 4-6 h abh\u00e4ngig von Gruppengr\u00f6sse<\/p>\n<p><strong>Notwendige Ausr\u00fcstung:<\/strong><br \/>\nWanderschuhe mit guter Profilsohle<br \/>\nbequeme Wander-oder Sportsachen<br \/>\nRucksack<br \/>\n1,5l Wasser \/Person<br \/>\nSonnbrille<br \/>\nSonnencreme<br \/>\nKopfbedeckung<\/p>\n<p>&nbsp;<\/p>\n<p>Im Sommer (Mai-Oktober) besteht die M\u00f6glichkeit, am Ende der Wanderung ein k\u00fchles Bad im Meer zu nehmen. Das ist die beste Erholung nach dieser Tour, Ihr K\u00f6rper wird es Ihnen danken\u2026<\/p>\n<p>Gerne k\u00f6nnt ihr eine Reservierung f\u00fcr nur eine Person machen, und ihr\u00a0 werdet mit einer unserer gef\u00fchrten Gruppen einen unvergesslichen Tag genie\u00dfen. Jedoch besteht auch die M\u00f6glichkeit einen privaten Bergf\u00fchrer zu buchen, wobei wir auch den Transfer vom Hotel zum Ausgangspunkt der Wanderung organisieren k\u00f6nnen. Daf\u00fcr sendet bitte eine e-mail an folgende Adresse: reservas@mallorca-activities.com\u00a0 Unsere B\u00fcro sendet euch gerne ein unverbindliches Angebot.<\/p>\n<p>Die R\u00fcckfahrt mit dem Boot nach Port d\u2019Soller, ist wetterabh\u00e4ngig, dieses k\u00f6nnt ihr <a href=\"https:\/\/www.eltiempo.es\/baleares-costa\/olas\">hier<\/a> nachsehen.[\/vc_column_text][\/vc_column][\/vc_row][vc_row type=&#8220;in_container&#8220; full_screen_row_position=&#8220;middle&#8220; column_margin=&#8220;default&#8220; column_direction=&#8220;default&#8220; column_direction_tablet=&#8220;default&#8220; column_direction_phone=&#8220;default&#8220; scene_position=&#8220;center&#8220; text_color=&#8220;dark&#8220; text_align=&#8220;left&#8220; row_border_radius=&#8220;none&#8220; row_border_radius_applies=&#8220;bg&#8220; overlay_strength=&#8220;0.3&#8243; gradient_direction=&#8220;left_to_right&#8220; shape_divider_position=&#8220;bottom&#8220; bg_image_animation=&#8220;none&#8220;][vc_column column_padding=&#8220;no-extra-padding&#8220; column_padding_tablet=&#8220;inherit&#8220; column_padding_phone=&#8220;inherit&#8220; column_padding_position=&#8220;all&#8220; background_color_opacity=&#8220;1&#8243; background_hover_color_opacity=&#8220;1&#8243; column_shadow=&#8220;none&#8220; column_border_radius=&#8220;none&#8220; column_link_target=&#8220;_self&#8220; gradient_direction=&#8220;left_to_right&#8220; overlay_strength=&#8220;0.3&#8243; width=&#8220;1\/1&#8243; tablet_width_inherit=&#8220;default&#8220; tablet_text_alignment=&#8220;default&#8220; phone_text_alignment=&#8220;default&#8220; column_border_width=&#8220;none&#8220; column_border_style=&#8220;solid&#8220; bg_image_animation=&#8220;none&#8220;][vc_gallery type=&#8220;parallax_image_grid&#8220; images=&#8220;686,688,690,698,696,694,700,682&#8243;][\/vc_column][\/vc_row]\n","protected":false},"excerpt":{"rendered":"<p>Der <strong>Torrente de Pareis<\/strong> ist die wohl au\u00dfergew\u00f6hnlichsten Wanderung der Insel.<\/p>\n","protected":false},"featured_media":602,"template":"","meta":[],"product_cat":[59],"product_tag":[],"yoast_head":"<!-- This site is optimized with the Yoast SEO plugin v21.1 - https:\/\/yoast.com\/wordpress\/plugins\/seo\/ -->\n<title>Gef\u00fchrte Wanderung Torrente de Pareis - Mallorca Activities<\/title>\n<meta name=\"description\" content=\"Die gef\u00fchrte Tour Torrente de Pareis mit seinen hohen Felsw\u00e4nden und einigen Kletterpassagen, gilt als spektakul\u00e4rste Wanderung der Insel.\" \/>\n<meta name=\"robots\" content=\"index, follow, max-snippet:-1, max-image-preview:large, max-video-preview:-1\" \/>\n<link rel=\"canonical\" href=\"https:\/\/mallorca-activities.com\/de\/producto\/gefuehrte-wanderung-torrente-de-pareis\/\" \/>\n<meta property=\"og:locale\" content=\"de_DE\" \/>\n<meta property=\"og:type\" content=\"article\" \/>\n<meta property=\"og:title\" content=\"Gef\u00fchrte Wanderung Torrente de Pareis - Mallorca Activities\" \/>\n<meta property=\"og:description\" content=\"Die gef\u00fchrte Tour Torrente de Pareis mit seinen hohen Felsw\u00e4nden und einigen Kletterpassagen, gilt als spektakul\u00e4rste Wanderung der Insel.\" \/>\n<meta property=\"og:url\" content=\"https:\/\/mallorca-activities.com\/de\/producto\/gefuehrte-wanderung-torrente-de-pareis\/\" \/>\n<meta property=\"og:site_name\" content=\"Mallorca Activities\" \/>\n<meta property=\"article:publisher\" content=\"https:\/\/www.facebook.com\/mallorcactivities33\/\" \/>\n<meta property=\"article:modified_time\" content=\"2022-07-25T15:13:42+00:00\" \/>\n<meta property=\"og:image\" content=\"https:\/\/mallorca-activities.com\/wp-content\/uploads\/2020\/09\/Torrent-de-pareis-e1606732730244.jpg\" \/>\n\t<meta property=\"og:image:width\" content=\"800\" \/>\n\t<meta property=\"og:image:height\" content=\"533\" \/>\n\t<meta property=\"og:image:type\" content=\"image\/jpeg\" \/>\n<meta name=\"twitter:card\" content=\"summary_large_image\" \/>\n<meta name=\"twitter:label1\" content=\"Gesch\u00e4tzte Lesezeit\" \/>\n\t<meta name=\"twitter:data1\" content=\"2\u00a0Minuten\" \/>\n<script type=\"application\/ld+json\" class=\"yoast-schema-graph\">{\"@context\":\"https:\/\/schema.org\",\"@graph\":[{\"@type\":\"WebPage\",\"@id\":\"https:\/\/mallorca-activities.com\/de\/producto\/gefuehrte-wanderung-torrente-de-pareis\/\",\"url\":\"https:\/\/mallorca-activities.com\/de\/producto\/gefuehrte-wanderung-torrente-de-pareis\/\",\"name\":\"Gef\u00fchrte Wanderung Torrente de Pareis - Mallorca Activities\",\"isPartOf\":{\"@id\":\"https:\/\/mallorca-activities.com\/de\/#website\"},\"datePublished\":\"2020-09-10T10:28:03+00:00\",\"dateModified\":\"2022-07-25T15:13:42+00:00\",\"description\":\"Die gef\u00fchrte Tour Torrente de Pareis mit seinen hohen Felsw\u00e4nden und einigen Kletterpassagen, gilt als spektakul\u00e4rste Wanderung der Insel.\",\"breadcrumb\":{\"@id\":\"https:\/\/mallorca-activities.com\/de\/producto\/gefuehrte-wanderung-torrente-de-pareis\/#breadcrumb\"},\"inLanguage\":\"de\",\"potentialAction\":[{\"@type\":\"ReadAction\",\"target\":[\"https:\/\/mallorca-activities.com\/de\/producto\/gefuehrte-wanderung-torrente-de-pareis\/\"]}]},{\"@type\":\"BreadcrumbList\",\"@id\":\"https:\/\/mallorca-activities.com\/de\/producto\/gefuehrte-wanderung-torrente-de-pareis\/#breadcrumb\",\"itemListElement\":[{\"@type\":\"ListItem\",\"position\":1,\"name\":\"Portada\",\"item\":\"https:\/\/mallorca-activities.com\/de\/\"},{\"@type\":\"ListItem\",\"position\":2,\"name\":\"Tienda\",\"item\":\"https:\/\/mallorca-activities.com\/tienda\/\"},{\"@type\":\"ListItem\",\"position\":3,\"name\":\"Gef\u00fchrte Wanderung Torrente de Pareis\"}]},{\"@type\":\"WebSite\",\"@id\":\"https:\/\/mallorca-activities.com\/de\/#website\",\"url\":\"https:\/\/mallorca-activities.com\/de\/\",\"name\":\"Mallorca Activities\",\"description\":\"Agencia de Incoming fundada en Mallorca, dedicada al deporte y eventos de aventura; donde puedes disfrutar del deporte individual\",\"publisher\":{\"@id\":\"https:\/\/mallorca-activities.com\/de\/#organization\"},\"potentialAction\":[{\"@type\":\"SearchAction\",\"target\":{\"@type\":\"EntryPoint\",\"urlTemplate\":\"https:\/\/mallorca-activities.com\/de\/?s={search_term_string}\"},\"query-input\":\"required name=search_term_string\"}],\"inLanguage\":\"de\"},{\"@type\":\"Organization\",\"@id\":\"https:\/\/mallorca-activities.com\/de\/#organization\",\"name\":\"MALLORCA ACTIVITIES\",\"url\":\"https:\/\/mallorca-activities.com\/de\/\",\"logo\":{\"@type\":\"ImageObject\",\"inLanguage\":\"de\",\"@id\":\"https:\/\/mallorca-activities.com\/de\/#\/schema\/logo\/image\/\",\"url\":\"https:\/\/mallorca-activities.com\/wp-content\/uploads\/2020\/09\/cropped-fav-3.png\",\"contentUrl\":\"https:\/\/mallorca-activities.com\/wp-content\/uploads\/2020\/09\/cropped-fav-3.png\",\"width\":512,\"height\":512,\"caption\":\"MALLORCA ACTIVITIES\"},\"image\":{\"@id\":\"https:\/\/mallorca-activities.com\/de\/#\/schema\/logo\/image\/\"},\"sameAs\":[\"https:\/\/www.facebook.com\/mallorcactivities33\/\"]}]}<\/script>\n<!-- \/ Yoast SEO plugin. -->","yoast_head_json":{"title":"Gef\u00fchrte Wanderung Torrente de Pareis - Mallorca Activities","description":"Die gef\u00fchrte Tour Torrente de Pareis mit seinen hohen Felsw\u00e4nden und einigen Kletterpassagen, gilt als spektakul\u00e4rste Wanderung der Insel.","robots":{"index":"index","follow":"follow","max-snippet":"max-snippet:-1","max-image-preview":"max-image-preview:large","max-video-preview":"max-video-preview:-1"},"canonical":"https:\/\/mallorca-activities.com\/de\/producto\/gefuehrte-wanderung-torrente-de-pareis\/","og_locale":"de_DE","og_type":"article","og_title":"Gef\u00fchrte Wanderung Torrente de Pareis - Mallorca Activities","og_description":"Die gef\u00fchrte Tour Torrente de Pareis mit seinen hohen Felsw\u00e4nden und einigen Kletterpassagen, gilt als spektakul\u00e4rste Wanderung der Insel.","og_url":"https:\/\/mallorca-activities.com\/de\/producto\/gefuehrte-wanderung-torrente-de-pareis\/","og_site_name":"Mallorca Activities","article_publisher":"https:\/\/www.facebook.com\/mallorcactivities33\/","article_modified_time":"2022-07-25T15:13:42+00:00","og_image":[{"width":800,"height":533,"url":"https:\/\/mallorca-activities.com\/wp-content\/uploads\/2020\/09\/Torrent-de-pareis-e1606732730244.jpg","type":"image\/jpeg"}],"twitter_card":"summary_large_image","twitter_misc":{"Gesch\u00e4tzte Lesezeit":"2\u00a0Minuten"},"schema":{"@context":"https:\/\/schema.org","@graph":[{"@type":"WebPage","@id":"https:\/\/mallorca-activities.com\/de\/producto\/gefuehrte-wanderung-torrente-de-pareis\/","url":"https:\/\/mallorca-activities.com\/de\/producto\/gefuehrte-wanderung-torrente-de-pareis\/","name":"Gef\u00fchrte Wanderung Torrente de Pareis - Mallorca Activities","isPartOf":{"@id":"https:\/\/mallorca-activities.com\/de\/#website"},"datePublished":"2020-09-10T10:28:03+00:00","dateModified":"2022-07-25T15:13:42+00:00","description":"Die gef\u00fchrte Tour Torrente de Pareis mit seinen hohen Felsw\u00e4nden und einigen Kletterpassagen, gilt als spektakul\u00e4rste Wanderung der Insel.","breadcrumb":{"@id":"https:\/\/mallorca-activities.com\/de\/producto\/gefuehrte-wanderung-torrente-de-pareis\/#breadcrumb"},"inLanguage":"de","potentialAction":[{"@type":"ReadAction","target":["https:\/\/mallorca-activities.com\/de\/producto\/gefuehrte-wanderung-torrente-de-pareis\/"]}]},{"@type":"BreadcrumbList","@id":"https:\/\/mallorca-activities.com\/de\/producto\/gefuehrte-wanderung-torrente-de-pareis\/#breadcrumb","itemListElement":[{"@type":"ListItem","position":1,"name":"Portada","item":"https:\/\/mallorca-activities.com\/de\/"},{"@type":"ListItem","position":2,"name":"Tienda","item":"https:\/\/mallorca-activities.com\/tienda\/"},{"@type":"ListItem","position":3,"name":"Gef\u00fchrte Wanderung Torrente de Pareis"}]},{"@type":"WebSite","@id":"https:\/\/mallorca-activities.com\/de\/#website","url":"https:\/\/mallorca-activities.com\/de\/","name":"Mallorca Activities","description":"Agencia de Incoming fundada en Mallorca, dedicada al deporte y eventos de aventura; donde puedes disfrutar del deporte individual","publisher":{"@id":"https:\/\/mallorca-activities.com\/de\/#organization"},"potentialAction":[{"@type":"SearchAction","target":{"@type":"EntryPoint","urlTemplate":"https:\/\/mallorca-activities.com\/de\/?s={search_term_string}"},"query-input":"required name=search_term_string"}],"inLanguage":"de"},{"@type":"Organization","@id":"https:\/\/mallorca-activities.com\/de\/#organization","name":"MALLORCA ACTIVITIES","url":"https:\/\/mallorca-activities.com\/de\/","logo":{"@type":"ImageObject","inLanguage":"de","@id":"https:\/\/mallorca-activities.com\/de\/#\/schema\/logo\/image\/","url":"https:\/\/mallorca-activities.com\/wp-content\/uploads\/2020\/09\/cropped-fav-3.png","contentUrl":"https:\/\/mallorca-activities.com\/wp-content\/uploads\/2020\/09\/cropped-fav-3.png","width":512,"height":512,"caption":"MALLORCA ACTIVITIES"},"image":{"@id":"https:\/\/mallorca-activities.com\/de\/#\/schema\/logo\/image\/"},"sameAs":["https:\/\/www.facebook.com\/mallorcactivities33\/"]}]}},"_links":{"self":[{"href":"https:\/\/mallorca-activities.com\/de\/wp-json\/wp\/v2\/product\/781"}],"collection":[{"href":"https:\/\/mallorca-activities.com\/de\/wp-json\/wp\/v2\/product"}],"about":[{"href":"https:\/\/mallorca-activities.com\/de\/wp-json\/wp\/v2\/types\/product"}],"wp:featuredmedia":[{"embeddable":true,"href":"https:\/\/mallorca-activities.com\/de\/wp-json\/wp\/v2\/media\/602"}],"wp:attachment":[{"href":"https:\/\/mallorca-activities.com\/de\/wp-json\/wp\/v2\/media?parent=781"}],"wp:term":[{"taxonomy":"product_cat","embeddable":true,"href":"https:\/\/mallorca-activities.com\/de\/wp-json\/wp\/v2\/product_cat?post=781"},{"taxonomy":"product_tag","embeddable":true,"href":"https:\/\/mallorca-activities.com\/de\/wp-json\/wp\/v2\/product_tag?post=781"}],"curies":[{"name":"wp","href":"https:\/\/api.w.org\/{rel}","templated":true}]}}