{"id":776,"date":"2020-09-10T16:11:42","date_gmt":"2020-09-10T14:11:42","guid":{"rendered":"https:\/\/mallorca-activities.com\/producto\/cueva-des-coloms\/"},"modified":"2020-10-20T10:40:31","modified_gmt":"2020-10-20T08:40:31","slug":"hoehle-es-coloms","status":"publish","type":"product","link":"https:\/\/mallorca-activities.com\/de\/producto\/hoehle-es-coloms\/","title":{"rendered":"H\u00d6HLE ES COLOMS"},"content":{"rendered":"<p>Die H\u00f6hle Es Coloms ist ein eindrucksvolles Abenteuer an der Ostk\u00fcste Mallorca!!! Desweitern ist diese Aktivit\u00e4t ist eine Mischung aus Wanderung, H\u00f6hlenforschung, Abseilen und Badespass. Auf Grund Ihrer Gr\u00f6sse sowie Stalaktiten bzw. Stalagmiten in Verbindung mit dem Unterirdischen See, z\u00e4hlt diese H\u00f6hle zu einer der spektakul\u00e4rsten unterirdischen Welten in Mallorca. Dar\u00fcber hinaus befindet sich dieses &#8222;Juwel&#8220; in einer einzigartigen und fast unber\u00fchrten Landschaft. Die <a href=\"https:\/\/mallorca-activities.com\/de\/ueber-uns\/#guias\">Guides<\/a> von Mallorca Activities werden euch ein unvergessliches Abenteuer bieten. Der Hin bzw. R\u00fcckweg erfolgt anhand einer ca. 30min Wanderung. D.h. nach dem wir an einer kleinen Bucht ankommen, ziehen wir uns die Neoprenanz\u00fcge an und schwimmen ca. 10 min bis zum Eingang in die H\u00f6hle.<\/p>\n<p>Desweiteren besteht die M\u00f6glichkeit des Transfers zu der Aktivit\u00e4t. Sollte ein Transfer ben\u00f6tigt werden, so gebt dies bitte bei der Buchung an.<\/p>\n<hr \/>\n<h3><strong>Treffpunkt:\u00a0\u00a0\u00a0\u00a0 Manacor -Cala Rom\u00e1ntica \u00a0 \u00a0 \u00a0 \u00a0 \u00a0 \u00a0 \u00a0 \u00a0 \u00a0 \u00a0 \u00a0 \u00a0 \u00a0 <\/strong><strong>Zeitplan:<\/strong>\u00a0 09:30 \u2013 13:30\u00a0\u00a0\u00a0\u00a0\u00a0\u00a0\u00a0\u00a0\u00a0\u00a0\u00a0\u00a0\u00a0\u00a0\u00a0\u00a0\u00a0\u00a0\u00a0\u00a0\u00a0\u00a0\u00a0\u00a0\u00a0\u00a0\u00a0\u00a0\u00a0\u00a0\u00a0\u00a0\u00a0\u00a0 <strong>Level:<\/strong> mittel<\/h3>\n<h3><strong>Notwendige Ausr\u00fcstung<\/strong><\/h3>\n<ul>\n<li>Stirnlampe<\/li>\n<li>\u00a0Neoprenanzug kurz\u00e4rmelig (Ausleihung m\u00f6glich 5 \u20ac)<\/li>\n<li>Sportschuhe welche nass werden k\u00f6nnen<\/li>\n<li>Wasser (1,5L\/person), Snack<\/li>\n<li>Sonnencreme<\/li>\n<li>Kopfbedeckung<\/li>\n<li>Schwimmbrille<\/li>\n<\/ul>\n<p><strong>Tagesablauf H\u00f6hle<br \/>\n<\/strong><\/p>\n<ul>\n<li>Wir treffen uns in Manacor und fahren ca. 20min an die K\u00fcste.<\/li>\n<li>Ca. 30min K\u00fcstenwanderung bis zu der <strong>H\u00f6hle Es Coloms<\/strong><\/li>\n<li>Ihr k\u00f6nnt Euch aussuchen ob Ihr Euch 15m abseilen wollt oder aus ca. 5m in\u2019s Meer springen wollt<\/li>\n<li>Durch einen Tunnel schwimmen wir in die H\u00f6hle, welche einen Strand hat und mehrere Seen<\/li>\n<li>Nach dem wir die H\u00f6hle ausgiebig erkundet haben schwimmen wir zur\u00fcck zum Strand (approx 250m)<\/li>\n<\/ul>\n<p><strong>Was wir eventuell sehen werden<\/strong><\/p>\n<ul>\n<li>Wanderfalken, Seeigel, endemische V\u00f6gel, Kormoranes, etc.<\/li>\n<li>Fische jeglicher Art und Gr\u00f6sse,\u00a0 etc.<\/li>\n<\/ul>\n<p><strong>Mindestalter<\/strong> 10 Jahre.<\/p>\n<ul>\n<li>Kinder j\u00fcnger 12 Jahre m\u00fcssen in Begleitung eines Erwachsen sein<\/li>\n<li>Jugendliche zwischen 12 und 18 Jahren ben\u00f6tigen eine schriftl. Erlaubniss ihrer Eltern oder m\u00fcssen in Begleitung eines Erwachsenen sein<\/li>\n<\/ul>\n<p><strong>Wetter<\/strong><br \/>\nAllerdings ist eine Aktivitit\u00e4t wie die <strong>H\u00f6hle Es Coloms<\/strong> auch wetterabh\u00e4ngig. Durch den Eingang von der Meerseite ist hier vor allem der <a href=\"http:\/\/www.eltiempo.es\/baleares-costa\/olas\">Wellengang<\/a> sehr zu beachten. Aus diesem Grund kann es auch vorkommen, dass die Aktivit\u00e4t 48h vor Beginn abgesagt werden muss. Der Kunde bekommt in diesem Fall den vollen Preis zur\u00fcck erstattet.<\/p>\n","protected":false},"excerpt":{"rendered":"<p>Die H\u00f6hle Es Coloms ist ein eindrucksvolles Abenteuer an der Ostk\u00fcste Mallorca!!! Diese Aktivit\u00e4t ist eine Mischung aus Wanderung, H\u00f6hlenforschung, Abseilen und Badespass.<\/p>\n","protected":false},"featured_media":612,"template":"","meta":[],"product_cat":[57],"product_tag":[],"yoast_head":"<!-- This site is optimized with the Yoast SEO plugin v21.1 - https:\/\/yoast.com\/wordpress\/plugins\/seo\/ -->\n<title>H\u00d6HLE ES COLOMS - Mallorca Activities<\/title>\n<meta name=\"description\" content=\"Die H\u00f6hle Es Coloms ist ein super Abenteuer an der Ostk\u00fcsteist und eine Mischung aus Wanderung, H\u00f6hlenforschung, Abseilen und Badespass.\" \/>\n<meta name=\"robots\" content=\"index, follow, max-snippet:-1, max-image-preview:large, max-video-preview:-1\" \/>\n<link rel=\"canonical\" href=\"https:\/\/mallorca-activities.com\/de\/producto\/hoehle-es-coloms\/\" \/>\n<meta property=\"og:locale\" content=\"de_DE\" \/>\n<meta property=\"og:type\" content=\"article\" \/>\n<meta property=\"og:title\" content=\"H\u00d6HLE ES COLOMS - Mallorca Activities\" \/>\n<meta property=\"og:description\" content=\"Die H\u00f6hle Es Coloms ist ein super Abenteuer an der Ostk\u00fcsteist und eine Mischung aus Wanderung, H\u00f6hlenforschung, Abseilen und Badespass.\" \/>\n<meta property=\"og:url\" content=\"https:\/\/mallorca-activities.com\/de\/producto\/hoehle-es-coloms\/\" \/>\n<meta property=\"og:site_name\" content=\"Mallorca Activities\" \/>\n<meta property=\"article:publisher\" content=\"https:\/\/www.facebook.com\/mallorcactivities33\/\" \/>\n<meta property=\"article:modified_time\" content=\"2020-10-20T08:40:31+00:00\" \/>\n<meta property=\"og:image\" content=\"https:\/\/mallorca-activities.com\/wp-content\/uploads\/2020\/09\/Cova-Coloms-e1606733395699.jpg\" \/>\n\t<meta property=\"og:image:width\" content=\"500\" \/>\n\t<meta property=\"og:image:height\" content=\"346\" \/>\n\t<meta property=\"og:image:type\" content=\"image\/jpeg\" \/>\n<meta name=\"twitter:card\" content=\"summary_large_image\" \/>\n<meta name=\"twitter:label1\" content=\"Gesch\u00e4tzte Lesezeit\" \/>\n\t<meta name=\"twitter:data1\" content=\"2\u00a0Minuten\" \/>\n<script type=\"application\/ld+json\" class=\"yoast-schema-graph\">{\"@context\":\"https:\/\/schema.org\",\"@graph\":[{\"@type\":\"WebPage\",\"@id\":\"https:\/\/mallorca-activities.com\/de\/producto\/hoehle-es-coloms\/\",\"url\":\"https:\/\/mallorca-activities.com\/de\/producto\/hoehle-es-coloms\/\",\"name\":\"H\u00d6HLE ES COLOMS - Mallorca Activities\",\"isPartOf\":{\"@id\":\"https:\/\/mallorca-activities.com\/de\/#website\"},\"datePublished\":\"2020-09-10T14:11:42+00:00\",\"dateModified\":\"2020-10-20T08:40:31+00:00\",\"description\":\"Die H\u00f6hle Es Coloms ist ein super Abenteuer an der Ostk\u00fcsteist und eine Mischung aus Wanderung, H\u00f6hlenforschung, Abseilen und Badespass.\",\"breadcrumb\":{\"@id\":\"https:\/\/mallorca-activities.com\/de\/producto\/hoehle-es-coloms\/#breadcrumb\"},\"inLanguage\":\"de\",\"potentialAction\":[{\"@type\":\"ReadAction\",\"target\":[\"https:\/\/mallorca-activities.com\/de\/producto\/hoehle-es-coloms\/\"]}]},{\"@type\":\"BreadcrumbList\",\"@id\":\"https:\/\/mallorca-activities.com\/de\/producto\/hoehle-es-coloms\/#breadcrumb\",\"itemListElement\":[{\"@type\":\"ListItem\",\"position\":1,\"name\":\"Portada\",\"item\":\"https:\/\/mallorca-activities.com\/de\/\"},{\"@type\":\"ListItem\",\"position\":2,\"name\":\"Tienda\",\"item\":\"https:\/\/mallorca-activities.com\/tienda\/\"},{\"@type\":\"ListItem\",\"position\":3,\"name\":\"H\u00d6HLE ES COLOMS\"}]},{\"@type\":\"WebSite\",\"@id\":\"https:\/\/mallorca-activities.com\/de\/#website\",\"url\":\"https:\/\/mallorca-activities.com\/de\/\",\"name\":\"Mallorca Activities\",\"description\":\"Agencia de Incoming fundada en Mallorca, dedicada al deporte y eventos de aventura; donde puedes disfrutar del deporte individual\",\"publisher\":{\"@id\":\"https:\/\/mallorca-activities.com\/de\/#organization\"},\"potentialAction\":[{\"@type\":\"SearchAction\",\"target\":{\"@type\":\"EntryPoint\",\"urlTemplate\":\"https:\/\/mallorca-activities.com\/de\/?s={search_term_string}\"},\"query-input\":\"required name=search_term_string\"}],\"inLanguage\":\"de\"},{\"@type\":\"Organization\",\"@id\":\"https:\/\/mallorca-activities.com\/de\/#organization\",\"name\":\"MALLORCA ACTIVITIES\",\"url\":\"https:\/\/mallorca-activities.com\/de\/\",\"logo\":{\"@type\":\"ImageObject\",\"inLanguage\":\"de\",\"@id\":\"https:\/\/mallorca-activities.com\/de\/#\/schema\/logo\/image\/\",\"url\":\"https:\/\/mallorca-activities.com\/wp-content\/uploads\/2020\/09\/cropped-fav-3.png\",\"contentUrl\":\"https:\/\/mallorca-activities.com\/wp-content\/uploads\/2020\/09\/cropped-fav-3.png\",\"width\":512,\"height\":512,\"caption\":\"MALLORCA ACTIVITIES\"},\"image\":{\"@id\":\"https:\/\/mallorca-activities.com\/de\/#\/schema\/logo\/image\/\"},\"sameAs\":[\"https:\/\/www.facebook.com\/mallorcactivities33\/\"]}]}<\/script>\n<!-- \/ Yoast SEO plugin. -->","yoast_head_json":{"title":"H\u00d6HLE ES COLOMS - Mallorca Activities","description":"Die H\u00f6hle Es Coloms ist ein super Abenteuer an der Ostk\u00fcsteist und eine Mischung aus Wanderung, H\u00f6hlenforschung, Abseilen und Badespass.","robots":{"index":"index","follow":"follow","max-snippet":"max-snippet:-1","max-image-preview":"max-image-preview:large","max-video-preview":"max-video-preview:-1"},"canonical":"https:\/\/mallorca-activities.com\/de\/producto\/hoehle-es-coloms\/","og_locale":"de_DE","og_type":"article","og_title":"H\u00d6HLE ES COLOMS - Mallorca Activities","og_description":"Die H\u00f6hle Es Coloms ist ein super Abenteuer an der Ostk\u00fcsteist und eine Mischung aus Wanderung, H\u00f6hlenforschung, Abseilen und Badespass.","og_url":"https:\/\/mallorca-activities.com\/de\/producto\/hoehle-es-coloms\/","og_site_name":"Mallorca Activities","article_publisher":"https:\/\/www.facebook.com\/mallorcactivities33\/","article_modified_time":"2020-10-20T08:40:31+00:00","og_image":[{"width":500,"height":346,"url":"https:\/\/mallorca-activities.com\/wp-content\/uploads\/2020\/09\/Cova-Coloms-e1606733395699.jpg","type":"image\/jpeg"}],"twitter_card":"summary_large_image","twitter_misc":{"Gesch\u00e4tzte Lesezeit":"2\u00a0Minuten"},"schema":{"@context":"https:\/\/schema.org","@graph":[{"@type":"WebPage","@id":"https:\/\/mallorca-activities.com\/de\/producto\/hoehle-es-coloms\/","url":"https:\/\/mallorca-activities.com\/de\/producto\/hoehle-es-coloms\/","name":"H\u00d6HLE ES COLOMS - Mallorca Activities","isPartOf":{"@id":"https:\/\/mallorca-activities.com\/de\/#website"},"datePublished":"2020-09-10T14:11:42+00:00","dateModified":"2020-10-20T08:40:31+00:00","description":"Die H\u00f6hle Es Coloms ist ein super Abenteuer an der Ostk\u00fcsteist und eine Mischung aus Wanderung, H\u00f6hlenforschung, Abseilen und Badespass.","breadcrumb":{"@id":"https:\/\/mallorca-activities.com\/de\/producto\/hoehle-es-coloms\/#breadcrumb"},"inLanguage":"de","potentialAction":[{"@type":"ReadAction","target":["https:\/\/mallorca-activities.com\/de\/producto\/hoehle-es-coloms\/"]}]},{"@type":"BreadcrumbList","@id":"https:\/\/mallorca-activities.com\/de\/producto\/hoehle-es-coloms\/#breadcrumb","itemListElement":[{"@type":"ListItem","position":1,"name":"Portada","item":"https:\/\/mallorca-activities.com\/de\/"},{"@type":"ListItem","position":2,"name":"Tienda","item":"https:\/\/mallorca-activities.com\/tienda\/"},{"@type":"ListItem","position":3,"name":"H\u00d6HLE ES COLOMS"}]},{"@type":"WebSite","@id":"https:\/\/mallorca-activities.com\/de\/#website","url":"https:\/\/mallorca-activities.com\/de\/","name":"Mallorca Activities","description":"Agencia de Incoming fundada en Mallorca, dedicada al deporte y eventos de aventura; donde puedes disfrutar del deporte individual","publisher":{"@id":"https:\/\/mallorca-activities.com\/de\/#organization"},"potentialAction":[{"@type":"SearchAction","target":{"@type":"EntryPoint","urlTemplate":"https:\/\/mallorca-activities.com\/de\/?s={search_term_string}"},"query-input":"required name=search_term_string"}],"inLanguage":"de"},{"@type":"Organization","@id":"https:\/\/mallorca-activities.com\/de\/#organization","name":"MALLORCA ACTIVITIES","url":"https:\/\/mallorca-activities.com\/de\/","logo":{"@type":"ImageObject","inLanguage":"de","@id":"https:\/\/mallorca-activities.com\/de\/#\/schema\/logo\/image\/","url":"https:\/\/mallorca-activities.com\/wp-content\/uploads\/2020\/09\/cropped-fav-3.png","contentUrl":"https:\/\/mallorca-activities.com\/wp-content\/uploads\/2020\/09\/cropped-fav-3.png","width":512,"height":512,"caption":"MALLORCA ACTIVITIES"},"image":{"@id":"https:\/\/mallorca-activities.com\/de\/#\/schema\/logo\/image\/"},"sameAs":["https:\/\/www.facebook.com\/mallorcactivities33\/"]}]}},"_links":{"self":[{"href":"https:\/\/mallorca-activities.com\/de\/wp-json\/wp\/v2\/product\/776"}],"collection":[{"href":"https:\/\/mallorca-activities.com\/de\/wp-json\/wp\/v2\/product"}],"about":[{"href":"https:\/\/mallorca-activities.com\/de\/wp-json\/wp\/v2\/types\/product"}],"wp:featuredmedia":[{"embeddable":true,"href":"https:\/\/mallorca-activities.com\/de\/wp-json\/wp\/v2\/media\/612"}],"wp:attachment":[{"href":"https:\/\/mallorca-activities.com\/de\/wp-json\/wp\/v2\/media?parent=776"}],"wp:term":[{"taxonomy":"product_cat","embeddable":true,"href":"https:\/\/mallorca-activities.com\/de\/wp-json\/wp\/v2\/product_cat?post=776"},{"taxonomy":"product_tag","embeddable":true,"href":"https:\/\/mallorca-activities.com\/de\/wp-json\/wp\/v2\/product_tag?post=776"}],"curies":[{"name":"wp","href":"https:\/\/api.w.org\/{rel}","templated":true}]}}