{"id":773,"date":"2021-05-01T16:17:55","date_gmt":"2020-09-10T14:17:55","guid":{"rendered":"https:\/\/mallorca-activities.com\/producto\/coastering\/"},"modified":"2020-10-19T17:30:26","modified_gmt":"2020-10-19T15:30:26","slug":"coastering-mallorca","status":"publish","type":"product","link":"https:\/\/mallorca-activities.com\/de\/producto\/coastering-mallorca\/","title":{"rendered":"COASTERING MALLORCA"},"content":{"rendered":"<p class=\"tw-data-text tw-text-large XcVN5d tw-ta\" dir=\"ltr\" data-placeholder=\"Traducci\u00f3n\"><span lang=\"de\">Coastering auf Mallorca f\u00fcr alle Level und Altersgruppen. Wandern, Klippenspringen und Tauchen in kristallklarem Wasser sind die perfekte Kombination dieser Aktivit\u00e4ten f\u00fcr die ganze Familie. Coasteering, auch bekannt als Coastering, ist ein Abenteuersport, der unter anderem aus einer K\u00fcstenroute besteht, die Wandern, Hochspr\u00fcnge ins Wasser, Erkundung von Landh\u00f6hlen, Tauchen, Klettern im Hinterland, Abseilen und Seilbr\u00fccke kombiniert. Ber\u00fccksichtigung einer Modalit\u00e4t des Trekkings. Es wurde in den 1990er Jahren an der K\u00fcste von Pembrokeshire (Wales) popul\u00e4r gemacht und findet nun jedes Jahr mehr und mehr Anh\u00e4nger im Mittelmeer, d<\/span><span lang=\"de\">enn auf Mallorca gibt es unendlich viele Spots, wie zum Beispiel Alcudia, Pollensa, Paguera, Soller, Deia, Santanyi, Cala Ratjada usw\u2026.<\/span><\/p>\n<h5 id=\"tw-target-text\" class=\"tw-data-text tw-text-large XcVN5d tw-ta\" dir=\"ltr\" data-placeholder=\"Traducci\u00f3n\"><span lang=\"de\">\u00a0<strong>Ort:\u00a0 <\/strong>Alcudia oder Cala San Vicente\u00a0\u00a0\u00a0\u00a0\u00a0\u00a0\u00a0\u00a0\u00a0\u00a0\u00a0\u00a0\u00a0\u00a0\u00a0\u00a0\u00a0\u00a0\u00a0\u00a0\u00a0\u00a0\u00a0\u00a0\u00a0\u00a0\u00a0\u00a0\u00a0\u00a0\u00a0\u00a0\u00a0\u00a0\u00a0\u00a0\u00a0\u00a0\u00a0\u00a0\u00a0\u00a0\u00a0\u00a0\u00a0 Zeitplan: 10:00 &#8211; 13:30Uhr\u00a0\u00a0\u00a0 \u00a0 \u00a0 \u00a0 \u00a0 \u00a0 \u00a0 \u00a0 \u00a0 \u00a0 \u00a0 \u00a0 \u00a0 \u00a0 \u00a0 \u00a0 \u00a0 \u00a0 \u00a0 \u00a0 \u00a0 \u00a0 \u00a0 \u00a0 \u00a0 \u00a0 \u00a0\u00a0 Level: Einfach \u00a0\u00a0\u00a0\u00a0\u00a0\u00a0\u00a0\u00a0\u00a0\u00a0\u00a0\u00a0\u00a0\u00a0\u00a0\u00a0\u00a0\u00a0\u00a0\u00a0\u00a0\u00a0\u00a0\u00a0\u00a0\u00a0\u00a0\u00a0\u00a0\u00a0\u00a0\u00a0\u00a0\u00a0 <\/span><\/h5>\n<p><strong>W\u00e4hrend des Ausfluges werded ihr genie\u00dfen:<\/strong><\/p>\n<ul>\n<li>Unser <a href=\"https:\/\/mallorca-activities.com\/de\/incoming-agentur\/#guias\">Guide<\/a>, der die Gegend sehr gut kennt und sich hervorragend f\u00fcr Erwachsene und Kinder eignet, garantiert allen Teilnehmern eine sichere und unterhaltsame Tour<\/li>\n<li>Baden im t\u00fcrkisesten und kristallklarsten Wassers Mallorcas und wenn Sie m\u00f6chten, k\u00f6nnen Sie von den Klippen springen<\/li>\n<li>Wenn die Seebedingungen es erlauben, werden wir in Meeresh\u00f6hlen gelangen.<\/li>\n<\/ul>\n<p><strong>Wir werden wahrscheinlich sehen:<\/strong><\/p>\n<ul>\n<li>Wildziegen, Meeresfalken, Fischadler, endemische V\u00f6gel (insbesondere das Sturmtaucher der Balearen), Kormorane usw.<\/li>\n<li>Fische verschiedener Arten und Gr\u00f6\u00dfen, darunter: wei\u00dfe Seebrasse, Sattelbrasse, Chromis, Sarpa Salpa usw.<\/li>\n<\/ul>\n<p><strong>Mindestalter: 10 Jahre.<\/strong><\/p>\n<p>Kinder unter 12 Jahren m\u00fcssen von einem Erwachsenen begleitet werden. Jugendliche zwischen 12 und 18 Jahren ben\u00f6tigen eine schriftliche Erlaubnis ihrer Eltern oder Erziehungsberechtigten, wenn sie ohne Begleitung eines Erwachsenen teilnehmen m\u00f6chten.<\/p>\n<p>Dieser Ausflug kann auch f\u00fcr private Gruppen au\u00dferhalb unserer programmierten Kalenderaktivit\u00e4ten mit Preisen auf Anfrage organisiert werden. Dazu sendet uns einfach eine e-mail an: reservas@mallorca-activities.com<\/p>\n<p>Coastering Mallorca ist eine Aktivit\u00e4t, welche vom Wetter und speziell vom Wetter auf dem Meer abh\u00e4ngig ist. Die Wettervorhersage kannst du <a href=\"https:\/\/www.eltiempo.es\/baleares-costa\/olas\">hier<\/a> nachschauen.<\/p>\n","protected":false},"excerpt":{"rendered":"<p>COASTERING &#8211; NORD MALLORCA<\/p>\n","protected":false},"featured_media":610,"template":"","meta":[],"product_cat":[18],"product_tag":[],"yoast_head":"<!-- This site is optimized with the Yoast SEO plugin v21.1 - https:\/\/yoast.com\/wordpress\/plugins\/seo\/ -->\n<title>COASTERING MALLORCA - CLIFF JUMPING - Mallorca Activities<\/title>\n<meta name=\"description\" content=\"Coastering auf Mallorca f\u00fcr alle Level und Altersgruppen. Wandern, Klippenspringen und Tauchen in H\u00f6hlen im kristallklaren Wasser!!!!\" \/>\n<meta name=\"robots\" content=\"index, follow, max-snippet:-1, max-image-preview:large, max-video-preview:-1\" \/>\n<link rel=\"canonical\" href=\"https:\/\/mallorca-activities.com\/de\/producto\/coastering-mallorca\/\" \/>\n<meta property=\"og:locale\" content=\"de_DE\" \/>\n<meta property=\"og:type\" content=\"article\" \/>\n<meta property=\"og:title\" content=\"COASTERING MALLORCA - CLIFF JUMPING - Mallorca Activities\" \/>\n<meta property=\"og:description\" content=\"Coastering auf Mallorca f\u00fcr alle Level und Altersgruppen. Wandern, Klippenspringen und Tauchen in H\u00f6hlen im kristallklaren Wasser!!!!\" \/>\n<meta property=\"og:url\" content=\"https:\/\/mallorca-activities.com\/de\/producto\/coastering-mallorca\/\" \/>\n<meta property=\"og:site_name\" content=\"Mallorca Activities\" \/>\n<meta property=\"article:publisher\" content=\"https:\/\/www.facebook.com\/mallorcactivities33\/\" \/>\n<meta property=\"article:modified_time\" content=\"2020-10-19T15:30:26+00:00\" \/>\n<meta property=\"og:image\" content=\"https:\/\/mallorca-activities.com\/wp-content\/uploads\/2020\/09\/Foto_Coastering2.jpg\" \/>\n\t<meta property=\"og:image:width\" content=\"1024\" \/>\n\t<meta property=\"og:image:height\" content=\"768\" \/>\n\t<meta property=\"og:image:type\" content=\"image\/jpeg\" \/>\n<meta name=\"twitter:card\" content=\"summary_large_image\" \/>\n<meta name=\"twitter:label1\" content=\"Gesch\u00e4tzte Lesezeit\" \/>\n\t<meta name=\"twitter:data1\" content=\"2\u00a0Minuten\" \/>\n<script type=\"application\/ld+json\" class=\"yoast-schema-graph\">{\"@context\":\"https:\/\/schema.org\",\"@graph\":[{\"@type\":\"WebPage\",\"@id\":\"https:\/\/mallorca-activities.com\/de\/producto\/coastering-mallorca\/\",\"url\":\"https:\/\/mallorca-activities.com\/de\/producto\/coastering-mallorca\/\",\"name\":\"COASTERING MALLORCA - CLIFF JUMPING - Mallorca Activities\",\"isPartOf\":{\"@id\":\"https:\/\/mallorca-activities.com\/de\/#website\"},\"datePublished\":\"2020-09-10T14:17:55+00:00\",\"dateModified\":\"2020-10-19T15:30:26+00:00\",\"description\":\"Coastering auf Mallorca f\u00fcr alle Level und Altersgruppen. Wandern, Klippenspringen und Tauchen in H\u00f6hlen im kristallklaren Wasser!!!!\",\"breadcrumb\":{\"@id\":\"https:\/\/mallorca-activities.com\/de\/producto\/coastering-mallorca\/#breadcrumb\"},\"inLanguage\":\"de\",\"potentialAction\":[{\"@type\":\"ReadAction\",\"target\":[\"https:\/\/mallorca-activities.com\/de\/producto\/coastering-mallorca\/\"]}]},{\"@type\":\"BreadcrumbList\",\"@id\":\"https:\/\/mallorca-activities.com\/de\/producto\/coastering-mallorca\/#breadcrumb\",\"itemListElement\":[{\"@type\":\"ListItem\",\"position\":1,\"name\":\"Portada\",\"item\":\"https:\/\/mallorca-activities.com\/de\/\"},{\"@type\":\"ListItem\",\"position\":2,\"name\":\"Tienda\",\"item\":\"https:\/\/mallorca-activities.com\/tienda\/\"},{\"@type\":\"ListItem\",\"position\":3,\"name\":\"COASTERING MALLORCA\"}]},{\"@type\":\"WebSite\",\"@id\":\"https:\/\/mallorca-activities.com\/de\/#website\",\"url\":\"https:\/\/mallorca-activities.com\/de\/\",\"name\":\"Mallorca Activities\",\"description\":\"Agencia de Incoming fundada en Mallorca, dedicada al deporte y eventos de aventura; donde puedes disfrutar del deporte individual\",\"publisher\":{\"@id\":\"https:\/\/mallorca-activities.com\/de\/#organization\"},\"potentialAction\":[{\"@type\":\"SearchAction\",\"target\":{\"@type\":\"EntryPoint\",\"urlTemplate\":\"https:\/\/mallorca-activities.com\/de\/?s={search_term_string}\"},\"query-input\":\"required name=search_term_string\"}],\"inLanguage\":\"de\"},{\"@type\":\"Organization\",\"@id\":\"https:\/\/mallorca-activities.com\/de\/#organization\",\"name\":\"MALLORCA ACTIVITIES\",\"url\":\"https:\/\/mallorca-activities.com\/de\/\",\"logo\":{\"@type\":\"ImageObject\",\"inLanguage\":\"de\",\"@id\":\"https:\/\/mallorca-activities.com\/de\/#\/schema\/logo\/image\/\",\"url\":\"https:\/\/mallorca-activities.com\/wp-content\/uploads\/2020\/09\/cropped-fav-3.png\",\"contentUrl\":\"https:\/\/mallorca-activities.com\/wp-content\/uploads\/2020\/09\/cropped-fav-3.png\",\"width\":512,\"height\":512,\"caption\":\"MALLORCA ACTIVITIES\"},\"image\":{\"@id\":\"https:\/\/mallorca-activities.com\/de\/#\/schema\/logo\/image\/\"},\"sameAs\":[\"https:\/\/www.facebook.com\/mallorcactivities33\/\"]}]}<\/script>\n<!-- \/ Yoast SEO plugin. -->","yoast_head_json":{"title":"COASTERING MALLORCA - CLIFF JUMPING - Mallorca Activities","description":"Coastering auf Mallorca f\u00fcr alle Level und Altersgruppen. Wandern, Klippenspringen und Tauchen in H\u00f6hlen im kristallklaren Wasser!!!!","robots":{"index":"index","follow":"follow","max-snippet":"max-snippet:-1","max-image-preview":"max-image-preview:large","max-video-preview":"max-video-preview:-1"},"canonical":"https:\/\/mallorca-activities.com\/de\/producto\/coastering-mallorca\/","og_locale":"de_DE","og_type":"article","og_title":"COASTERING MALLORCA - CLIFF JUMPING - Mallorca Activities","og_description":"Coastering auf Mallorca f\u00fcr alle Level und Altersgruppen. Wandern, Klippenspringen und Tauchen in H\u00f6hlen im kristallklaren Wasser!!!!","og_url":"https:\/\/mallorca-activities.com\/de\/producto\/coastering-mallorca\/","og_site_name":"Mallorca Activities","article_publisher":"https:\/\/www.facebook.com\/mallorcactivities33\/","article_modified_time":"2020-10-19T15:30:26+00:00","og_image":[{"width":1024,"height":768,"url":"https:\/\/mallorca-activities.com\/wp-content\/uploads\/2020\/09\/Foto_Coastering2.jpg","type":"image\/jpeg"}],"twitter_card":"summary_large_image","twitter_misc":{"Gesch\u00e4tzte Lesezeit":"2\u00a0Minuten"},"schema":{"@context":"https:\/\/schema.org","@graph":[{"@type":"WebPage","@id":"https:\/\/mallorca-activities.com\/de\/producto\/coastering-mallorca\/","url":"https:\/\/mallorca-activities.com\/de\/producto\/coastering-mallorca\/","name":"COASTERING MALLORCA - CLIFF JUMPING - Mallorca Activities","isPartOf":{"@id":"https:\/\/mallorca-activities.com\/de\/#website"},"datePublished":"2020-09-10T14:17:55+00:00","dateModified":"2020-10-19T15:30:26+00:00","description":"Coastering auf Mallorca f\u00fcr alle Level und Altersgruppen. Wandern, Klippenspringen und Tauchen in H\u00f6hlen im kristallklaren Wasser!!!!","breadcrumb":{"@id":"https:\/\/mallorca-activities.com\/de\/producto\/coastering-mallorca\/#breadcrumb"},"inLanguage":"de","potentialAction":[{"@type":"ReadAction","target":["https:\/\/mallorca-activities.com\/de\/producto\/coastering-mallorca\/"]}]},{"@type":"BreadcrumbList","@id":"https:\/\/mallorca-activities.com\/de\/producto\/coastering-mallorca\/#breadcrumb","itemListElement":[{"@type":"ListItem","position":1,"name":"Portada","item":"https:\/\/mallorca-activities.com\/de\/"},{"@type":"ListItem","position":2,"name":"Tienda","item":"https:\/\/mallorca-activities.com\/tienda\/"},{"@type":"ListItem","position":3,"name":"COASTERING MALLORCA"}]},{"@type":"WebSite","@id":"https:\/\/mallorca-activities.com\/de\/#website","url":"https:\/\/mallorca-activities.com\/de\/","name":"Mallorca Activities","description":"Agencia de Incoming fundada en Mallorca, dedicada al deporte y eventos de aventura; donde puedes disfrutar del deporte individual","publisher":{"@id":"https:\/\/mallorca-activities.com\/de\/#organization"},"potentialAction":[{"@type":"SearchAction","target":{"@type":"EntryPoint","urlTemplate":"https:\/\/mallorca-activities.com\/de\/?s={search_term_string}"},"query-input":"required name=search_term_string"}],"inLanguage":"de"},{"@type":"Organization","@id":"https:\/\/mallorca-activities.com\/de\/#organization","name":"MALLORCA ACTIVITIES","url":"https:\/\/mallorca-activities.com\/de\/","logo":{"@type":"ImageObject","inLanguage":"de","@id":"https:\/\/mallorca-activities.com\/de\/#\/schema\/logo\/image\/","url":"https:\/\/mallorca-activities.com\/wp-content\/uploads\/2020\/09\/cropped-fav-3.png","contentUrl":"https:\/\/mallorca-activities.com\/wp-content\/uploads\/2020\/09\/cropped-fav-3.png","width":512,"height":512,"caption":"MALLORCA ACTIVITIES"},"image":{"@id":"https:\/\/mallorca-activities.com\/de\/#\/schema\/logo\/image\/"},"sameAs":["https:\/\/www.facebook.com\/mallorcactivities33\/"]}]}},"_links":{"self":[{"href":"https:\/\/mallorca-activities.com\/de\/wp-json\/wp\/v2\/product\/773"}],"collection":[{"href":"https:\/\/mallorca-activities.com\/de\/wp-json\/wp\/v2\/product"}],"about":[{"href":"https:\/\/mallorca-activities.com\/de\/wp-json\/wp\/v2\/types\/product"}],"wp:featuredmedia":[{"embeddable":true,"href":"https:\/\/mallorca-activities.com\/de\/wp-json\/wp\/v2\/media\/610"}],"wp:attachment":[{"href":"https:\/\/mallorca-activities.com\/de\/wp-json\/wp\/v2\/media?parent=773"}],"wp:term":[{"taxonomy":"product_cat","embeddable":true,"href":"https:\/\/mallorca-activities.com\/de\/wp-json\/wp\/v2\/product_cat?post=773"},{"taxonomy":"product_tag","embeddable":true,"href":"https:\/\/mallorca-activities.com\/de\/wp-json\/wp\/v2\/product_tag?post=773"}],"curies":[{"name":"wp","href":"https:\/\/api.w.org\/{rel}","templated":true}]}}