{"id":772,"date":"2020-09-10T16:19:49","date_gmt":"2020-09-10T14:19:49","guid":{"rendered":"https:\/\/mallorca-activities.com\/producto\/family-kayak\/"},"modified":"2020-10-19T18:46:06","modified_gmt":"2020-10-19T16:46:06","slug":"kajaktour-fuer-familien","status":"publish","type":"product","link":"https:\/\/mallorca-activities.com\/de\/producto\/kajaktour-fuer-familien\/","title":{"rendered":"KAJAKTOUR F\u00dcR FAMILIEN"},"content":{"rendered":"<p>Die Kajaktour f\u00fcr Familien in Cala San Vicent ist eine Tour f\u00fcr diejenigen, die eine angenehme und einfache Tour machen m\u00f6chten, die es uns erm\u00f6glicht, ein wundersch\u00f6nes jungfr\u00e4uliches Gebiet zu betreten, das von spektakul\u00e4ren Klippen bis zu 300 Metern H\u00f6he umgeben ist. Vor dem Start\u00a0 f\u00fchrt unser <a href=\"https:\/\/mallorca-activities.com\/de\/incoming-agentur\/#guias\">Kajakf\u00fchrer<\/a> die Teilnehmer in die grundlegendsten Kajaktechniken ein, um eine sichere Tour zu gew\u00e4hrleisten.<\/p>\n<p>W\u00e4hrend des Family Kajak navigieren wir ruhig mit unserem Kajak,\u00a0 wo wir Fische und V\u00f6gel in verschiedenen Gr\u00f6\u00dfen und Farben sehen k\u00f6nnen, wir halten an, um zu schwimmen und in kristallklarem Wasser zu tauchen, springen von den Klippen und, wenn die Die Seebedingungen erlauben es uns, mit dem Kajak in eine Larga einzusteigen, die nur vom Meer aus zug\u00e4nglich ist.<\/p>\n<p><strong>W\u00e4hrend des Ausfluges werden Sie genie\u00dfen:<\/strong><\/p>\n<p>Das sauberste, t\u00fcrkisfarbene und kristallklare Wasser Mallorcas.<br \/>\nEin Stopp ist an einem wundersch\u00f6nen nat\u00fcrlichen Ort geplant, der nur vom Meer aus zug\u00e4nglich ist. Hier k\u00f6nnen wir uns Zeit nehmen, um uns zu entspannen, zu tauchen, von den Klippen zu springen und einfach die unber\u00fchrte Landschaft aus Sonne, Meer und den beeindruckendsten Felsformationen zu genie\u00dfen.<br \/>\nWenn die Seebedingungen es erlauben, besuchen wir eine Wasserh\u00f6hle, durch die wir ein Kajak paddeln.<\/p>\n<p><strong>Wir sehen oft<\/strong>:<\/p>\n<ul>\n<li>Wildziegen, Seefalken, Fischadler, endemische V\u00f6gel (insbesondere die Balearenschale), Kormorane usw.<\/li>\n<li>Fische verschiedener Arten und Gr\u00f6\u00dfen, einschlie\u00dflich: Wei\u00dfbrasse, Brasse, Chromis, Sarpa Salpa usw.<\/li>\n<\/ul>\n<p>Entfernung: 4 km.<\/p>\n<p>Empfohlenes Mindestalter: 7 Jahre.<\/p>\n<p>Kinder unter 12 Jahren m\u00fcssen von einem Erwachsenen begleitet werden. Jugendliche zwischen 12 und 18 Jahren, die nicht von einem Erwachsenen begleitet werden, m\u00fcssen ein von einem Elternteil oder Erziehungsberechtigten unterzeichnetes Einverst\u00e4ndnisformular vorlegen.<\/p>\n<h3><strong>Pers\u00f6nliche Ausr\u00fcstung<\/strong><\/h3>\n<p><strong>Notwendig:\u00a0\u00a0 <\/strong><\/p>\n<ul>\n<li>Badeanzug \/ Bikini<\/li>\n<li>Sonnenschutz<\/li>\n<li>Wasser (mindestens 1,5 l \/ Person)<\/li>\n<li>Wasserschuhe \/ Sandalen\u00a0\u00a0\u00a0\u00a0\u00a0\u00a0\u00a0\u00a0\u00a0\u00a0\u00a0\u00a0\u00a0<strong><br \/>\n<\/strong><\/li>\n<\/ul>\n<p><strong>Empfohlen:<\/strong><\/p>\n<ul>\n<li>Kopfbedeckung<\/li>\n<li>T-Shirt, welches nass werden darf<\/li>\n<li>pers\u00f6nliche Schnorchelausr\u00fcstung<\/li>\n<li>wasserdichte Kamera<\/li>\n<\/ul>\n<p>Die Kajaktour f\u00fcr Familien ist Wetter abh\u00e4ngig. Vor allem entscheidet der jeweilige Wellengang. Die aktuelle Prognosse, kannst Du <a href=\"https:\/\/www.eltiempo.es\/baleares-costa\/olas\">hier<\/a> nachschauen.<\/p>\n","protected":false},"excerpt":{"rendered":"<p>KAJAK &#8211; NORD MALLORCA<\/p>\n","protected":false},"featured_media":620,"template":"","meta":[],"product_cat":[18],"product_tag":[],"yoast_head":"<!-- This site is optimized with the Yoast SEO plugin v21.1 - https:\/\/yoast.com\/wordpress\/plugins\/seo\/ -->\n<title>KAJAKTOUR F\u00dcR FAMILIEN - MALLORCA ACTIVITIES<\/title>\n<meta name=\"description\" content=\"Die Kajaktour f\u00fcr Familien in Cala San Vicent ist eine Tour f\u00fcr diejenigen, die eine angenehme und einfache Tour mit dem Kayakmachen m\u00f6chten.\" \/>\n<meta name=\"robots\" content=\"index, follow, max-snippet:-1, max-image-preview:large, max-video-preview:-1\" \/>\n<link rel=\"canonical\" href=\"https:\/\/mallorca-activities.com\/de\/producto\/kajaktour-fuer-familien\/\" \/>\n<meta property=\"og:locale\" content=\"de_DE\" \/>\n<meta property=\"og:type\" content=\"article\" \/>\n<meta property=\"og:title\" content=\"KAJAKTOUR F\u00dcR FAMILIEN - MALLORCA ACTIVITIES\" \/>\n<meta property=\"og:description\" content=\"Die Kajaktour f\u00fcr Familien in Cala San Vicent ist eine Tour f\u00fcr diejenigen, die eine angenehme und einfache Tour mit dem Kayakmachen m\u00f6chten.\" \/>\n<meta property=\"og:url\" content=\"https:\/\/mallorca-activities.com\/de\/producto\/kajaktour-fuer-familien\/\" \/>\n<meta property=\"og:site_name\" content=\"Mallorca Activities\" \/>\n<meta property=\"article:publisher\" content=\"https:\/\/www.facebook.com\/mallorcactivities33\/\" \/>\n<meta property=\"article:modified_time\" content=\"2020-10-19T16:46:06+00:00\" \/>\n<meta property=\"og:image\" content=\"https:\/\/mallorca-activities.com\/wp-content\/uploads\/2020\/09\/FAMILY-KAYAK-MALLORCA.jpg\" \/>\n\t<meta property=\"og:image:width\" content=\"800\" \/>\n\t<meta property=\"og:image:height\" content=\"534\" \/>\n\t<meta property=\"og:image:type\" content=\"image\/jpeg\" \/>\n<meta name=\"twitter:card\" content=\"summary_large_image\" \/>\n<meta name=\"twitter:label1\" content=\"Gesch\u00e4tzte Lesezeit\" \/>\n\t<meta name=\"twitter:data1\" content=\"2\u00a0Minuten\" \/>\n<script type=\"application\/ld+json\" class=\"yoast-schema-graph\">{\"@context\":\"https:\/\/schema.org\",\"@graph\":[{\"@type\":\"WebPage\",\"@id\":\"https:\/\/mallorca-activities.com\/de\/producto\/kajaktour-fuer-familien\/\",\"url\":\"https:\/\/mallorca-activities.com\/de\/producto\/kajaktour-fuer-familien\/\",\"name\":\"KAJAKTOUR F\u00dcR FAMILIEN - MALLORCA ACTIVITIES\",\"isPartOf\":{\"@id\":\"https:\/\/mallorca-activities.com\/de\/#website\"},\"datePublished\":\"2020-09-10T14:19:49+00:00\",\"dateModified\":\"2020-10-19T16:46:06+00:00\",\"description\":\"Die Kajaktour f\u00fcr Familien in Cala San Vicent ist eine Tour f\u00fcr diejenigen, die eine angenehme und einfache Tour mit dem Kayakmachen m\u00f6chten.\",\"breadcrumb\":{\"@id\":\"https:\/\/mallorca-activities.com\/de\/producto\/kajaktour-fuer-familien\/#breadcrumb\"},\"inLanguage\":\"de\",\"potentialAction\":[{\"@type\":\"ReadAction\",\"target\":[\"https:\/\/mallorca-activities.com\/de\/producto\/kajaktour-fuer-familien\/\"]}]},{\"@type\":\"BreadcrumbList\",\"@id\":\"https:\/\/mallorca-activities.com\/de\/producto\/kajaktour-fuer-familien\/#breadcrumb\",\"itemListElement\":[{\"@type\":\"ListItem\",\"position\":1,\"name\":\"Portada\",\"item\":\"https:\/\/mallorca-activities.com\/de\/\"},{\"@type\":\"ListItem\",\"position\":2,\"name\":\"Tienda\",\"item\":\"https:\/\/mallorca-activities.com\/tienda\/\"},{\"@type\":\"ListItem\",\"position\":3,\"name\":\"KAJAKTOUR F\u00dcR FAMILIEN\"}]},{\"@type\":\"WebSite\",\"@id\":\"https:\/\/mallorca-activities.com\/de\/#website\",\"url\":\"https:\/\/mallorca-activities.com\/de\/\",\"name\":\"Mallorca Activities\",\"description\":\"Agencia de Incoming fundada en Mallorca, dedicada al deporte y eventos de aventura; donde puedes disfrutar del deporte individual\",\"publisher\":{\"@id\":\"https:\/\/mallorca-activities.com\/de\/#organization\"},\"potentialAction\":[{\"@type\":\"SearchAction\",\"target\":{\"@type\":\"EntryPoint\",\"urlTemplate\":\"https:\/\/mallorca-activities.com\/de\/?s={search_term_string}\"},\"query-input\":\"required name=search_term_string\"}],\"inLanguage\":\"de\"},{\"@type\":\"Organization\",\"@id\":\"https:\/\/mallorca-activities.com\/de\/#organization\",\"name\":\"MALLORCA ACTIVITIES\",\"url\":\"https:\/\/mallorca-activities.com\/de\/\",\"logo\":{\"@type\":\"ImageObject\",\"inLanguage\":\"de\",\"@id\":\"https:\/\/mallorca-activities.com\/de\/#\/schema\/logo\/image\/\",\"url\":\"https:\/\/mallorca-activities.com\/wp-content\/uploads\/2020\/09\/cropped-fav-3.png\",\"contentUrl\":\"https:\/\/mallorca-activities.com\/wp-content\/uploads\/2020\/09\/cropped-fav-3.png\",\"width\":512,\"height\":512,\"caption\":\"MALLORCA ACTIVITIES\"},\"image\":{\"@id\":\"https:\/\/mallorca-activities.com\/de\/#\/schema\/logo\/image\/\"},\"sameAs\":[\"https:\/\/www.facebook.com\/mallorcactivities33\/\"]}]}<\/script>\n<!-- \/ Yoast SEO plugin. -->","yoast_head_json":{"title":"KAJAKTOUR F\u00dcR FAMILIEN - MALLORCA ACTIVITIES","description":"Die Kajaktour f\u00fcr Familien in Cala San Vicent ist eine Tour f\u00fcr diejenigen, die eine angenehme und einfache Tour mit dem Kayakmachen m\u00f6chten.","robots":{"index":"index","follow":"follow","max-snippet":"max-snippet:-1","max-image-preview":"max-image-preview:large","max-video-preview":"max-video-preview:-1"},"canonical":"https:\/\/mallorca-activities.com\/de\/producto\/kajaktour-fuer-familien\/","og_locale":"de_DE","og_type":"article","og_title":"KAJAKTOUR F\u00dcR FAMILIEN - MALLORCA ACTIVITIES","og_description":"Die Kajaktour f\u00fcr Familien in Cala San Vicent ist eine Tour f\u00fcr diejenigen, die eine angenehme und einfache Tour mit dem Kayakmachen m\u00f6chten.","og_url":"https:\/\/mallorca-activities.com\/de\/producto\/kajaktour-fuer-familien\/","og_site_name":"Mallorca Activities","article_publisher":"https:\/\/www.facebook.com\/mallorcactivities33\/","article_modified_time":"2020-10-19T16:46:06+00:00","og_image":[{"width":800,"height":534,"url":"https:\/\/mallorca-activities.com\/wp-content\/uploads\/2020\/09\/FAMILY-KAYAK-MALLORCA.jpg","type":"image\/jpeg"}],"twitter_card":"summary_large_image","twitter_misc":{"Gesch\u00e4tzte Lesezeit":"2\u00a0Minuten"},"schema":{"@context":"https:\/\/schema.org","@graph":[{"@type":"WebPage","@id":"https:\/\/mallorca-activities.com\/de\/producto\/kajaktour-fuer-familien\/","url":"https:\/\/mallorca-activities.com\/de\/producto\/kajaktour-fuer-familien\/","name":"KAJAKTOUR F\u00dcR FAMILIEN - MALLORCA ACTIVITIES","isPartOf":{"@id":"https:\/\/mallorca-activities.com\/de\/#website"},"datePublished":"2020-09-10T14:19:49+00:00","dateModified":"2020-10-19T16:46:06+00:00","description":"Die Kajaktour f\u00fcr Familien in Cala San Vicent ist eine Tour f\u00fcr diejenigen, die eine angenehme und einfache Tour mit dem Kayakmachen m\u00f6chten.","breadcrumb":{"@id":"https:\/\/mallorca-activities.com\/de\/producto\/kajaktour-fuer-familien\/#breadcrumb"},"inLanguage":"de","potentialAction":[{"@type":"ReadAction","target":["https:\/\/mallorca-activities.com\/de\/producto\/kajaktour-fuer-familien\/"]}]},{"@type":"BreadcrumbList","@id":"https:\/\/mallorca-activities.com\/de\/producto\/kajaktour-fuer-familien\/#breadcrumb","itemListElement":[{"@type":"ListItem","position":1,"name":"Portada","item":"https:\/\/mallorca-activities.com\/de\/"},{"@type":"ListItem","position":2,"name":"Tienda","item":"https:\/\/mallorca-activities.com\/tienda\/"},{"@type":"ListItem","position":3,"name":"KAJAKTOUR F\u00dcR FAMILIEN"}]},{"@type":"WebSite","@id":"https:\/\/mallorca-activities.com\/de\/#website","url":"https:\/\/mallorca-activities.com\/de\/","name":"Mallorca Activities","description":"Agencia de Incoming fundada en Mallorca, dedicada al deporte y eventos de aventura; donde puedes disfrutar del deporte individual","publisher":{"@id":"https:\/\/mallorca-activities.com\/de\/#organization"},"potentialAction":[{"@type":"SearchAction","target":{"@type":"EntryPoint","urlTemplate":"https:\/\/mallorca-activities.com\/de\/?s={search_term_string}"},"query-input":"required name=search_term_string"}],"inLanguage":"de"},{"@type":"Organization","@id":"https:\/\/mallorca-activities.com\/de\/#organization","name":"MALLORCA ACTIVITIES","url":"https:\/\/mallorca-activities.com\/de\/","logo":{"@type":"ImageObject","inLanguage":"de","@id":"https:\/\/mallorca-activities.com\/de\/#\/schema\/logo\/image\/","url":"https:\/\/mallorca-activities.com\/wp-content\/uploads\/2020\/09\/cropped-fav-3.png","contentUrl":"https:\/\/mallorca-activities.com\/wp-content\/uploads\/2020\/09\/cropped-fav-3.png","width":512,"height":512,"caption":"MALLORCA ACTIVITIES"},"image":{"@id":"https:\/\/mallorca-activities.com\/de\/#\/schema\/logo\/image\/"},"sameAs":["https:\/\/www.facebook.com\/mallorcactivities33\/"]}]}},"_links":{"self":[{"href":"https:\/\/mallorca-activities.com\/de\/wp-json\/wp\/v2\/product\/772"}],"collection":[{"href":"https:\/\/mallorca-activities.com\/de\/wp-json\/wp\/v2\/product"}],"about":[{"href":"https:\/\/mallorca-activities.com\/de\/wp-json\/wp\/v2\/types\/product"}],"wp:featuredmedia":[{"embeddable":true,"href":"https:\/\/mallorca-activities.com\/de\/wp-json\/wp\/v2\/media\/620"}],"wp:attachment":[{"href":"https:\/\/mallorca-activities.com\/de\/wp-json\/wp\/v2\/media?parent=772"}],"wp:term":[{"taxonomy":"product_cat","embeddable":true,"href":"https:\/\/mallorca-activities.com\/de\/wp-json\/wp\/v2\/product_cat?post=772"},{"taxonomy":"product_tag","embeddable":true,"href":"https:\/\/mallorca-activities.com\/de\/wp-json\/wp\/v2\/product_tag?post=772"}],"curies":[{"name":"wp","href":"https:\/\/api.w.org\/{rel}","templated":true}]}}