{"id":762,"date":"2020-09-10T16:22:25","date_gmt":"2020-09-10T14:22:25","guid":{"rendered":"https:\/\/mallorca-activities.com\/producto\/senderismo\/"},"modified":"2020-10-19T12:43:21","modified_gmt":"2020-10-19T10:43:21","slug":"gefuehrte-wanderung-atalaia-alcudia","status":"publish","type":"product","link":"https:\/\/mallorca-activities.com\/de\/producto\/gefuehrte-wanderung-atalaia-alcudia\/","title":{"rendered":"GEF\u00dcHRTE WANDERUNG  ATALAIA DE ALCUDIA"},"content":{"rendered":"<h5><strong>Gef\u00fchrte Wanderung Atalaia de Alcudia &#8211; Meeresrauschen auf der zauberhaften Halbinsel La Victoria in Alcudia<\/strong><\/h5>\n<p>Bei der gef\u00fchrte Wanderung Atalaia de Alcudia fahrt wir zum friedlichen Ort <strong>Alcanada<\/strong>. Erst an einem Golfplatz und an naturbelassenen Kiesstr\u00e4nden vorbei, und danach oberhalb der Steilk\u00fcste entlang der schmalen K\u00fcstenpfade, f\u00fchrt uns, mit herrlichen Aussichten auf die Bucht von Alc\u00fadia und auf die Nachbarinsel Menorca, der Weg bis zum Gemeindewald von Alc\u00fadia. Weiter im Kiefernwald wandern wir \u00fcber Forstwege und Pfade in einer Schlucht bald bergauf zum &#8222;Coll de na Benet&#8220;. Bei einer z\u00fcnftigen einheimischen Brotzeit, welche von unserem <a href=\"https:\/\/mallorca-activities.com\/de\/incoming-agentur\/#guias\">Guide<\/a> mit viel Liebe zubereitet wird. geniesen wir den schier unendlichen Ausblick \u00fcber das Meer. Bergab steigen wir \u00fcber einen steinigen, alten <strong>Ziegenj\u00e4gerpfad<\/strong> im Macchiawald an der Herberge La Vict\u00f2ria vorbei bis zur <strong>kleinen, feinen Badebucht S&#8217;Illot<\/strong>. Die R\u00fcckfahrt erfolgt nun wieder mit unserem Bus bis zum Hotel.<\/p>\n<p><em><strong>Leichte bis Mittelschwere Waderung<\/strong>\u00a0<\/em><\/p>\n<p><em>L\u00e4nge:\u00a0\u00a0 Ca.10km\u00a0\u00a0\u00a0\u00a0\u00a0\u00a0\u00a0\u00a0\u00a0\u00a0\u00a0\u00a0\u00a0\u00a0\u00a0\u00a0\u00a0\u00a0\u00a0\u00a0\u00a0\u00a0\u00a0 Aufstieg: 160m\u00a0\u00a0\u00a0\u00a0\u00a0\u00a0\u00a0\u00a0\u00a0\u00a0\u00a0\u00a0\u00a0\u00a0\u00a0\u00a0\u00a0\u00a0\u00a0\u00a0\u00a0\u00a0\u00a0\u00a0\u00a0\u00a0\u00a0\u00a0\u00a0\u00a0\u00a0\u00a0\u00a0 Abstieg:\u00a0 160m\u00a0\u00a0\u00a0\u00a0\u00a0\u00a0\u00a0\u00a0\u00a0\u00a0\u00a0\u00a0\u00a0\u00a0\u00a0\u00a0\u00a0\u00a0\u00a0\u00a0\u00a0\u00a0\u00a0\u00a0\u00a0\u00a0\u00a0\u00a0\u00a0\u00a0\u00a0\u00a0\u00a0\u00a0 Gehzeit: ca. 3h<br \/>\n<\/em><\/p>\n<p><strong>Notwendiges Material:<\/strong><\/p>\n<ul>\n<li>Wanderschuhe<\/li>\n<li>bequeme Wandersachen<\/li>\n<li>Wind-bzw.Regenjacke<\/li>\n<li>Rucksack<\/li>\n<li>1,5l Wasser\/Person<\/li>\n<\/ul>\n<p><strong>Treffpunkt:<\/strong> 9:00 Parkplatz Hotel Es Port &#8211; Port d&#8217;Soller<\/p>\n<div class=\"main2Col\">\n<div class=\"rightCol\">\n<div class=\"wncms-obj\">\n<div class=\"htmlText\">\n<p>Das Picknick f\u00fcr unterwegs muss teilweise selbst im Rucksack getragen werden.<\/p>\n<p>Zu den Picknicks wird ausschliesslich kostenfrei mallorquinischer roter Landwein angeboten. Getr\u00e4nke, Obst, Kekse f\u00fcr zwischendurch sind selbst mitzubringen.<\/p>\n<p>Im Vordergrund unseres Programmes stehen: Geniessen und Erleben der Landschaft, Spass und Freude am Wandern, wissenswerte Kenntnisse \u00fcber Flora &amp; Fauna erlangen, faszinierende Erfahrungen sammeln \u00fcber Land &amp; Leute und schliesslich ein Reinschnuppern in die kulinarischen Highlights der einfachen, echten mallorquinischen K\u00fcche.<\/p>\n<\/div>\n<\/div>\n<\/div>\n<div class=\"clearer\"><\/div>\n<\/div>\n<div class=\"feets\">\n<div class=\"footer-awards\">Da diese Aktivit\u00e4t vom Wetter abh\u00e4ngig ist, beh\u00e4lt sich der Guide unterwegs das Recht vor, die Wanderung der Wetterverh\u00e4ltnisse anzupassen. Die Prognosse kannst du<a href=\"http:\/\/www.aemet.es\/en\/eltiempo\/prediccion\/municipios\/horas\/alcudia-id07003\"> hier<\/a> nachschauen.<\/div>\n<\/div>\n<p>&nbsp;<\/p>\n<p>&nbsp;<\/p>\n","protected":false},"excerpt":{"rendered":"<p>Meeresrauschen auf der zauberhaften Halbinsel La Vict\u00f2ria in Alc\u00fadia<\/p>\n","protected":false},"featured_media":1298,"template":"","meta":[],"product_cat":[57],"product_tag":[],"yoast_head":"<!-- This site is optimized with the Yoast SEO plugin v21.1 - https:\/\/yoast.com\/wordpress\/plugins\/seo\/ -->\n<title>GEF\u00dcHRTE WANDERUNG ATALAIA DE ALCUDIA - Mallorca Activities<\/title>\n<meta name=\"description\" content=\"Gef\u00fchrte Wanderung Atalaia de Alcudia - Meeresrauschen auf der zauberhaften Halbinsel La Victoria in Alcudia mit mallorquinischer Brotzeit\" \/>\n<meta name=\"robots\" content=\"index, follow, max-snippet:-1, max-image-preview:large, max-video-preview:-1\" \/>\n<link rel=\"canonical\" href=\"https:\/\/mallorca-activities.com\/de\/producto\/gefuehrte-wanderung-atalaia-alcudia\/\" \/>\n<meta property=\"og:locale\" content=\"de_DE\" \/>\n<meta property=\"og:type\" content=\"article\" \/>\n<meta property=\"og:title\" content=\"GEF\u00dcHRTE WANDERUNG ATALAIA DE ALCUDIA - Mallorca Activities\" \/>\n<meta property=\"og:description\" content=\"Gef\u00fchrte Wanderung Atalaia de Alcudia - Meeresrauschen auf der zauberhaften Halbinsel La Victoria in Alcudia mit mallorquinischer Brotzeit\" \/>\n<meta property=\"og:url\" content=\"https:\/\/mallorca-activities.com\/de\/producto\/gefuehrte-wanderung-atalaia-alcudia\/\" \/>\n<meta property=\"og:site_name\" content=\"Mallorca Activities\" \/>\n<meta property=\"article:publisher\" content=\"https:\/\/www.facebook.com\/mallorcactivities33\/\" \/>\n<meta property=\"article:modified_time\" content=\"2020-10-19T10:43:21+00:00\" \/>\n<meta property=\"og:image\" content=\"https:\/\/mallorca-activities.com\/wp-content\/uploads\/2020\/09\/Fincawandern_1-scaled.jpg\" \/>\n\t<meta property=\"og:image:width\" content=\"2560\" \/>\n\t<meta property=\"og:image:height\" content=\"1698\" \/>\n\t<meta property=\"og:image:type\" content=\"image\/jpeg\" \/>\n<meta name=\"twitter:card\" content=\"summary_large_image\" \/>\n<meta name=\"twitter:label1\" content=\"Gesch\u00e4tzte Lesezeit\" \/>\n\t<meta name=\"twitter:data1\" content=\"1\u00a0Minute\" \/>\n<script type=\"application\/ld+json\" class=\"yoast-schema-graph\">{\"@context\":\"https:\/\/schema.org\",\"@graph\":[{\"@type\":\"WebPage\",\"@id\":\"https:\/\/mallorca-activities.com\/de\/producto\/gefuehrte-wanderung-atalaia-alcudia\/\",\"url\":\"https:\/\/mallorca-activities.com\/de\/producto\/gefuehrte-wanderung-atalaia-alcudia\/\",\"name\":\"GEF\u00dcHRTE WANDERUNG ATALAIA DE ALCUDIA - Mallorca Activities\",\"isPartOf\":{\"@id\":\"https:\/\/mallorca-activities.com\/de\/#website\"},\"datePublished\":\"2020-09-10T14:22:25+00:00\",\"dateModified\":\"2020-10-19T10:43:21+00:00\",\"description\":\"Gef\u00fchrte Wanderung Atalaia de Alcudia - Meeresrauschen auf der zauberhaften Halbinsel La Victoria in Alcudia mit mallorquinischer Brotzeit\",\"breadcrumb\":{\"@id\":\"https:\/\/mallorca-activities.com\/de\/producto\/gefuehrte-wanderung-atalaia-alcudia\/#breadcrumb\"},\"inLanguage\":\"de\",\"potentialAction\":[{\"@type\":\"ReadAction\",\"target\":[\"https:\/\/mallorca-activities.com\/de\/producto\/gefuehrte-wanderung-atalaia-alcudia\/\"]}]},{\"@type\":\"BreadcrumbList\",\"@id\":\"https:\/\/mallorca-activities.com\/de\/producto\/gefuehrte-wanderung-atalaia-alcudia\/#breadcrumb\",\"itemListElement\":[{\"@type\":\"ListItem\",\"position\":1,\"name\":\"Portada\",\"item\":\"https:\/\/mallorca-activities.com\/de\/\"},{\"@type\":\"ListItem\",\"position\":2,\"name\":\"Tienda\",\"item\":\"https:\/\/mallorca-activities.com\/tienda\/\"},{\"@type\":\"ListItem\",\"position\":3,\"name\":\"GEF\u00dcHRTE WANDERUNG ATALAIA DE ALCUDIA\"}]},{\"@type\":\"WebSite\",\"@id\":\"https:\/\/mallorca-activities.com\/de\/#website\",\"url\":\"https:\/\/mallorca-activities.com\/de\/\",\"name\":\"Mallorca Activities\",\"description\":\"Agencia de Incoming fundada en Mallorca, dedicada al deporte y eventos de aventura; donde puedes disfrutar del deporte individual\",\"publisher\":{\"@id\":\"https:\/\/mallorca-activities.com\/de\/#organization\"},\"potentialAction\":[{\"@type\":\"SearchAction\",\"target\":{\"@type\":\"EntryPoint\",\"urlTemplate\":\"https:\/\/mallorca-activities.com\/de\/?s={search_term_string}\"},\"query-input\":\"required name=search_term_string\"}],\"inLanguage\":\"de\"},{\"@type\":\"Organization\",\"@id\":\"https:\/\/mallorca-activities.com\/de\/#organization\",\"name\":\"MALLORCA ACTIVITIES\",\"url\":\"https:\/\/mallorca-activities.com\/de\/\",\"logo\":{\"@type\":\"ImageObject\",\"inLanguage\":\"de\",\"@id\":\"https:\/\/mallorca-activities.com\/de\/#\/schema\/logo\/image\/\",\"url\":\"https:\/\/mallorca-activities.com\/wp-content\/uploads\/2020\/09\/cropped-fav-3.png\",\"contentUrl\":\"https:\/\/mallorca-activities.com\/wp-content\/uploads\/2020\/09\/cropped-fav-3.png\",\"width\":512,\"height\":512,\"caption\":\"MALLORCA ACTIVITIES\"},\"image\":{\"@id\":\"https:\/\/mallorca-activities.com\/de\/#\/schema\/logo\/image\/\"},\"sameAs\":[\"https:\/\/www.facebook.com\/mallorcactivities33\/\"]}]}<\/script>\n<!-- \/ Yoast SEO plugin. -->","yoast_head_json":{"title":"GEF\u00dcHRTE WANDERUNG ATALAIA DE ALCUDIA - Mallorca Activities","description":"Gef\u00fchrte Wanderung Atalaia de Alcudia - Meeresrauschen auf der zauberhaften Halbinsel La Victoria in Alcudia mit mallorquinischer Brotzeit","robots":{"index":"index","follow":"follow","max-snippet":"max-snippet:-1","max-image-preview":"max-image-preview:large","max-video-preview":"max-video-preview:-1"},"canonical":"https:\/\/mallorca-activities.com\/de\/producto\/gefuehrte-wanderung-atalaia-alcudia\/","og_locale":"de_DE","og_type":"article","og_title":"GEF\u00dcHRTE WANDERUNG ATALAIA DE ALCUDIA - Mallorca Activities","og_description":"Gef\u00fchrte Wanderung Atalaia de Alcudia - Meeresrauschen auf der zauberhaften Halbinsel La Victoria in Alcudia mit mallorquinischer Brotzeit","og_url":"https:\/\/mallorca-activities.com\/de\/producto\/gefuehrte-wanderung-atalaia-alcudia\/","og_site_name":"Mallorca Activities","article_publisher":"https:\/\/www.facebook.com\/mallorcactivities33\/","article_modified_time":"2020-10-19T10:43:21+00:00","og_image":[{"width":2560,"height":1698,"url":"https:\/\/mallorca-activities.com\/wp-content\/uploads\/2020\/09\/Fincawandern_1-scaled.jpg","type":"image\/jpeg"}],"twitter_card":"summary_large_image","twitter_misc":{"Gesch\u00e4tzte Lesezeit":"1\u00a0Minute"},"schema":{"@context":"https:\/\/schema.org","@graph":[{"@type":"WebPage","@id":"https:\/\/mallorca-activities.com\/de\/producto\/gefuehrte-wanderung-atalaia-alcudia\/","url":"https:\/\/mallorca-activities.com\/de\/producto\/gefuehrte-wanderung-atalaia-alcudia\/","name":"GEF\u00dcHRTE WANDERUNG ATALAIA DE ALCUDIA - Mallorca Activities","isPartOf":{"@id":"https:\/\/mallorca-activities.com\/de\/#website"},"datePublished":"2020-09-10T14:22:25+00:00","dateModified":"2020-10-19T10:43:21+00:00","description":"Gef\u00fchrte Wanderung Atalaia de Alcudia - Meeresrauschen auf der zauberhaften Halbinsel La Victoria in Alcudia mit mallorquinischer Brotzeit","breadcrumb":{"@id":"https:\/\/mallorca-activities.com\/de\/producto\/gefuehrte-wanderung-atalaia-alcudia\/#breadcrumb"},"inLanguage":"de","potentialAction":[{"@type":"ReadAction","target":["https:\/\/mallorca-activities.com\/de\/producto\/gefuehrte-wanderung-atalaia-alcudia\/"]}]},{"@type":"BreadcrumbList","@id":"https:\/\/mallorca-activities.com\/de\/producto\/gefuehrte-wanderung-atalaia-alcudia\/#breadcrumb","itemListElement":[{"@type":"ListItem","position":1,"name":"Portada","item":"https:\/\/mallorca-activities.com\/de\/"},{"@type":"ListItem","position":2,"name":"Tienda","item":"https:\/\/mallorca-activities.com\/tienda\/"},{"@type":"ListItem","position":3,"name":"GEF\u00dcHRTE WANDERUNG ATALAIA DE ALCUDIA"}]},{"@type":"WebSite","@id":"https:\/\/mallorca-activities.com\/de\/#website","url":"https:\/\/mallorca-activities.com\/de\/","name":"Mallorca Activities","description":"Agencia de Incoming fundada en Mallorca, dedicada al deporte y eventos de aventura; donde puedes disfrutar del deporte individual","publisher":{"@id":"https:\/\/mallorca-activities.com\/de\/#organization"},"potentialAction":[{"@type":"SearchAction","target":{"@type":"EntryPoint","urlTemplate":"https:\/\/mallorca-activities.com\/de\/?s={search_term_string}"},"query-input":"required name=search_term_string"}],"inLanguage":"de"},{"@type":"Organization","@id":"https:\/\/mallorca-activities.com\/de\/#organization","name":"MALLORCA ACTIVITIES","url":"https:\/\/mallorca-activities.com\/de\/","logo":{"@type":"ImageObject","inLanguage":"de","@id":"https:\/\/mallorca-activities.com\/de\/#\/schema\/logo\/image\/","url":"https:\/\/mallorca-activities.com\/wp-content\/uploads\/2020\/09\/cropped-fav-3.png","contentUrl":"https:\/\/mallorca-activities.com\/wp-content\/uploads\/2020\/09\/cropped-fav-3.png","width":512,"height":512,"caption":"MALLORCA ACTIVITIES"},"image":{"@id":"https:\/\/mallorca-activities.com\/de\/#\/schema\/logo\/image\/"},"sameAs":["https:\/\/www.facebook.com\/mallorcactivities33\/"]}]}},"_links":{"self":[{"href":"https:\/\/mallorca-activities.com\/de\/wp-json\/wp\/v2\/product\/762"}],"collection":[{"href":"https:\/\/mallorca-activities.com\/de\/wp-json\/wp\/v2\/product"}],"about":[{"href":"https:\/\/mallorca-activities.com\/de\/wp-json\/wp\/v2\/types\/product"}],"wp:featuredmedia":[{"embeddable":true,"href":"https:\/\/mallorca-activities.com\/de\/wp-json\/wp\/v2\/media\/1298"}],"wp:attachment":[{"href":"https:\/\/mallorca-activities.com\/de\/wp-json\/wp\/v2\/media?parent=762"}],"wp:term":[{"taxonomy":"product_cat","embeddable":true,"href":"https:\/\/mallorca-activities.com\/de\/wp-json\/wp\/v2\/product_cat?post=762"},{"taxonomy":"product_tag","embeddable":true,"href":"https:\/\/mallorca-activities.com\/de\/wp-json\/wp\/v2\/product_tag?post=762"}],"curies":[{"name":"wp","href":"https:\/\/api.w.org\/{rel}","templated":true}]}}