{"id":752,"date":"2020-09-12T19:26:15","date_gmt":"2020-09-12T17:26:15","guid":{"rendered":"https:\/\/mallorca-activities.com\/producto\/gr221-habitacion-individual\/"},"modified":"2022-02-04T22:16:40","modified_gmt":"2022-02-04T21:16:40","slug":"gr221-weitwandern-mallorca-einzelzimmer","status":"publish","type":"product","link":"https:\/\/mallorca-activities.com\/de\/producto\/gr221-weitwandern-mallorca-einzelzimmer\/","title":{"rendered":"GR221 WEITWANDERN MALLORCA &#8211; EINZELZIMMER"},"content":{"rendered":"<p>Das ausgedehnte Wegenetzt des GR221 in der Serra de Tramuntana ist perfekt zum Weitwandern auf Mallorca. Einige Wanderwege verlaufen entlang der alten Verbindungswege zwischen den Orten. Sie stammen aus der arabischen Zeit (vor 1000 Jahren) und sind teilweise mit Stein gepflastert. Andere folgen den Holzkohlenwagenpfaden und alten Maultierpfaden zu abgelegenen Farmen oder Wacht\u00fcrmen. Der GR221 oder \u201ePedra en Sec \u2013 Route der Trockenmauern\u201c f\u00fchrt \u00fcber mehr als 160 km alte Kopfsteinpflasterstra\u00dfen, die fr\u00fcher D\u00f6rfer und Grundst\u00fccke am Berg miteinander verbanden.<\/p>\n<div class=\"wpb_text_column wpb_content_element \">\n<div class=\"wpb_wrapper\">\n<p><strong>Ankunft<\/strong><br \/>\nUnterkunft: <a href=\"http:\/\/www.sonborguny.com\/index.php?idioma=aleman\">Hotel Son Borguny<\/a><\/p>\n<div class=\"wpb_text_column wpb_content_element \">\n<div class=\"wpb_wrapper\">\n<p><strong>Mallorcas St\u00e4dte von Muntanya: Von Estellencs nach Banyalbufar<\/strong><\/p>\n<h6>\u25b2: 400 m \u00a0 \u00a0 \u00a0 \u00a0 \u00a0 \u00a0 \u00a0 \u00a0 \u00a0 \u00a0 \u00a0 \u00a0 \u00a0 \u00a0 \u00a0 \u00a0 \u00a0 \u00a0 \u00a0 \u00a0 \u00a0 \u00a0 \u00a0 \u00a0 \u00a0 \u00a0 \u25bc: 450 m\u00a0\u00a0\u00a0\u00a0\u00a0\u00a0\u00a0\u00a0\u00a0\u00a0\u00a0\u00a0\u00a0\u00a0\u00a0\u00a0\u00a0\u00a0\u00a0\u00a0\u00a0\u00a0\u00a0\u00a0\u00a0\u00a0\u00a0\u00a0\u00a0\u00a0\u00a0\u00a0\u00a0\u00a0\u00a0\u00a0\u00a0\u00a0\u00a0\u00a0\u00a0\u00a0\u00a0\u00a0\u00a0\u00a0\u00a0\u00a0\u00a0\u00a0\u00a0\u00a0\u00a0\u00a0 Entfernung: Ca. 10 km \u00a0 \u00a0 \u00a0 \u00a0 \u00a0 \u00a0 \u00a0 \u00a0 \u00a0 \u00a0 \u00a0 \u00a0 \u00a0 \u00a0 \u00a0 \u00a0 \u00a0 \u00a0 \u00a0 \u00a0 \u00a0 \u00a0 \u00a0 \u00a0 \u00a0 \u00a0 \u00a0 \u00a0 \u00a0 Zeit: Ca. 4h.<\/h6>\n<p>Unterkunft: <a href=\"http:\/\/www.sonborguny.com\/index.php?idioma=aleman\">Hotel Son Borguny<\/a><\/p>\n<div class=\"wpb_text_column wpb_content_element \">\n<div class=\"wpb_wrapper\">\n<p><strong>Esporles nach Valldemossa<\/strong><\/p>\n<h6>\u25b2: 650 m\u00a0\u00a0\u00a0\u00a0\u00a0\u00a0\u00a0\u00a0\u00a0\u00a0\u00a0\u00a0\u00a0\u00a0\u00a0\u00a0\u00a0\u00a0\u00a0\u00a0\u00a0\u00a0\u00a0\u00a0\u00a0\u00a0\u00a0\u00a0\u00a0\u00a0\u00a0\u00a0\u00a0\u00a0\u00a0\u00a0\u00a0\u00a0\u00a0\u00a0\u00a0\u00a0\u00a0\u00a0\u00a0\u00a0\u00a0\u00a0\u00a0 \u25bc: 420 m\u00a0\u00a0\u00a0\u00a0\u00a0\u00a0\u00a0\u00a0\u00a0\u00a0\u00a0\u00a0\u00a0\u00a0\u00a0\u00a0\u00a0\u00a0\u00a0\u00a0\u00a0\u00a0\u00a0\u00a0\u00a0\u00a0\u00a0\u00a0\u00a0\u00a0\u00a0\u00a0\u00a0\u00a0\u00a0\u00a0\u00a0\u00a0\u00a0\u00a0\u00a0\u00a0\u00a0\u00a0\u00a0\u00a0\u00a0\u00a0\u00a0\u00a0\u00a0\u00a0\u00a0\u00a0\u00a0\u00a0 Entfernung: Ca. 9km\u00a0\u00a0\u00a0\u00a0\u00a0\u00a0\u00a0\u00a0\u00a0\u00a0\u00a0\u00a0\u00a0\u00a0\u00a0\u00a0\u00a0\u00a0\u00a0\u00a0\u00a0\u00a0\u00a0\u00a0\u00a0\u00a0\u00a0\u00a0\u00a0\u00a0\u00a0\u00a0\u00a0\u00a0\u00a0\u00a0\u00a0\u00a0\u00a0\u00a0\u00a0\u00a0\u00a0\u00a0\u00a0\u00a0\u00a0\u00a0\u00a0\u00a0\u00a0\u00a0\u00a0\u00a0\u00a0\u00a0\u00a0\u00a0\u00a0\u00a0\u00a0\u00a0 Zeit: Ca. 4h.<\/h6>\n<p>Unterkunft: <a href=\"http:\/\/espetithotel-valldemossa.com\/es\/\" target=\"_blank\" rel=\"noopener noreferrer\">Es Petithotel Valldemossa<\/a><\/p>\n<div class=\"wpb_text_column wpb_content_element \">\n<div class=\"wpb_wrapper\">\n<p><strong>Valldemossa von Deia a Soller<\/strong><\/p>\n<h6>\u25b2: 460 m\u00a0\u00a0\u00a0\u00a0\u00a0\u00a0\u00a0\u00a0\u00a0\u00a0\u00a0\u00a0\u00a0\u00a0\u00a0\u00a0\u00a0\u00a0\u00a0\u00a0\u00a0\u00a0\u00a0\u00a0\u00a0\u00a0\u00a0\u00a0\u00a0\u00a0\u00a0\u00a0\u00a0\u00a0\u00a0\u00a0\u00a0\u00a0\u00a0\u00a0\u00a0\u00a0\u00a0\u00a0\u00a0\u00a0\u00a0 \u25bc: 480 m\u00a0\u00a0\u00a0\u00a0\u00a0\u00a0\u00a0\u00a0\u00a0\u00a0\u00a0\u00a0\u00a0\u00a0\u00a0\u00a0\u00a0\u00a0\u00a0\u00a0\u00a0\u00a0\u00a0\u00a0\u00a0\u00a0\u00a0\u00a0\u00a0\u00a0\u00a0\u00a0\u00a0\u00a0\u00a0\u00a0\u00a0\u00a0\u00a0\u00a0\u00a0\u00a0\u00a0\u00a0\u00a0\u00a0\u00a0\u00a0\u00a0\u00a0\u00a0\u00a0\u00a0\u00a0\u00a0\u00a0\u00a0 Entfernung: Ca. 13 km \u00a0 \u00a0 \u00a0 \u00a0 \u00a0 \u00a0 \u00a0 \u00a0 \u00a0 \u00a0 \u00a0 \u00a0 \u00a0 \u00a0 \u00a0 \u00a0 \u00a0 \u00a0 \u00a0 \u00a0 \u00a0 \u00a0 \u00a0 \u00a0 \u00a0 \u00a0 \u00a0 \u00a0 \u00a0 \u00a0\u00a0 Zeit: Ca. 3,5 h.<\/h6>\n<p>Unterkunft: <a href=\"https:\/\/www.hotelsollerplaza.com\/es\/\" target=\"_blank\" rel=\"noopener noreferrer\">Hotel Soller Plaza<\/a><\/p>\n<p><strong>Durch die Biniaraix-Schlucht zur Tossals Verds-Bergh\u00fctte<\/strong><\/p>\n<h6>\u25b2: 940 m \u00a0 \u00a0 \u00a0 \u00a0 \u00a0 \u00a0 \u00a0 \u00a0 \u00a0 \u00a0 \u00a0 \u00a0 \u00a0 \u00a0 \u00a0 \u00a0 \u00a0 \u00a0 \u00a0 \u00a0 \u00a0 \u00a0 \u25bc: 360 m\u00a0\u00a0\u00a0\u00a0\u00a0\u00a0\u00a0\u00a0\u00a0\u00a0\u00a0\u00a0\u00a0\u00a0\u00a0\u00a0\u00a0\u00a0\u00a0\u00a0\u00a0\u00a0\u00a0\u00a0\u00a0\u00a0\u00a0\u00a0\u00a0\u00a0\u00a0\u00a0\u00a0\u00a0\u00a0\u00a0\u00a0\u00a0\u00a0\u00a0\u00a0\u00a0\u00a0\u00a0\u00a0\u00a0\u00a0\u00a0\u00a0\u00a0\u00a0\u00a0\u00a0\u00a0\u00a0\u00a0\u00a0\u00a0\u00a0 Entfernung: Ca. 16 km \u00a0 \u00a0 \u00a0 \u00a0 \u00a0 \u00a0 \u00a0 \u00a0 \u00a0 \u00a0 \u00a0 \u00a0 \u00a0 \u00a0 \u00a0 \u00a0 \u00a0 \u00a0 \u00a0 \u00a0 \u00a0 \u00a0 \u00a0 \u00a0 \u00a0 \u00a0 \u00a0 \u00a0 \u00a0 \u00a0 Zeit: Ca. 7,5 Std.<\/h6>\n<p>Unterkunft: Refugio Tossals Verds<\/p>\n<div class=\"wpb_text_column wpb_content_element \">\n<div class=\"wpb_wrapper\">\n<p><strong>Tossals Verds \u2013 Santuari de Lluc<\/strong><\/p>\n<h6>\u25b2: 830 m\u00a0\u00a0\u00a0\u00a0\u00a0\u00a0\u00a0\u00a0\u00a0\u00a0\u00a0\u00a0\u00a0\u00a0\u00a0\u00a0\u00a0\u00a0\u00a0\u00a0\u00a0\u00a0\u00a0\u00a0\u00a0\u00a0\u00a0\u00a0\u00a0\u00a0\u00a0\u00a0\u00a0\u00a0\u00a0\u00a0\u00a0\u00a0\u00a0\u00a0\u00a0\u00a0 \u25bc: Ca. 800 m\u00a0\u00a0\u00a0\u00a0\u00a0\u00a0\u00a0\u00a0\u00a0\u00a0\u00a0\u00a0\u00a0\u00a0\u00a0\u00a0\u00a0\u00a0\u00a0\u00a0\u00a0\u00a0\u00a0\u00a0\u00a0\u00a0\u00a0\u00a0\u00a0\u00a0\u00a0\u00a0\u00a0\u00a0\u00a0\u00a0\u00a0\u00a0\u00a0\u00a0\u00a0\u00a0\u00a0\u00a0\u00a0\u00a0\u00a0\u00a0\u00a0\u00a0\u00a0 Entfernung: Ca. 16 km\u00a0\u00a0\u00a0\u00a0\u00a0\u00a0\u00a0\u00a0\u00a0\u00a0\u00a0\u00a0\u00a0\u00a0\u00a0\u00a0\u00a0\u00a0\u00a0\u00a0\u00a0\u00a0\u00a0\u00a0\u00a0\u00a0\u00a0\u00a0\u00a0\u00a0\u00a0\u00a0\u00a0\u00a0\u00a0\u00a0\u00a0\u00a0\u00a0\u00a0\u00a0\u00a0\u00a0\u00a0\u00a0\u00a0\u00a0\u00a0\u00a0\u00a0\u00a0\u00a0\u00a0\u00a0\u00a0\u00a0\u00a0\u00a0\u00a0\u00a0\u00a0 Zeit: Ca. 5,5 Std.<\/h6>\n<p>Unterkunft: <a href=\"https:\/\/www.lluc.net\/de\/\">Santuari de Lluc<\/a><\/p>\n<div class=\"wpb_text_column wpb_content_element \">\n<div class=\"wpb_wrapper\">\n<p><strong>Lluc nach Pollenca<\/strong><\/p>\n<h6>\u25b2: 500 m\u00a0\u00a0\u00a0\u00a0\u00a0\u00a0\u00a0\u00a0\u00a0\u00a0\u00a0\u00a0\u00a0\u00a0\u00a0\u00a0\u00a0\u00a0\u00a0\u00a0\u00a0\u00a0\u00a0\u00a0\u00a0\u00a0\u00a0\u00a0\u00a0\u00a0\u00a0\u00a0\u00a0\u00a0\u00a0\u00a0\u00a0\u00a0\u00a0 \u25bc: 700 m\u00a0\u00a0\u00a0\u00a0\u00a0\u00a0\u00a0\u00a0\u00a0\u00a0\u00a0\u00a0\u00a0\u00a0\u00a0\u00a0\u00a0\u00a0\u00a0\u00a0\u00a0\u00a0\u00a0\u00a0\u00a0\u00a0\u00a0\u00a0\u00a0\u00a0\u00a0\u00a0\u00a0\u00a0\u00a0\u00a0\u00a0\u00a0\u00a0\u00a0\u00a0\u00a0\u00a0\u00a0\u00a0\u00a0\u00a0\u00a0\u00a0\u00a0\u00a0\u00a0\u00a0\u00a0\u00a0\u00a0\u00a0\u00a0\u00a0\u00a0\u00a0 Entfernung: Ca. 19,5 km\u00a0\u00a0\u00a0\u00a0\u00a0\u00a0\u00a0\u00a0\u00a0\u00a0\u00a0\u00a0\u00a0\u00a0\u00a0\u00a0\u00a0\u00a0\u00a0\u00a0\u00a0\u00a0\u00a0\u00a0\u00a0\u00a0\u00a0\u00a0\u00a0\u00a0\u00a0\u00a0\u00a0\u00a0\u00a0\u00a0\u00a0\u00a0\u00a0\u00a0\u00a0\u00a0\u00a0\u00a0\u00a0\u00a0\u00a0\u00a0\u00a0\u00a0\u00a0\u00a0\u00a0\u00a0\u00a0\u00a0\u00a0\u00a0\u00a0 Zeit: Ca. 5 Std.<\/h6>\n<p>Unterkunft: <a href=\"https:\/\/www.hotelsonsantjordi.com\/de\">Hotel Son San Jordi<\/a><\/p>\n<p><strong>Abfahrt<\/strong><br \/>\nFr\u00fchst\u00fcck<\/p>\n<p>Ihr seit auf dem GR221 beim Weitwandern Mallorca nicht alleine unterwegs und ben\u00f6tigen ein Doppelzimmer, <a href=\"https:\/\/mallorca-activities.com\/de\/producto\/gr221-einzelzimmer\/\">hier<\/a> k\u00f6nnt ihr dieses reservieren. Auf Mallorca kann es schnelle und unvorhersehbare Wetterwechsel geben. <a href=\"http:\/\/www.aemet.es\/es\/eltiempo\/prediccion\/municipios\/escorca-lluc-id07019\">Hier<\/a> findet ihr die aktuelle Wetterprognose.<\/p>\n<\/div>\n<\/div>\n<\/div>\n<\/div>\n<\/div>\n<\/div>\n<\/div>\n<\/div>\n<\/div>\n<\/div>\n<\/div>\n<\/div>\n","protected":false},"excerpt":{"rendered":"<p>8 Tage Programm!<br \/>\n<strong>W\u00e4hlt Euch den Tag der Anreise.<\/strong><\/p>\n<p>Der Preis ist pro Einzelzimmer.<\/p>\n","protected":false},"featured_media":2152,"template":"","meta":[],"product_cat":[59],"product_tag":[],"yoast_head":"<!-- This site is optimized with the Yoast SEO plugin v21.1 - https:\/\/yoast.com\/wordpress\/plugins\/seo\/ -->\n<title>GR221 WEITWANDERN MALLORCA - Mallorca Activities<\/title>\n<meta name=\"description\" content=\"Der GR221 in der Sierra de Tramuntana ist ideal zum Weitwandern auf Mallorca und f\u00fchrt durch Estellencs, Banyalbufar, Valldemossa, Deia, Soller\" \/>\n<meta name=\"robots\" content=\"index, follow, max-snippet:-1, max-image-preview:large, max-video-preview:-1\" \/>\n<link rel=\"canonical\" href=\"https:\/\/mallorca-activities.com\/de\/producto\/gr221-weitwandern-mallorca-einzelzimmer\/\" \/>\n<meta property=\"og:locale\" content=\"de_DE\" \/>\n<meta property=\"og:type\" content=\"article\" \/>\n<meta property=\"og:title\" content=\"GR221 WEITWANDERN MALLORCA - Mallorca Activities\" \/>\n<meta property=\"og:description\" content=\"Der GR221 in der Sierra de Tramuntana ist ideal zum Weitwandern auf Mallorca und f\u00fchrt durch Estellencs, Banyalbufar, Valldemossa, Deia, Soller\" \/>\n<meta property=\"og:url\" content=\"https:\/\/mallorca-activities.com\/de\/producto\/gr221-weitwandern-mallorca-einzelzimmer\/\" \/>\n<meta property=\"og:site_name\" content=\"Mallorca Activities\" \/>\n<meta property=\"article:publisher\" content=\"https:\/\/www.facebook.com\/mallorcactivities33\/\" \/>\n<meta property=\"article:modified_time\" content=\"2022-02-04T21:16:40+00:00\" \/>\n<meta property=\"og:image\" content=\"https:\/\/mallorca-activities.com\/wp-content\/uploads\/2020\/09\/Grupos_Senderismo_3.jpg\" \/>\n\t<meta property=\"og:image:width\" content=\"1632\" \/>\n\t<meta property=\"og:image:height\" content=\"1224\" \/>\n\t<meta property=\"og:image:type\" content=\"image\/jpeg\" \/>\n<meta name=\"twitter:card\" content=\"summary_large_image\" \/>\n<meta name=\"twitter:label1\" content=\"Gesch\u00e4tzte Lesezeit\" \/>\n\t<meta name=\"twitter:data1\" content=\"1\u00a0Minute\" \/>\n<script type=\"application\/ld+json\" class=\"yoast-schema-graph\">{\"@context\":\"https:\/\/schema.org\",\"@graph\":[{\"@type\":\"WebPage\",\"@id\":\"https:\/\/mallorca-activities.com\/de\/producto\/gr221-weitwandern-mallorca-einzelzimmer\/\",\"url\":\"https:\/\/mallorca-activities.com\/de\/producto\/gr221-weitwandern-mallorca-einzelzimmer\/\",\"name\":\"GR221 WEITWANDERN MALLORCA - Mallorca Activities\",\"isPartOf\":{\"@id\":\"https:\/\/mallorca-activities.com\/de\/#website\"},\"datePublished\":\"2020-09-12T17:26:15+00:00\",\"dateModified\":\"2022-02-04T21:16:40+00:00\",\"description\":\"Der GR221 in der Sierra de Tramuntana ist ideal zum Weitwandern auf Mallorca und f\u00fchrt durch Estellencs, Banyalbufar, Valldemossa, Deia, Soller\",\"breadcrumb\":{\"@id\":\"https:\/\/mallorca-activities.com\/de\/producto\/gr221-weitwandern-mallorca-einzelzimmer\/#breadcrumb\"},\"inLanguage\":\"de\",\"potentialAction\":[{\"@type\":\"ReadAction\",\"target\":[\"https:\/\/mallorca-activities.com\/de\/producto\/gr221-weitwandern-mallorca-einzelzimmer\/\"]}]},{\"@type\":\"BreadcrumbList\",\"@id\":\"https:\/\/mallorca-activities.com\/de\/producto\/gr221-weitwandern-mallorca-einzelzimmer\/#breadcrumb\",\"itemListElement\":[{\"@type\":\"ListItem\",\"position\":1,\"name\":\"Portada\",\"item\":\"https:\/\/mallorca-activities.com\/de\/\"},{\"@type\":\"ListItem\",\"position\":2,\"name\":\"Tienda\",\"item\":\"https:\/\/mallorca-activities.com\/tienda\/\"},{\"@type\":\"ListItem\",\"position\":3,\"name\":\"GR221 WEITWANDERN MALLORCA &#8211; EINZELZIMMER\"}]},{\"@type\":\"WebSite\",\"@id\":\"https:\/\/mallorca-activities.com\/de\/#website\",\"url\":\"https:\/\/mallorca-activities.com\/de\/\",\"name\":\"Mallorca Activities\",\"description\":\"Agencia de Incoming fundada en Mallorca, dedicada al deporte y eventos de aventura; donde puedes disfrutar del deporte individual\",\"publisher\":{\"@id\":\"https:\/\/mallorca-activities.com\/de\/#organization\"},\"potentialAction\":[{\"@type\":\"SearchAction\",\"target\":{\"@type\":\"EntryPoint\",\"urlTemplate\":\"https:\/\/mallorca-activities.com\/de\/?s={search_term_string}\"},\"query-input\":\"required name=search_term_string\"}],\"inLanguage\":\"de\"},{\"@type\":\"Organization\",\"@id\":\"https:\/\/mallorca-activities.com\/de\/#organization\",\"name\":\"MALLORCA ACTIVITIES\",\"url\":\"https:\/\/mallorca-activities.com\/de\/\",\"logo\":{\"@type\":\"ImageObject\",\"inLanguage\":\"de\",\"@id\":\"https:\/\/mallorca-activities.com\/de\/#\/schema\/logo\/image\/\",\"url\":\"https:\/\/mallorca-activities.com\/wp-content\/uploads\/2020\/09\/cropped-fav-3.png\",\"contentUrl\":\"https:\/\/mallorca-activities.com\/wp-content\/uploads\/2020\/09\/cropped-fav-3.png\",\"width\":512,\"height\":512,\"caption\":\"MALLORCA ACTIVITIES\"},\"image\":{\"@id\":\"https:\/\/mallorca-activities.com\/de\/#\/schema\/logo\/image\/\"},\"sameAs\":[\"https:\/\/www.facebook.com\/mallorcactivities33\/\"]}]}<\/script>\n<!-- \/ Yoast SEO plugin. -->","yoast_head_json":{"title":"GR221 WEITWANDERN MALLORCA - Mallorca Activities","description":"Der GR221 in der Sierra de Tramuntana ist ideal zum Weitwandern auf Mallorca und f\u00fchrt durch Estellencs, Banyalbufar, Valldemossa, Deia, Soller","robots":{"index":"index","follow":"follow","max-snippet":"max-snippet:-1","max-image-preview":"max-image-preview:large","max-video-preview":"max-video-preview:-1"},"canonical":"https:\/\/mallorca-activities.com\/de\/producto\/gr221-weitwandern-mallorca-einzelzimmer\/","og_locale":"de_DE","og_type":"article","og_title":"GR221 WEITWANDERN MALLORCA - Mallorca Activities","og_description":"Der GR221 in der Sierra de Tramuntana ist ideal zum Weitwandern auf Mallorca und f\u00fchrt durch Estellencs, Banyalbufar, Valldemossa, Deia, Soller","og_url":"https:\/\/mallorca-activities.com\/de\/producto\/gr221-weitwandern-mallorca-einzelzimmer\/","og_site_name":"Mallorca Activities","article_publisher":"https:\/\/www.facebook.com\/mallorcactivities33\/","article_modified_time":"2022-02-04T21:16:40+00:00","og_image":[{"width":1632,"height":1224,"url":"https:\/\/mallorca-activities.com\/wp-content\/uploads\/2020\/09\/Grupos_Senderismo_3.jpg","type":"image\/jpeg"}],"twitter_card":"summary_large_image","twitter_misc":{"Gesch\u00e4tzte Lesezeit":"1\u00a0Minute"},"schema":{"@context":"https:\/\/schema.org","@graph":[{"@type":"WebPage","@id":"https:\/\/mallorca-activities.com\/de\/producto\/gr221-weitwandern-mallorca-einzelzimmer\/","url":"https:\/\/mallorca-activities.com\/de\/producto\/gr221-weitwandern-mallorca-einzelzimmer\/","name":"GR221 WEITWANDERN MALLORCA - Mallorca Activities","isPartOf":{"@id":"https:\/\/mallorca-activities.com\/de\/#website"},"datePublished":"2020-09-12T17:26:15+00:00","dateModified":"2022-02-04T21:16:40+00:00","description":"Der GR221 in der Sierra de Tramuntana ist ideal zum Weitwandern auf Mallorca und f\u00fchrt durch Estellencs, Banyalbufar, Valldemossa, Deia, Soller","breadcrumb":{"@id":"https:\/\/mallorca-activities.com\/de\/producto\/gr221-weitwandern-mallorca-einzelzimmer\/#breadcrumb"},"inLanguage":"de","potentialAction":[{"@type":"ReadAction","target":["https:\/\/mallorca-activities.com\/de\/producto\/gr221-weitwandern-mallorca-einzelzimmer\/"]}]},{"@type":"BreadcrumbList","@id":"https:\/\/mallorca-activities.com\/de\/producto\/gr221-weitwandern-mallorca-einzelzimmer\/#breadcrumb","itemListElement":[{"@type":"ListItem","position":1,"name":"Portada","item":"https:\/\/mallorca-activities.com\/de\/"},{"@type":"ListItem","position":2,"name":"Tienda","item":"https:\/\/mallorca-activities.com\/tienda\/"},{"@type":"ListItem","position":3,"name":"GR221 WEITWANDERN MALLORCA &#8211; EINZELZIMMER"}]},{"@type":"WebSite","@id":"https:\/\/mallorca-activities.com\/de\/#website","url":"https:\/\/mallorca-activities.com\/de\/","name":"Mallorca Activities","description":"Agencia de Incoming fundada en Mallorca, dedicada al deporte y eventos de aventura; donde puedes disfrutar del deporte individual","publisher":{"@id":"https:\/\/mallorca-activities.com\/de\/#organization"},"potentialAction":[{"@type":"SearchAction","target":{"@type":"EntryPoint","urlTemplate":"https:\/\/mallorca-activities.com\/de\/?s={search_term_string}"},"query-input":"required name=search_term_string"}],"inLanguage":"de"},{"@type":"Organization","@id":"https:\/\/mallorca-activities.com\/de\/#organization","name":"MALLORCA ACTIVITIES","url":"https:\/\/mallorca-activities.com\/de\/","logo":{"@type":"ImageObject","inLanguage":"de","@id":"https:\/\/mallorca-activities.com\/de\/#\/schema\/logo\/image\/","url":"https:\/\/mallorca-activities.com\/wp-content\/uploads\/2020\/09\/cropped-fav-3.png","contentUrl":"https:\/\/mallorca-activities.com\/wp-content\/uploads\/2020\/09\/cropped-fav-3.png","width":512,"height":512,"caption":"MALLORCA ACTIVITIES"},"image":{"@id":"https:\/\/mallorca-activities.com\/de\/#\/schema\/logo\/image\/"},"sameAs":["https:\/\/www.facebook.com\/mallorcactivities33\/"]}]}},"_links":{"self":[{"href":"https:\/\/mallorca-activities.com\/de\/wp-json\/wp\/v2\/product\/752"}],"collection":[{"href":"https:\/\/mallorca-activities.com\/de\/wp-json\/wp\/v2\/product"}],"about":[{"href":"https:\/\/mallorca-activities.com\/de\/wp-json\/wp\/v2\/types\/product"}],"wp:featuredmedia":[{"embeddable":true,"href":"https:\/\/mallorca-activities.com\/de\/wp-json\/wp\/v2\/media\/2152"}],"wp:attachment":[{"href":"https:\/\/mallorca-activities.com\/de\/wp-json\/wp\/v2\/media?parent=752"}],"wp:term":[{"taxonomy":"product_cat","embeddable":true,"href":"https:\/\/mallorca-activities.com\/de\/wp-json\/wp\/v2\/product_cat?post=752"},{"taxonomy":"product_tag","embeddable":true,"href":"https:\/\/mallorca-activities.com\/de\/wp-json\/wp\/v2\/product_tag?post=752"}],"curies":[{"name":"wp","href":"https:\/\/api.w.org\/{rel}","templated":true}]}}