{"id":750,"date":"2020-09-15T12:34:58","date_gmt":"2020-09-15T10:34:58","guid":{"rendered":"https:\/\/mallorca-activities.com\/producto\/gr221-best-of-habitacion-individual\/"},"modified":"2020-10-20T17:52:55","modified_gmt":"2020-10-20T15:52:55","slug":"gr221-schoenste-etappen-einzelzimmer","status":"publish","type":"product","link":"https:\/\/mallorca-activities.com\/de\/producto\/gr221-schoenste-etappen-einzelzimmer\/","title":{"rendered":"GR221 &#8211;  BEST OF &#8211; EINZELZIMMER"},"content":{"rendered":"<p>Die sch\u00f6nste Etappen des GR221\u00a0 f\u00fchrt euch durch die malerischsten D\u00f6rfer der Sierra de Tramuntana, Valldemossa, Deia und S\u00f3ller und ist eine gute Mischung aus Kultur und Wandern. Auf der Strecke Deia-Soller besteht auch die M\u00f6glichkeit auf dem Malerweg zu wandern, welcher direkt am Meer verl\u00e4uft und Sie zum Baden einl\u00e4dt !! In Soller angekommen haben sie die M\u00f6glichkeit mit der \u00fcber 100 j\u00e4hrigen Strassenbahn bis in den mond\u00e4nen Hafen von Soller zu fahren. Oder aber Sie geniessen einfach das typische Dorfleben von S\u00f3ller auf dem Marktplatz.<\/p>\n<div class=\"wpb_text_column wpb_content_element \">\n<p class=\"wpb_wrapper\"><strong>Ankunft<\/strong><br \/>\nIndividuelle Anreise nach Valldemossa<\/p>\n<p class=\"wpb_wrapper\">Unterkunft: <a href=\"http:\/\/espetithotel-valldemossa.com\/de\" target=\"_blank\" rel=\"noopener noreferrer\">Es Petithotel Valldemossa<\/a><\/p>\n<\/div>\n<p><strong>Valldemossa &#8211; Deia<\/strong><br \/>\nDiese Wanderung f\u00fchrt durch Steineichenw\u00e4lder vorbei an alten K\u00f6hlerpl\u00e4tzen sowie Kalk\u00f6fen hinauf zum \u201ePuig Caragoli\u201c. \u00dcber einen Pass steigen wir hinab in das traumhafte Bergdorf Deia. Bei gutem Wetter bietet sich die M\u00f6glichkeit eines Bades in der Bucht von Deia.<\/p>\n<h6>\u25b2: 550 m \u00a0 \u00a0 \u00a0 \u00a0 \u00a0 \u00a0 \u00a0 \u00a0 \u00a0 \u00a0 \u00a0 \u00a0 \u00a0 \u00a0 \u00a0 \u00a0\u00a0 \u25bc: 720 m\u00a0\u00a0\u00a0\u00a0\u00a0\u00a0\u00a0\u00a0\u00a0\u00a0\u00a0\u00a0\u00a0\u00a0\u00a0\u00a0\u00a0\u00a0\u00a0\u00a0\u00a0\u00a0\u00a0\u00a0\u00a0\u00a0\u00a0\u00a0\u00a0\u00a0\u00a0 L\u00e4nge: ca. 12km \u00a0 \u00a0 \u00a0 \u00a0 \u00a0 \u00a0 \u00a0 \u00a0 \u00a0 \u00a0 \u00a0 \u00a0\u00a0 Gehzeit: ca. 5h.<\/h6>\n<p>Unterkunft: <a href=\"http:\/\/hostalvillaverde.es\/\" target=\"_blank\" rel=\"noopener noreferrer\">Hostal Villaverde<\/a><\/p>\n<p>Die einfachste Strecke unser Wanderwoche f\u00fchrt entlang des \u201eCam\u00ed des Pintors\u201c, vorbei an alten Gutsh\u00f6fen des 13.Jarhundert. Der Wanderweg arabischer Abstammung diente fr\u00fcher als Verbindung der D\u00f6rfer Soller und Deia. Bei sch\u00f6nem Wetter k\u00f6nnen wir am Strand von S\u00f3ller den Tag ausklingen lassen. Auserdem besteht die M\u00f6glichkeit eines Stadtbummels durch das Bergdorf S\u00f3ller, welches als \u201eHaupstadt\u201c der Tramuntana gilt.<\/p>\n<div class=\"wpb_text_column wpb_content_element \">\n<div class=\"wpb_wrapper\">\n<h6>\u25b2: 220 m \u00a0 \u00a0 \u00a0 \u00a0 \u00a0 \u00a0 \u00a0 \u00a0 \u00a0 \u00a0 \u00a0 \u00a0 \u00a0 \u00a0\u00a0 \u25bc: 280 m\u00a0\u00a0\u00a0\u00a0\u00a0\u00a0\u00a0\u00a0\u00a0\u00a0\u00a0\u00a0\u00a0\u00a0\u00a0\u00a0\u00a0\u00a0\u00a0\u00a0\u00a0\u00a0\u00a0\u00a0\u00a0\u00a0\u00a0\u00a0\u00a0\u00a0\u00a0\u00a0\u00a0\u00a0 L\u00e4nge: ca. 13 km \u00a0 \u00a0 \u00a0 \u00a0 \u00a0 \u00a0 \u00a0 \u00a0 \u00a0 \u00a0 Gehzeit: ca. 3,5 h.<\/h6>\n<p>Unterkunft: <a href=\"https:\/\/www.hotelsollerplaza.com\/es\/\" target=\"_blank\" rel=\"noopener noreferrer\">Hotel Soller Plaza<\/a><\/p>\n<\/div>\n<div class=\"wpb_text_column wpb_content_element \">\n<div class=\"wpb_wrapper\">\n<p><strong>Die Pilgerschlucht von Biniaraix <\/strong><br \/>\nDie Biniaraix \u2013 Schlucht ist eine der sch\u00f6nsten Landschaften des Tramuntana Gebirges und wurde zum \u201e\u00f6ffentlichen Kulturgut\u201c erkl\u00e4rt. Dieser steingepflasterte Wanderweg ist eine faszinierte Kombination aus Steinstufen, Fels, Wasser und wilder Vegetation.<\/p>\n<h6>\u25b2: 150 m\u00a0\u00a0\u00a0\u00a0\u00a0\u00a0\u00a0\u00a0\u00a0\u00a0\u00a0\u00a0\u00a0\u00a0\u00a0\u00a0\u00a0\u00a0\u00a0\u00a0\u00a0\u00a0\u00a0\u00a0\u00a0\u00a0 \u25bc: 800 m \u00a0 \u00a0 \u00a0 \u00a0 \u00a0 \u00a0 \u00a0 \u00a0 \u00a0 \u00a0 \u00a0 \u00a0 \u00a0 \u00a0 \u00a0 \u00a0 \u00a0 \u00a0\u00a0 L\u00e4nge: ca. 11 km \u00a0 \u00a0 \u00a0 \u00a0 \u00a0 \u00a0 \u00a0 \u00a0 \u00a0 \u00a0\u00a0 Gehzeit: ca. 5 Std.<\/h6>\n<p>Unterkunft: <a href=\"https:\/\/www.hotelsollerplaza.com\/es\/\" target=\"_blank\" rel=\"noopener noreferrer\">Hotel Soller Plaza<\/a><\/p>\n<div class=\"wpb_text_column wpb_content_element \">\n<div class=\"wpb_wrapper\">\n<p><strong>Individuelle Abreise<br \/>\n<\/strong>Fr\u00fchst\u00fcck<strong><br \/>\n<\/strong><\/p>\n<p>Solltet ihr bei dem Programm &#8222;GR221 sch\u00f6nste Etappen&#8220; ein Doppellzimmer ben\u00f6tigen, so k\u00f6nnt ihr dies <a href=\"https:\/\/mallorca-activities.com\/de\/producto\/gr221-schoenste-etappen-doppelzimmer\/\">hier<\/a> reservieren.<\/p>\n<\/div>\n<\/div>\n<\/div>\n<\/div>\n<\/div>\n","protected":false},"excerpt":{"rendered":"<p>5 Tage Programm!<br \/>\n<strong>W\u00e4hlen Sie den Tag der Einreise.<\/strong><\/p>\n","protected":false},"featured_media":642,"template":"","meta":[],"product_cat":[59],"product_tag":[],"yoast_head":"<!-- This site is optimized with the Yoast SEO plugin v21.1 - https:\/\/yoast.com\/wordpress\/plugins\/seo\/ -->\n<title>GR221 - BEST OF - EINZELZIMMER - Mallorca Activities<\/title>\n<meta name=\"description\" content=\"Die sch\u00f6nste Etappen des GR221\u00a0 f\u00fchrt euch durch die malerischsten D\u00f6rfer der Sierra de Tramuntana, Valldemossa, Deia und S\u00f3ller\" \/>\n<meta name=\"robots\" content=\"index, follow, max-snippet:-1, max-image-preview:large, max-video-preview:-1\" \/>\n<link rel=\"canonical\" href=\"https:\/\/mallorca-activities.com\/de\/producto\/gr221-schoenste-etappen-einzelzimmer\/\" \/>\n<meta property=\"og:locale\" content=\"de_DE\" \/>\n<meta property=\"og:type\" content=\"article\" \/>\n<meta property=\"og:title\" content=\"GR221 - BEST OF - EINZELZIMMER - Mallorca Activities\" \/>\n<meta property=\"og:description\" content=\"Die sch\u00f6nste Etappen des GR221\u00a0 f\u00fchrt euch durch die malerischsten D\u00f6rfer der Sierra de Tramuntana, Valldemossa, Deia und S\u00f3ller\" \/>\n<meta property=\"og:url\" content=\"https:\/\/mallorca-activities.com\/de\/producto\/gr221-schoenste-etappen-einzelzimmer\/\" \/>\n<meta property=\"og:site_name\" content=\"Mallorca Activities\" \/>\n<meta property=\"article:publisher\" content=\"https:\/\/www.facebook.com\/mallorcactivities33\/\" \/>\n<meta property=\"article:modified_time\" content=\"2020-10-20T15:52:55+00:00\" \/>\n<meta property=\"og:image\" content=\"https:\/\/mallorca-activities.com\/wp-content\/uploads\/2020\/09\/GR221_1.jpg\" \/>\n\t<meta property=\"og:image:width\" content=\"1000\" \/>\n\t<meta property=\"og:image:height\" content=\"750\" \/>\n\t<meta property=\"og:image:type\" content=\"image\/jpeg\" \/>\n<meta name=\"twitter:card\" content=\"summary_large_image\" \/>\n<meta name=\"twitter:label1\" content=\"Gesch\u00e4tzte Lesezeit\" \/>\n\t<meta name=\"twitter:data1\" content=\"2\u00a0Minuten\" \/>\n<script type=\"application\/ld+json\" class=\"yoast-schema-graph\">{\"@context\":\"https:\/\/schema.org\",\"@graph\":[{\"@type\":\"WebPage\",\"@id\":\"https:\/\/mallorca-activities.com\/de\/producto\/gr221-schoenste-etappen-einzelzimmer\/\",\"url\":\"https:\/\/mallorca-activities.com\/de\/producto\/gr221-schoenste-etappen-einzelzimmer\/\",\"name\":\"GR221 - BEST OF - EINZELZIMMER - Mallorca Activities\",\"isPartOf\":{\"@id\":\"https:\/\/mallorca-activities.com\/de\/#website\"},\"datePublished\":\"2020-09-15T10:34:58+00:00\",\"dateModified\":\"2020-10-20T15:52:55+00:00\",\"description\":\"Die sch\u00f6nste Etappen des GR221\u00a0 f\u00fchrt euch durch die malerischsten D\u00f6rfer der Sierra de Tramuntana, Valldemossa, Deia und S\u00f3ller\",\"breadcrumb\":{\"@id\":\"https:\/\/mallorca-activities.com\/de\/producto\/gr221-schoenste-etappen-einzelzimmer\/#breadcrumb\"},\"inLanguage\":\"de\",\"potentialAction\":[{\"@type\":\"ReadAction\",\"target\":[\"https:\/\/mallorca-activities.com\/de\/producto\/gr221-schoenste-etappen-einzelzimmer\/\"]}]},{\"@type\":\"BreadcrumbList\",\"@id\":\"https:\/\/mallorca-activities.com\/de\/producto\/gr221-schoenste-etappen-einzelzimmer\/#breadcrumb\",\"itemListElement\":[{\"@type\":\"ListItem\",\"position\":1,\"name\":\"Portada\",\"item\":\"https:\/\/mallorca-activities.com\/de\/\"},{\"@type\":\"ListItem\",\"position\":2,\"name\":\"Tienda\",\"item\":\"https:\/\/mallorca-activities.com\/tienda\/\"},{\"@type\":\"ListItem\",\"position\":3,\"name\":\"GR221 &#8211; BEST OF &#8211; EINZELZIMMER\"}]},{\"@type\":\"WebSite\",\"@id\":\"https:\/\/mallorca-activities.com\/de\/#website\",\"url\":\"https:\/\/mallorca-activities.com\/de\/\",\"name\":\"Mallorca Activities\",\"description\":\"Agencia de Incoming fundada en Mallorca, dedicada al deporte y eventos de aventura; donde puedes disfrutar del deporte individual\",\"publisher\":{\"@id\":\"https:\/\/mallorca-activities.com\/de\/#organization\"},\"potentialAction\":[{\"@type\":\"SearchAction\",\"target\":{\"@type\":\"EntryPoint\",\"urlTemplate\":\"https:\/\/mallorca-activities.com\/de\/?s={search_term_string}\"},\"query-input\":\"required name=search_term_string\"}],\"inLanguage\":\"de\"},{\"@type\":\"Organization\",\"@id\":\"https:\/\/mallorca-activities.com\/de\/#organization\",\"name\":\"MALLORCA ACTIVITIES\",\"url\":\"https:\/\/mallorca-activities.com\/de\/\",\"logo\":{\"@type\":\"ImageObject\",\"inLanguage\":\"de\",\"@id\":\"https:\/\/mallorca-activities.com\/de\/#\/schema\/logo\/image\/\",\"url\":\"https:\/\/mallorca-activities.com\/wp-content\/uploads\/2020\/09\/cropped-fav-3.png\",\"contentUrl\":\"https:\/\/mallorca-activities.com\/wp-content\/uploads\/2020\/09\/cropped-fav-3.png\",\"width\":512,\"height\":512,\"caption\":\"MALLORCA ACTIVITIES\"},\"image\":{\"@id\":\"https:\/\/mallorca-activities.com\/de\/#\/schema\/logo\/image\/\"},\"sameAs\":[\"https:\/\/www.facebook.com\/mallorcactivities33\/\"]}]}<\/script>\n<!-- \/ Yoast SEO plugin. -->","yoast_head_json":{"title":"GR221 - BEST OF - EINZELZIMMER - Mallorca Activities","description":"Die sch\u00f6nste Etappen des GR221\u00a0 f\u00fchrt euch durch die malerischsten D\u00f6rfer der Sierra de Tramuntana, Valldemossa, Deia und S\u00f3ller","robots":{"index":"index","follow":"follow","max-snippet":"max-snippet:-1","max-image-preview":"max-image-preview:large","max-video-preview":"max-video-preview:-1"},"canonical":"https:\/\/mallorca-activities.com\/de\/producto\/gr221-schoenste-etappen-einzelzimmer\/","og_locale":"de_DE","og_type":"article","og_title":"GR221 - BEST OF - EINZELZIMMER - Mallorca Activities","og_description":"Die sch\u00f6nste Etappen des GR221\u00a0 f\u00fchrt euch durch die malerischsten D\u00f6rfer der Sierra de Tramuntana, Valldemossa, Deia und S\u00f3ller","og_url":"https:\/\/mallorca-activities.com\/de\/producto\/gr221-schoenste-etappen-einzelzimmer\/","og_site_name":"Mallorca Activities","article_publisher":"https:\/\/www.facebook.com\/mallorcactivities33\/","article_modified_time":"2020-10-20T15:52:55+00:00","og_image":[{"width":1000,"height":750,"url":"https:\/\/mallorca-activities.com\/wp-content\/uploads\/2020\/09\/GR221_1.jpg","type":"image\/jpeg"}],"twitter_card":"summary_large_image","twitter_misc":{"Gesch\u00e4tzte Lesezeit":"2\u00a0Minuten"},"schema":{"@context":"https:\/\/schema.org","@graph":[{"@type":"WebPage","@id":"https:\/\/mallorca-activities.com\/de\/producto\/gr221-schoenste-etappen-einzelzimmer\/","url":"https:\/\/mallorca-activities.com\/de\/producto\/gr221-schoenste-etappen-einzelzimmer\/","name":"GR221 - BEST OF - EINZELZIMMER - Mallorca Activities","isPartOf":{"@id":"https:\/\/mallorca-activities.com\/de\/#website"},"datePublished":"2020-09-15T10:34:58+00:00","dateModified":"2020-10-20T15:52:55+00:00","description":"Die sch\u00f6nste Etappen des GR221\u00a0 f\u00fchrt euch durch die malerischsten D\u00f6rfer der Sierra de Tramuntana, Valldemossa, Deia und S\u00f3ller","breadcrumb":{"@id":"https:\/\/mallorca-activities.com\/de\/producto\/gr221-schoenste-etappen-einzelzimmer\/#breadcrumb"},"inLanguage":"de","potentialAction":[{"@type":"ReadAction","target":["https:\/\/mallorca-activities.com\/de\/producto\/gr221-schoenste-etappen-einzelzimmer\/"]}]},{"@type":"BreadcrumbList","@id":"https:\/\/mallorca-activities.com\/de\/producto\/gr221-schoenste-etappen-einzelzimmer\/#breadcrumb","itemListElement":[{"@type":"ListItem","position":1,"name":"Portada","item":"https:\/\/mallorca-activities.com\/de\/"},{"@type":"ListItem","position":2,"name":"Tienda","item":"https:\/\/mallorca-activities.com\/tienda\/"},{"@type":"ListItem","position":3,"name":"GR221 &#8211; BEST OF &#8211; EINZELZIMMER"}]},{"@type":"WebSite","@id":"https:\/\/mallorca-activities.com\/de\/#website","url":"https:\/\/mallorca-activities.com\/de\/","name":"Mallorca Activities","description":"Agencia de Incoming fundada en Mallorca, dedicada al deporte y eventos de aventura; donde puedes disfrutar del deporte individual","publisher":{"@id":"https:\/\/mallorca-activities.com\/de\/#organization"},"potentialAction":[{"@type":"SearchAction","target":{"@type":"EntryPoint","urlTemplate":"https:\/\/mallorca-activities.com\/de\/?s={search_term_string}"},"query-input":"required name=search_term_string"}],"inLanguage":"de"},{"@type":"Organization","@id":"https:\/\/mallorca-activities.com\/de\/#organization","name":"MALLORCA ACTIVITIES","url":"https:\/\/mallorca-activities.com\/de\/","logo":{"@type":"ImageObject","inLanguage":"de","@id":"https:\/\/mallorca-activities.com\/de\/#\/schema\/logo\/image\/","url":"https:\/\/mallorca-activities.com\/wp-content\/uploads\/2020\/09\/cropped-fav-3.png","contentUrl":"https:\/\/mallorca-activities.com\/wp-content\/uploads\/2020\/09\/cropped-fav-3.png","width":512,"height":512,"caption":"MALLORCA ACTIVITIES"},"image":{"@id":"https:\/\/mallorca-activities.com\/de\/#\/schema\/logo\/image\/"},"sameAs":["https:\/\/www.facebook.com\/mallorcactivities33\/"]}]}},"_links":{"self":[{"href":"https:\/\/mallorca-activities.com\/de\/wp-json\/wp\/v2\/product\/750"}],"collection":[{"href":"https:\/\/mallorca-activities.com\/de\/wp-json\/wp\/v2\/product"}],"about":[{"href":"https:\/\/mallorca-activities.com\/de\/wp-json\/wp\/v2\/types\/product"}],"wp:featuredmedia":[{"embeddable":true,"href":"https:\/\/mallorca-activities.com\/de\/wp-json\/wp\/v2\/media\/642"}],"wp:attachment":[{"href":"https:\/\/mallorca-activities.com\/de\/wp-json\/wp\/v2\/media?parent=750"}],"wp:term":[{"taxonomy":"product_cat","embeddable":true,"href":"https:\/\/mallorca-activities.com\/de\/wp-json\/wp\/v2\/product_cat?post=750"},{"taxonomy":"product_tag","embeddable":true,"href":"https:\/\/mallorca-activities.com\/de\/wp-json\/wp\/v2\/product_tag?post=750"}],"curies":[{"name":"wp","href":"https:\/\/api.w.org\/{rel}","templated":true}]}}