{"id":2716,"date":"2020-12-04T16:43:24","date_gmt":"2020-12-04T15:43:23","guid":{"rendered":"https:\/\/mallorca-activities.com\/?post_type=product&#038;p=2716"},"modified":"2020-12-09T20:20:23","modified_gmt":"2020-12-09T19:20:23","slug":"mallorca-fahrrad-und-wandern-doppelzimmer","status":"publish","type":"product","link":"https:\/\/mallorca-activities.com\/de\/producto\/mallorca-fahrrad-und-wandern-doppelzimmer\/","title":{"rendered":"MALLORCA FAHRRAD UND WANDERN"},"content":{"rendered":"<p>Das Programm Mallorca Fahrrad und Wandern verbindet 2 wesentliche Aktivit\u00e4ten des Aktivtourismuses. Am Fusse der Serra de Tramuntana gelegen, sowie die N\u00e4he zu den Weinfeldern macht das kleine beschauliche Dorf Alar\u00f3 zum perfekte Ausgangspunkt f\u00fcr dieses Twinprogram.<\/p>\n<p><strong>Mallorca ist faszinierend<\/strong>, hat eine wundersch\u00f6ne vielf\u00e4ltige Natur, <strong>ein gutes Klima<\/strong>, und bietet un\u00fcbertreffliche Voraussetzungen f\u00fcr Radwanderer wie Profisportler. Dar\u00fcber hinaus verf\u00fcgt Mallorca\u00a0 \u00fcber ein Stra\u00dfennetz von 1.250 km L\u00e4nge. 675 km davon sind Neben- und Seitenstra\u00dfen, die durchschnittliche Breite betr\u00e4gt etwa 6,50 Meter. W\u00e4hrend sich die grossen <strong>Radsportgruppen<\/strong> in Alcudia und an der Playa de Palma sammeln, geniesst der Radfahrer in Alar\u00f3 Ruhe in kleinen Gruppen, Zwei- oder Einsamkeit.<\/p>\n<p>Die Wanderungen sowie Radtouren sind Vorschl\u00e4ge und k\u00f6nnen vor Ort gerne an eure Bed\u00fcrfnisse angepasst werden. Das bedeutet ihr seit an keine Reihenfolge oder Tour speziell gebunden. Da es sich hier um ein individuelles Program handelt, k\u00f6nnt ihr nach Lust, Laune und k\u00f6rperlicher Fitness euer eigenes Program gestallten. Das <a href=\"https:\/\/mallorca-activities.com\/de\/kontakt\/\">B\u00fcro<\/a> von Mallorca Activities ist nur 5min zu Fuss vom Hotel entfernt, somit stehen wir euch auch jederzeit gerne mit Rat un Tat zur Verf\u00fcgung.<\/p>\n<p>&nbsp;<\/p>\n<div class=\"wpb_text_column wpb_content_element \">\n<div class=\"wpb_wrapper\">\n<p><strong>Tag 1: Ankunft<\/strong><br \/>\nUnterkunft: <a href=\"https:\/\/petithotelalaro.es\/\">Petithotel Alar\u00f3<\/a><\/p>\n<p><strong>Tag 2: Wanderung &#8211; Alar\u00f3 und Umgebung: \u00dcber die Burgruine Castell d&#8217;Alar\u00f3 nach Orient<br \/>\n<\/strong><\/p>\n<div class=\"wpb_text_column wpb_content_element \">\n<div class=\"wpb_wrapper\">\n<h6>\u25b2: 600 m \u00a0 \u00a0 \u00a0 \u00a0 \u00a0 \u00a0 \u00a0 \u00a0 \u00a0 \u00a0 \u00a0 \u00a0 \u00a0 \u00a0 \u00a0 \u00a0 \u00a0 \u00a0 \u00a0 \u00a0 \u00a0 \u00a0 \u00a0 \u00a0 \u00a0 \u00a0 \u25bc: 600 m\u00a0\u00a0\u00a0\u00a0\u00a0\u00a0\u00a0\u00a0\u00a0\u00a0\u00a0\u00a0\u00a0\u00a0\u00a0\u00a0\u00a0\u00a0\u00a0\u00a0\u00a0\u00a0\u00a0\u00a0\u00a0\u00a0\u00a0\u00a0\u00a0\u00a0\u00a0\u00a0\u00a0\u00a0\u00a0\u00a0\u00a0\u00a0\u00a0\u00a0\u00a0\u00a0\u00a0\u00a0\u00a0\u00a0\u00a0\u00a0\u00a0\u00a0\u00a0\u00a0\u00a0\u00a0 Entfernung: Ca. 10 km \u00a0 \u00a0 \u00a0 \u00a0 \u00a0 \u00a0 \u00a0 \u00a0 \u00a0 \u00a0 \u00a0 \u00a0 \u00a0 \u00a0 \u00a0 \u00a0 \u00a0 \u00a0 \u00a0 \u00a0 \u00a0 \u00a0 \u00a0 \u00a0 \u00a0 \u00a0 \u00a0 \u00a0 \u00a0 Zeit: Ca. 4h.<\/h6>\n<p>Unterkunft: <a href=\"https:\/\/petithotelalaro.es\/\">Petithotel Alar\u00f3<\/a><\/p>\n<div class=\"wpb_text_column wpb_content_element \">\n<div class=\"wpb_wrapper\">\n<p><strong>Tag 3: Wanderung &#8211; Das einsame Tal von S&#8217;Almadra<br \/>\n<\/strong><\/p>\n<h6>\u25b2: 400 m\u00a0\u00a0\u00a0\u00a0\u00a0\u00a0\u00a0\u00a0\u00a0\u00a0\u00a0\u00a0\u00a0\u00a0\u00a0\u00a0\u00a0\u00a0\u00a0\u00a0\u00a0\u00a0\u00a0\u00a0\u00a0\u00a0\u00a0\u00a0\u00a0\u00a0\u00a0\u00a0\u00a0\u00a0\u00a0\u00a0\u00a0\u00a0\u00a0\u00a0\u00a0\u00a0\u00a0\u00a0\u00a0\u00a0\u00a0\u00a0\u00a0 \u25bc: 400 m\u00a0\u00a0\u00a0\u00a0\u00a0\u00a0\u00a0\u00a0\u00a0\u00a0\u00a0\u00a0\u00a0\u00a0\u00a0\u00a0\u00a0\u00a0\u00a0\u00a0\u00a0\u00a0\u00a0\u00a0\u00a0\u00a0\u00a0\u00a0\u00a0\u00a0\u00a0\u00a0\u00a0\u00a0\u00a0\u00a0\u00a0\u00a0\u00a0\u00a0\u00a0\u00a0\u00a0\u00a0\u00a0\u00a0\u00a0\u00a0\u00a0\u00a0\u00a0\u00a0\u00a0\u00a0\u00a0\u00a0 Entfernung: Ca. 14km\u00a0\u00a0\u00a0\u00a0\u00a0\u00a0\u00a0\u00a0\u00a0\u00a0\u00a0\u00a0\u00a0\u00a0\u00a0\u00a0\u00a0\u00a0\u00a0\u00a0\u00a0\u00a0\u00a0\u00a0\u00a0\u00a0\u00a0\u00a0\u00a0\u00a0\u00a0\u00a0\u00a0\u00a0\u00a0\u00a0\u00a0\u00a0\u00a0\u00a0\u00a0\u00a0\u00a0\u00a0\u00a0\u00a0\u00a0\u00a0\u00a0\u00a0\u00a0\u00a0\u00a0\u00a0\u00a0\u00a0\u00a0\u00a0\u00a0\u00a0\u00a0\u00a0 Zeit: Ca. 4h.<\/h6>\n<p>Unterkunft: <a href=\"https:\/\/petithotelalaro.es\/\">Petithotel Alar\u00f3<\/a><\/p>\n<p><strong>Tag 4: Wanderung &#8211; Wasserf\u00e4lle, K\u00f6hlermeiler und verwunschene W\u00e4lder<br \/>\n<\/strong><\/p>\n<div class=\"wpb_text_column wpb_content_element \">\n<div class=\"wpb_wrapper\">\n<h6>\u25b2: 550 m\u00a0\u00a0\u00a0\u00a0\u00a0\u00a0\u00a0\u00a0\u00a0\u00a0\u00a0\u00a0\u00a0\u00a0\u00a0\u00a0\u00a0\u00a0\u00a0\u00a0\u00a0\u00a0\u00a0\u00a0\u00a0\u00a0\u00a0\u00a0\u00a0\u00a0\u00a0\u00a0\u00a0\u00a0\u00a0\u00a0\u00a0\u00a0\u00a0\u00a0\u00a0\u00a0\u00a0\u00a0\u00a0\u00a0\u00a0 \u25bc: 550 m\u00a0\u00a0\u00a0\u00a0\u00a0\u00a0\u00a0\u00a0\u00a0\u00a0\u00a0\u00a0\u00a0\u00a0\u00a0\u00a0\u00a0\u00a0\u00a0\u00a0\u00a0\u00a0\u00a0\u00a0\u00a0\u00a0\u00a0\u00a0\u00a0\u00a0\u00a0\u00a0\u00a0\u00a0\u00a0\u00a0\u00a0\u00a0\u00a0\u00a0\u00a0\u00a0\u00a0\u00a0\u00a0\u00a0\u00a0\u00a0\u00a0\u00a0\u00a0\u00a0\u00a0\u00a0\u00a0\u00a0\u00a0 Entfernung: Ca. 16 km \u00a0 \u00a0 \u00a0 \u00a0 \u00a0 \u00a0 \u00a0 \u00a0 \u00a0 \u00a0 \u00a0 \u00a0 \u00a0 \u00a0 \u00a0 \u00a0 \u00a0 \u00a0 \u00a0 \u00a0 \u00a0 \u00a0 \u00a0 \u00a0 \u00a0 \u00a0 \u00a0 \u00a0 \u00a0 \u00a0\u00a0 Zeit: Ca. 5,5 h.<\/h6>\n<p>Unterkunft: <a href=\"https:\/\/petithotelalaro.es\/\">Petithotel Alar\u00f3<\/a><\/p>\n<p><strong>Tag 5: Radtour &#8211; Die Weinfelder von Binissalem<br \/>\n<\/strong><\/p>\n<h6>\u25b2: 100 m \u00a0 \u00a0 \u00a0 \u00a0 \u00a0 \u00a0 \u00a0 \u00a0 \u00a0 \u00a0 \u00a0 \u00a0 \u00a0 \u00a0 \u00a0 \u00a0 \u00a0 \u00a0 \u00a0 \u00a0 \u00a0 \u00a0 \u25bc: 100 m\u00a0\u00a0\u00a0\u00a0\u00a0\u00a0\u00a0\u00a0\u00a0\u00a0\u00a0\u00a0\u00a0\u00a0\u00a0\u00a0\u00a0\u00a0\u00a0\u00a0\u00a0\u00a0\u00a0\u00a0\u00a0\u00a0\u00a0\u00a0\u00a0\u00a0\u00a0\u00a0\u00a0\u00a0\u00a0\u00a0\u00a0\u00a0\u00a0\u00a0\u00a0\u00a0\u00a0\u00a0\u00a0\u00a0\u00a0\u00a0\u00a0\u00a0\u00a0\u00a0\u00a0\u00a0\u00a0\u00a0\u00a0\u00a0\u00a0 Entfernung: Ca. 45 km \u00a0 \u00a0 \u00a0 \u00a0 \u00a0 \u00a0 \u00a0 \u00a0 \u00a0 \u00a0 \u00a0 \u00a0 \u00a0 \u00a0 \u00a0 \u00a0 \u00a0 \u00a0 \u00a0 \u00a0 \u00a0 \u00a0 \u00a0 \u00a0 \u00a0 \u00a0 \u00a0 \u00a0 \u00a0 \u00a0 Zeit: Ca. 3,5 Std.<\/h6>\n<p>Unterkunft: <a href=\"https:\/\/petithotelalaro.es\/\">Petithotel Alar\u00f3<\/a><\/p>\n<div class=\"wpb_text_column wpb_content_element \">\n<div class=\"wpb_wrapper\">\n<p><strong>Tag 6: Radtour &#8211; Der Markt von Sineu<br \/>\n<\/strong><\/p>\n<h6>\u25b2: 250 m\u00a0\u00a0\u00a0\u00a0\u00a0\u00a0\u00a0\u00a0\u00a0\u00a0\u00a0\u00a0\u00a0\u00a0\u00a0\u00a0\u00a0\u00a0\u00a0\u00a0\u00a0\u00a0\u00a0\u00a0\u00a0\u00a0\u00a0\u00a0\u00a0\u00a0\u00a0\u00a0\u00a0\u00a0\u00a0\u00a0\u00a0\u00a0\u00a0\u00a0\u00a0\u00a0 \u25bc:\u00a0 250 m\u00a0\u00a0\u00a0\u00a0\u00a0\u00a0\u00a0\u00a0\u00a0\u00a0\u00a0\u00a0\u00a0\u00a0\u00a0\u00a0\u00a0\u00a0\u00a0\u00a0\u00a0\u00a0\u00a0\u00a0\u00a0\u00a0\u00a0\u00a0\u00a0\u00a0\u00a0\u00a0\u00a0\u00a0\u00a0\u00a0\u00a0\u00a0\u00a0\u00a0\u00a0\u00a0\u00a0\u00a0\u00a0\u00a0\u00a0\u00a0\u00a0\u00a0\u00a0\u00a0\u00a0\u00a0\u00a0\u00a0\u00a0 Entfernung: Ca. 50 km\u00a0\u00a0\u00a0\u00a0\u00a0\u00a0\u00a0\u00a0\u00a0\u00a0\u00a0\u00a0\u00a0\u00a0\u00a0\u00a0\u00a0\u00a0\u00a0\u00a0\u00a0\u00a0\u00a0\u00a0\u00a0\u00a0\u00a0\u00a0\u00a0\u00a0\u00a0\u00a0\u00a0\u00a0\u00a0\u00a0\u00a0\u00a0\u00a0\u00a0\u00a0\u00a0\u00a0\u00a0\u00a0\u00a0\u00a0\u00a0\u00a0\u00a0\u00a0\u00a0\u00a0\u00a0\u00a0\u00a0\u00a0\u00a0\u00a0\u00a0\u00a0 Zeit: Ca. 4 Std.<\/h6>\n<p>Unterkunft: <a href=\"https:\/\/petithotelalaro.es\/\">Petithotel Alar\u00f3<\/a><\/p>\n<div class=\"wpb_text_column wpb_content_element \">\n<div class=\"wpb_wrapper\">\n<p><strong>Tag 7: Tag zum Entspannen<\/strong><\/p>\n<p>Unterkunft:<a href=\"https:\/\/petithotelalaro.es\/\">Petithotel Alar\u00f3<\/a><\/p>\n<p><strong>Tag 8: Abreise<\/strong><\/p>\n<p>Fr\u00fchst\u00fcck<\/p>\n<p>Wir vermieten einfache Trekking R\u00e4der, Mountainbike oder Rennrad\u00a0 und im Hotel bekommt ihr bei Ankunft das Kartenmaterial mit\u00a0 Routenplanung.<\/p>\n<p>Auf Mallorca kann es schnelle und unvorhersehbare Wetterwechsel geben. <a href=\"http:\/\/www.aemet.es\/es\/eltiempo\/prediccion\/municipios\/escorca-lluc-id07019\">Hier<\/a> findet ihr die aktuelle Wetterprognose.<\/p>\n<\/div>\n<\/div>\n<\/div>\n<\/div>\n<\/div>\n<\/div>\n<\/div>\n<\/div>\n<\/div>\n<\/div>\n<\/div>\n<\/div>\n","protected":false},"excerpt":{"rendered":"<p>Mallorca Radfahren und Wandern &#8211; Doppelzimmer<br \/>\n<strong>W\u00e4hlen Sie den Tag der Einreise.<\/strong><\/p>\n<p>Der Preis ist pro Doppelzimmer (max. 2 Personen). M\u00f6chtet ihr 2 Betten anstatt ein Doppelbett, so gebt dies bitte bei der Buchung an.<\/p>\n","protected":false},"featured_media":2704,"template":"","meta":[],"product_cat":[57],"product_tag":[],"yoast_head":"<!-- This site is optimized with the Yoast SEO plugin v21.1 - https:\/\/yoast.com\/wordpress\/plugins\/seo\/ -->\n<title>Mallorca Fahrrad und Wandern - Mallorca Activities<\/title>\n<meta name=\"description\" content=\"Das Individuelle Programm Mallorca Fahrrad und Wandern verbindet 2 wesentliche Aktivit\u00e4ten des Aktivtourismuses. Ausgangsort ist Alar\u00f3.\" \/>\n<meta name=\"robots\" content=\"index, follow, max-snippet:-1, max-image-preview:large, max-video-preview:-1\" \/>\n<link rel=\"canonical\" href=\"https:\/\/mallorca-activities.com\/de\/producto\/mallorca-fahrrad-und-wandern-doppelzimmer\/\" \/>\n<meta property=\"og:locale\" content=\"de_DE\" \/>\n<meta property=\"og:type\" content=\"article\" \/>\n<meta property=\"og:title\" content=\"Mallorca Fahrrad und Wandern - Mallorca Activities\" \/>\n<meta property=\"og:description\" content=\"Das Individuelle Programm Mallorca Fahrrad und Wandern verbindet 2 wesentliche Aktivit\u00e4ten des Aktivtourismuses. Ausgangsort ist Alar\u00f3.\" \/>\n<meta property=\"og:url\" content=\"https:\/\/mallorca-activities.com\/de\/producto\/mallorca-fahrrad-und-wandern-doppelzimmer\/\" \/>\n<meta property=\"og:site_name\" content=\"Mallorca Activities\" \/>\n<meta property=\"article:publisher\" content=\"https:\/\/www.facebook.com\/mallorcactivities33\/\" \/>\n<meta property=\"article:modified_time\" content=\"2020-12-09T19:20:23+00:00\" \/>\n<meta property=\"og:image\" content=\"https:\/\/mallorca-activities.com\/wp-content\/uploads\/2020\/12\/Fahrrad-und-Wandern_1.jpg\" \/>\n\t<meta property=\"og:image:width\" content=\"577\" \/>\n\t<meta property=\"og:image:height\" content=\"433\" \/>\n\t<meta property=\"og:image:type\" content=\"image\/jpeg\" \/>\n<meta name=\"twitter:card\" content=\"summary_large_image\" \/>\n<meta name=\"twitter:label1\" content=\"Gesch\u00e4tzte Lesezeit\" \/>\n\t<meta name=\"twitter:data1\" content=\"2\u00a0Minuten\" \/>\n<script type=\"application\/ld+json\" class=\"yoast-schema-graph\">{\"@context\":\"https:\/\/schema.org\",\"@graph\":[{\"@type\":\"WebPage\",\"@id\":\"https:\/\/mallorca-activities.com\/de\/producto\/mallorca-fahrrad-und-wandern-doppelzimmer\/\",\"url\":\"https:\/\/mallorca-activities.com\/de\/producto\/mallorca-fahrrad-und-wandern-doppelzimmer\/\",\"name\":\"Mallorca Fahrrad und Wandern - Mallorca Activities\",\"isPartOf\":{\"@id\":\"https:\/\/mallorca-activities.com\/de\/#website\"},\"datePublished\":\"2020-12-04T15:43:23+00:00\",\"dateModified\":\"2020-12-09T19:20:23+00:00\",\"description\":\"Das Individuelle Programm Mallorca Fahrrad und Wandern verbindet 2 wesentliche Aktivit\u00e4ten des Aktivtourismuses. Ausgangsort ist Alar\u00f3.\",\"breadcrumb\":{\"@id\":\"https:\/\/mallorca-activities.com\/de\/producto\/mallorca-fahrrad-und-wandern-doppelzimmer\/#breadcrumb\"},\"inLanguage\":\"de\",\"potentialAction\":[{\"@type\":\"ReadAction\",\"target\":[\"https:\/\/mallorca-activities.com\/de\/producto\/mallorca-fahrrad-und-wandern-doppelzimmer\/\"]}]},{\"@type\":\"BreadcrumbList\",\"@id\":\"https:\/\/mallorca-activities.com\/de\/producto\/mallorca-fahrrad-und-wandern-doppelzimmer\/#breadcrumb\",\"itemListElement\":[{\"@type\":\"ListItem\",\"position\":1,\"name\":\"Portada\",\"item\":\"https:\/\/mallorca-activities.com\/de\/\"},{\"@type\":\"ListItem\",\"position\":2,\"name\":\"Tienda\",\"item\":\"https:\/\/mallorca-activities.com\/tienda\/\"},{\"@type\":\"ListItem\",\"position\":3,\"name\":\"MALLORCA FAHRRAD UND WANDERN\"}]},{\"@type\":\"WebSite\",\"@id\":\"https:\/\/mallorca-activities.com\/de\/#website\",\"url\":\"https:\/\/mallorca-activities.com\/de\/\",\"name\":\"Mallorca Activities\",\"description\":\"Agencia de Incoming fundada en Mallorca, dedicada al deporte y eventos de aventura; donde puedes disfrutar del deporte individual\",\"publisher\":{\"@id\":\"https:\/\/mallorca-activities.com\/de\/#organization\"},\"potentialAction\":[{\"@type\":\"SearchAction\",\"target\":{\"@type\":\"EntryPoint\",\"urlTemplate\":\"https:\/\/mallorca-activities.com\/de\/?s={search_term_string}\"},\"query-input\":\"required name=search_term_string\"}],\"inLanguage\":\"de\"},{\"@type\":\"Organization\",\"@id\":\"https:\/\/mallorca-activities.com\/de\/#organization\",\"name\":\"MALLORCA ACTIVITIES\",\"url\":\"https:\/\/mallorca-activities.com\/de\/\",\"logo\":{\"@type\":\"ImageObject\",\"inLanguage\":\"de\",\"@id\":\"https:\/\/mallorca-activities.com\/de\/#\/schema\/logo\/image\/\",\"url\":\"https:\/\/mallorca-activities.com\/wp-content\/uploads\/2020\/09\/cropped-fav-3.png\",\"contentUrl\":\"https:\/\/mallorca-activities.com\/wp-content\/uploads\/2020\/09\/cropped-fav-3.png\",\"width\":512,\"height\":512,\"caption\":\"MALLORCA ACTIVITIES\"},\"image\":{\"@id\":\"https:\/\/mallorca-activities.com\/de\/#\/schema\/logo\/image\/\"},\"sameAs\":[\"https:\/\/www.facebook.com\/mallorcactivities33\/\"]}]}<\/script>\n<!-- \/ Yoast SEO plugin. -->","yoast_head_json":{"title":"Mallorca Fahrrad und Wandern - Mallorca Activities","description":"Das Individuelle Programm Mallorca Fahrrad und Wandern verbindet 2 wesentliche Aktivit\u00e4ten des Aktivtourismuses. Ausgangsort ist Alar\u00f3.","robots":{"index":"index","follow":"follow","max-snippet":"max-snippet:-1","max-image-preview":"max-image-preview:large","max-video-preview":"max-video-preview:-1"},"canonical":"https:\/\/mallorca-activities.com\/de\/producto\/mallorca-fahrrad-und-wandern-doppelzimmer\/","og_locale":"de_DE","og_type":"article","og_title":"Mallorca Fahrrad und Wandern - Mallorca Activities","og_description":"Das Individuelle Programm Mallorca Fahrrad und Wandern verbindet 2 wesentliche Aktivit\u00e4ten des Aktivtourismuses. Ausgangsort ist Alar\u00f3.","og_url":"https:\/\/mallorca-activities.com\/de\/producto\/mallorca-fahrrad-und-wandern-doppelzimmer\/","og_site_name":"Mallorca Activities","article_publisher":"https:\/\/www.facebook.com\/mallorcactivities33\/","article_modified_time":"2020-12-09T19:20:23+00:00","og_image":[{"width":577,"height":433,"url":"https:\/\/mallorca-activities.com\/wp-content\/uploads\/2020\/12\/Fahrrad-und-Wandern_1.jpg","type":"image\/jpeg"}],"twitter_card":"summary_large_image","twitter_misc":{"Gesch\u00e4tzte Lesezeit":"2\u00a0Minuten"},"schema":{"@context":"https:\/\/schema.org","@graph":[{"@type":"WebPage","@id":"https:\/\/mallorca-activities.com\/de\/producto\/mallorca-fahrrad-und-wandern-doppelzimmer\/","url":"https:\/\/mallorca-activities.com\/de\/producto\/mallorca-fahrrad-und-wandern-doppelzimmer\/","name":"Mallorca Fahrrad und Wandern - Mallorca Activities","isPartOf":{"@id":"https:\/\/mallorca-activities.com\/de\/#website"},"datePublished":"2020-12-04T15:43:23+00:00","dateModified":"2020-12-09T19:20:23+00:00","description":"Das Individuelle Programm Mallorca Fahrrad und Wandern verbindet 2 wesentliche Aktivit\u00e4ten des Aktivtourismuses. Ausgangsort ist Alar\u00f3.","breadcrumb":{"@id":"https:\/\/mallorca-activities.com\/de\/producto\/mallorca-fahrrad-und-wandern-doppelzimmer\/#breadcrumb"},"inLanguage":"de","potentialAction":[{"@type":"ReadAction","target":["https:\/\/mallorca-activities.com\/de\/producto\/mallorca-fahrrad-und-wandern-doppelzimmer\/"]}]},{"@type":"BreadcrumbList","@id":"https:\/\/mallorca-activities.com\/de\/producto\/mallorca-fahrrad-und-wandern-doppelzimmer\/#breadcrumb","itemListElement":[{"@type":"ListItem","position":1,"name":"Portada","item":"https:\/\/mallorca-activities.com\/de\/"},{"@type":"ListItem","position":2,"name":"Tienda","item":"https:\/\/mallorca-activities.com\/tienda\/"},{"@type":"ListItem","position":3,"name":"MALLORCA FAHRRAD UND WANDERN"}]},{"@type":"WebSite","@id":"https:\/\/mallorca-activities.com\/de\/#website","url":"https:\/\/mallorca-activities.com\/de\/","name":"Mallorca Activities","description":"Agencia de Incoming fundada en Mallorca, dedicada al deporte y eventos de aventura; donde puedes disfrutar del deporte individual","publisher":{"@id":"https:\/\/mallorca-activities.com\/de\/#organization"},"potentialAction":[{"@type":"SearchAction","target":{"@type":"EntryPoint","urlTemplate":"https:\/\/mallorca-activities.com\/de\/?s={search_term_string}"},"query-input":"required name=search_term_string"}],"inLanguage":"de"},{"@type":"Organization","@id":"https:\/\/mallorca-activities.com\/de\/#organization","name":"MALLORCA ACTIVITIES","url":"https:\/\/mallorca-activities.com\/de\/","logo":{"@type":"ImageObject","inLanguage":"de","@id":"https:\/\/mallorca-activities.com\/de\/#\/schema\/logo\/image\/","url":"https:\/\/mallorca-activities.com\/wp-content\/uploads\/2020\/09\/cropped-fav-3.png","contentUrl":"https:\/\/mallorca-activities.com\/wp-content\/uploads\/2020\/09\/cropped-fav-3.png","width":512,"height":512,"caption":"MALLORCA ACTIVITIES"},"image":{"@id":"https:\/\/mallorca-activities.com\/de\/#\/schema\/logo\/image\/"},"sameAs":["https:\/\/www.facebook.com\/mallorcactivities33\/"]}]}},"_links":{"self":[{"href":"https:\/\/mallorca-activities.com\/de\/wp-json\/wp\/v2\/product\/2716"}],"collection":[{"href":"https:\/\/mallorca-activities.com\/de\/wp-json\/wp\/v2\/product"}],"about":[{"href":"https:\/\/mallorca-activities.com\/de\/wp-json\/wp\/v2\/types\/product"}],"wp:featuredmedia":[{"embeddable":true,"href":"https:\/\/mallorca-activities.com\/de\/wp-json\/wp\/v2\/media\/2704"}],"wp:attachment":[{"href":"https:\/\/mallorca-activities.com\/de\/wp-json\/wp\/v2\/media?parent=2716"}],"wp:term":[{"taxonomy":"product_cat","embeddable":true,"href":"https:\/\/mallorca-activities.com\/de\/wp-json\/wp\/v2\/product_cat?post=2716"},{"taxonomy":"product_tag","embeddable":true,"href":"https:\/\/mallorca-activities.com\/de\/wp-json\/wp\/v2\/product_tag?post=2716"}],"curies":[{"name":"wp","href":"https:\/\/api.w.org\/{rel}","templated":true}]}}