{"id":1167,"date":"2020-10-02T11:11:32","date_gmt":"2020-10-02T09:11:32","guid":{"rendered":"https:\/\/mallorca-activities.com\/?post_type=product&#038;p=1167"},"modified":"2021-06-30T23:51:20","modified_gmt":"2021-06-30T21:51:20","slug":"kletterkurs-mallorca","status":"publish","type":"product","link":"https:\/\/mallorca-activities.com\/de\/producto\/kletterkurs-mallorca\/","title":{"rendered":"KLETTERKURS MALLORCA"},"content":{"rendered":"<p id=\"tw-target-text\" class=\"tw-data-text tw-text-large XcVN5d tw-ta\" dir=\"ltr\" data-placeholder=\"Traducci\u00f3n\"><span lang=\"de\">Der Kletterkurs mit Mallorca Activities ist f\u00fcr alle Altersgruppen und Niveaus geeignet, insbesondere aber f\u00fcr Anf\u00e4nger. Du bist noch nie\u00a0 geklettert, und m\u00f6chtest es nun probieren? Somit ist der Kletterkurs der Stufe I perfekt f\u00fcr dich. In nur 4 &#8211; 5 Stunden lernst du die grundlegenden Techniken des Kletterns. Solltest du bis jetzt &#8222;nur&#8220; in der Halle geklettert sein und m\u00f6chtest nun am Fels klettern, somit ist der Level II-Kurs perfekt f\u00fcr dich. <\/span><\/p>\n<p class=\"tw-data-text tw-text-large XcVN5d tw-ta\" dir=\"ltr\" data-placeholder=\"Traducci\u00f3n\"><span lang=\"de\">Ihr sucht nach einer alternativen Aktivit\u00e4t zum Geburtstag f\u00fcr euer Kinde. Versucht es doch einmal mit einem Klettertag, sendet\u00a0 uns eine E-Mail an <a href=\"mailto:office@mallorca-activities.com\">office@mallorca-activities.com<\/a> und wir bieten\u00a0 euch eine Abenteueraktivit\u00e4t f\u00fcr Kinder an.<\/span><\/p>\n<p class=\"tw-data-text tw-text-large XcVN5d tw-ta\" dir=\"ltr\" data-placeholder=\"Traducci\u00f3n\"><strong><span lang=\"de\">Kletterkurs Stufe I &#8211; Inhalt: <\/span><\/strong><\/p>\n<ul>\n<li class=\"tw-data-text tw-text-large XcVN5d tw-ta\" dir=\"ltr\" data-placeholder=\"Traducci\u00f3n\"><span lang=\"de\">Knotentechnik. <\/span><\/li>\n<li class=\"tw-data-text tw-text-large XcVN5d tw-ta\" dir=\"ltr\" data-placeholder=\"Traducci\u00f3n\"><span lang=\"de\">Erstellen von\u00a0 Sicherungen <\/span><\/li>\n<li class=\"tw-data-text tw-text-large XcVN5d tw-ta\" dir=\"ltr\" data-placeholder=\"Traducci\u00f3n\"><span lang=\"de\">Mit verschiedenen Ger\u00e4ten und Knoten sichern <\/span><\/li>\n<li class=\"tw-data-text tw-text-large XcVN5d tw-ta\" dir=\"ltr\" data-placeholder=\"Traducci\u00f3n\"><span lang=\"de\">&#8222;Richtig fallen&#8220;<\/span><\/li>\n<li class=\"tw-data-text tw-text-large XcVN5d tw-ta\" dir=\"ltr\" data-placeholder=\"Traducci\u00f3n\"><span lang=\"de\">Technik &#8222;Top Rope&#8220; und &#8222;Vorstieg&#8220; <\/span><\/li>\n<\/ul>\n<p class=\"tw-data-text tw-text-large XcVN5d tw-ta\" dir=\"ltr\" data-placeholder=\"Traducci\u00f3n\"><strong><span lang=\"de\">Kletterkurs Stufe II &#8211; Inhalt: <\/span><\/strong><\/p>\n<ul>\n<li><span lang=\"de\">Technik zum Klettern von Mehrseill\u00e4ngenrouten. <\/span><\/li>\n<li><span lang=\"de\">Doppelseil sichern. Erstellen von Sicherungen mit Doppelseil\u00a0 <\/span><\/li>\n<li><span lang=\"de\">Abseilen mit Doppelseil<\/span><\/li>\n<\/ul>\n<p class=\"tw-data-text tw-text-large XcVN5d tw-ta\" dir=\"ltr\" data-placeholder=\"Traducci\u00f3n\"><strong><span lang=\"de\">Kletterkurs Stufe III &#8211; Inhalt: <\/span><\/strong><\/p>\n<ul>\n<li class=\"tw-data-text tw-text-large XcVN5d tw-ta\" dir=\"ltr\" data-placeholder=\"Traducci\u00f3n\"><span lang=\"de\">Selbstrettung <\/span><\/li>\n<li class=\"tw-data-text tw-text-large XcVN5d tw-ta\" dir=\"ltr\" data-placeholder=\"Traducci\u00f3n\"><span lang=\"de\">Klettern Sie im Notfall auf das zweite Seil.<\/span><\/li>\n<li class=\"tw-data-text tw-text-large XcVN5d tw-ta\" dir=\"ltr\" data-placeholder=\"Traducci\u00f3n\"><span lang=\"de\">Abseilen eines verletzten Partners<br \/>\n<\/span><\/li>\n<\/ul>\n<p class=\"tw-data-text tw-text-large XcVN5d tw-ta\" dir=\"ltr\" data-placeholder=\"Traducci\u00f3n\"><span lang=\"de\">* Kurs empfohlen f\u00fcr erfahrene Kletterer. <\/span><\/p>\n<p class=\"tw-data-text tw-text-large XcVN5d tw-ta\" dir=\"ltr\" data-placeholder=\"Traducci\u00f3n\"><strong><span lang=\"de\">Kletterzonen:<\/span><\/strong><\/p>\n<ul>\n<li class=\"tw-data-text tw-text-large XcVN5d tw-ta\" dir=\"ltr\" data-placeholder=\"Traducci\u00f3n\"><span lang=\"de\">Sa Gubia (Bu\u00f1ola), <\/span><\/li>\n<li class=\"tw-data-text tw-text-large XcVN5d tw-ta\" dir=\"ltr\" data-placeholder=\"Traducci\u00f3n\"><span lang=\"de\">s&#8217;Estret (Valldemosa), <\/span><\/li>\n<li class=\"tw-data-text tw-text-large XcVN5d tw-ta\" dir=\"ltr\" data-placeholder=\"Traducci\u00f3n\"><span lang=\"de\">Puerto Vallemosa, <\/span><\/li>\n<li class=\"tw-data-text tw-text-large XcVN5d tw-ta\" dir=\"ltr\" data-placeholder=\"Traducci\u00f3n\"><span lang=\"de\">Burg Alar\u00f3, <\/span><\/li>\n<\/ul>\n<p class=\"tw-data-text tw-text-large XcVN5d tw-ta\" dir=\"ltr\" data-placeholder=\"Traducci\u00f3n\"><span lang=\"de\"><strong>Notwendiges Material:<\/strong> <\/span><\/p>\n<ul>\n<li class=\"tw-data-text tw-text-large XcVN5d tw-ta\" dir=\"ltr\" data-placeholder=\"Traducci\u00f3n\"><span lang=\"de\">Kletter &#8211; oder Sportschuhe. <\/span><\/li>\n<li class=\"tw-data-text tw-text-large XcVN5d tw-ta\" dir=\"ltr\" data-placeholder=\"Traducci\u00f3n\"><span lang=\"de\">Bequeme Sportkleidung. <\/span><\/li>\n<li class=\"tw-data-text tw-text-large XcVN5d tw-ta\" dir=\"ltr\" data-placeholder=\"Traducci\u00f3n\"><span lang=\"de\">Wasser, mindestens 1 Liter \/ Person. <\/span><\/li>\n<\/ul>\n<p class=\"tw-data-text tw-text-large XcVN5d tw-ta\" dir=\"ltr\" data-placeholder=\"Traducci\u00f3n\"><span lang=\"de\">Der Kletterkurs Mallorca beinnhaltet: individuelle Sicherheitsausr\u00fcstung (Gurt, Helm, Karabiner) und kollektive Ausr\u00fcstung (Seile), <a href=\"https:\/\/mallorca-activities.com\/de\/incoming-agentur\/#guias\">Guide<\/a>. <\/span><\/p>\n<p class=\"tw-data-text tw-text-large XcVN5d tw-ta\" dir=\"ltr\" data-placeholder=\"Traducci\u00f3n\"><span lang=\"de\">Diese Aktivit\u00e4t ist Wetterabh\u00e4ngig und die Vorhersage k\u00f6nnt ihr<a href=\"http:\/\/www.aemet.es\/en\/eltiempo\/prediccion\/municipios\/alaro-id07001\"> hier<\/a> nachsehen.<\/span><\/p>\n","protected":false},"excerpt":{"rendered":"<p>Kletterkurs Stufe I, Stufe II oder Stufe III<\/p>\n","protected":false},"featured_media":0,"template":"","meta":[],"product_cat":[57],"product_tag":[],"yoast_head":"<!-- This site is optimized with the Yoast SEO plugin v21.1 - https:\/\/yoast.com\/wordpress\/plugins\/seo\/ -->\n<title>KLETTERKURS MALLORCA F\u00dcR ANF\u00c4NGER - Mallorca Activities<\/title>\n<meta name=\"description\" content=\"Mit einem Kletterkurs bei Mallorca Activities lernst du von den Grundlagen bis hin zu einer Selbstrettung alle notwendige Techniken.\" \/>\n<meta name=\"robots\" content=\"index, follow, max-snippet:-1, max-image-preview:large, max-video-preview:-1\" \/>\n<link rel=\"canonical\" href=\"https:\/\/mallorca-activities.com\/de\/producto\/kletterkurs-mallorca\/\" \/>\n<meta property=\"og:locale\" content=\"de_DE\" \/>\n<meta property=\"og:type\" content=\"article\" \/>\n<meta property=\"og:title\" content=\"KLETTERKURS MALLORCA F\u00dcR ANF\u00c4NGER - Mallorca Activities\" \/>\n<meta property=\"og:description\" content=\"Mit einem Kletterkurs bei Mallorca Activities lernst du von den Grundlagen bis hin zu einer Selbstrettung alle notwendige Techniken.\" \/>\n<meta property=\"og:url\" content=\"https:\/\/mallorca-activities.com\/de\/producto\/kletterkurs-mallorca\/\" \/>\n<meta property=\"og:site_name\" content=\"Mallorca Activities\" \/>\n<meta property=\"article:publisher\" content=\"https:\/\/www.facebook.com\/mallorcactivities33\/\" \/>\n<meta property=\"article:modified_time\" content=\"2021-06-30T21:51:20+00:00\" \/>\n<meta name=\"twitter:card\" content=\"summary_large_image\" \/>\n<meta name=\"twitter:label1\" content=\"Gesch\u00e4tzte Lesezeit\" \/>\n\t<meta name=\"twitter:data1\" content=\"1\u00a0Minute\" \/>\n<script type=\"application\/ld+json\" class=\"yoast-schema-graph\">{\"@context\":\"https:\/\/schema.org\",\"@graph\":[{\"@type\":\"WebPage\",\"@id\":\"https:\/\/mallorca-activities.com\/de\/producto\/kletterkurs-mallorca\/\",\"url\":\"https:\/\/mallorca-activities.com\/de\/producto\/kletterkurs-mallorca\/\",\"name\":\"KLETTERKURS MALLORCA F\u00dcR ANF\u00c4NGER - Mallorca Activities\",\"isPartOf\":{\"@id\":\"https:\/\/mallorca-activities.com\/de\/#website\"},\"datePublished\":\"2020-10-02T09:11:32+00:00\",\"dateModified\":\"2021-06-30T21:51:20+00:00\",\"description\":\"Mit einem Kletterkurs bei Mallorca Activities lernst du von den Grundlagen bis hin zu einer Selbstrettung alle notwendige Techniken.\",\"breadcrumb\":{\"@id\":\"https:\/\/mallorca-activities.com\/de\/producto\/kletterkurs-mallorca\/#breadcrumb\"},\"inLanguage\":\"de\",\"potentialAction\":[{\"@type\":\"ReadAction\",\"target\":[\"https:\/\/mallorca-activities.com\/de\/producto\/kletterkurs-mallorca\/\"]}]},{\"@type\":\"BreadcrumbList\",\"@id\":\"https:\/\/mallorca-activities.com\/de\/producto\/kletterkurs-mallorca\/#breadcrumb\",\"itemListElement\":[{\"@type\":\"ListItem\",\"position\":1,\"name\":\"Portada\",\"item\":\"https:\/\/mallorca-activities.com\/de\/\"},{\"@type\":\"ListItem\",\"position\":2,\"name\":\"Tienda\",\"item\":\"https:\/\/mallorca-activities.com\/tienda\/\"},{\"@type\":\"ListItem\",\"position\":3,\"name\":\"KLETTERKURS MALLORCA\"}]},{\"@type\":\"WebSite\",\"@id\":\"https:\/\/mallorca-activities.com\/de\/#website\",\"url\":\"https:\/\/mallorca-activities.com\/de\/\",\"name\":\"Mallorca Activities\",\"description\":\"Agencia de Incoming fundada en Mallorca, dedicada al deporte y eventos de aventura; donde puedes disfrutar del deporte individual\",\"publisher\":{\"@id\":\"https:\/\/mallorca-activities.com\/de\/#organization\"},\"potentialAction\":[{\"@type\":\"SearchAction\",\"target\":{\"@type\":\"EntryPoint\",\"urlTemplate\":\"https:\/\/mallorca-activities.com\/de\/?s={search_term_string}\"},\"query-input\":\"required name=search_term_string\"}],\"inLanguage\":\"de\"},{\"@type\":\"Organization\",\"@id\":\"https:\/\/mallorca-activities.com\/de\/#organization\",\"name\":\"MALLORCA ACTIVITIES\",\"url\":\"https:\/\/mallorca-activities.com\/de\/\",\"logo\":{\"@type\":\"ImageObject\",\"inLanguage\":\"de\",\"@id\":\"https:\/\/mallorca-activities.com\/de\/#\/schema\/logo\/image\/\",\"url\":\"https:\/\/mallorca-activities.com\/wp-content\/uploads\/2020\/09\/cropped-fav-3.png\",\"contentUrl\":\"https:\/\/mallorca-activities.com\/wp-content\/uploads\/2020\/09\/cropped-fav-3.png\",\"width\":512,\"height\":512,\"caption\":\"MALLORCA ACTIVITIES\"},\"image\":{\"@id\":\"https:\/\/mallorca-activities.com\/de\/#\/schema\/logo\/image\/\"},\"sameAs\":[\"https:\/\/www.facebook.com\/mallorcactivities33\/\"]}]}<\/script>\n<!-- \/ Yoast SEO plugin. -->","yoast_head_json":{"title":"KLETTERKURS MALLORCA F\u00dcR ANF\u00c4NGER - Mallorca Activities","description":"Mit einem Kletterkurs bei Mallorca Activities lernst du von den Grundlagen bis hin zu einer Selbstrettung alle notwendige Techniken.","robots":{"index":"index","follow":"follow","max-snippet":"max-snippet:-1","max-image-preview":"max-image-preview:large","max-video-preview":"max-video-preview:-1"},"canonical":"https:\/\/mallorca-activities.com\/de\/producto\/kletterkurs-mallorca\/","og_locale":"de_DE","og_type":"article","og_title":"KLETTERKURS MALLORCA F\u00dcR ANF\u00c4NGER - Mallorca Activities","og_description":"Mit einem Kletterkurs bei Mallorca Activities lernst du von den Grundlagen bis hin zu einer Selbstrettung alle notwendige Techniken.","og_url":"https:\/\/mallorca-activities.com\/de\/producto\/kletterkurs-mallorca\/","og_site_name":"Mallorca Activities","article_publisher":"https:\/\/www.facebook.com\/mallorcactivities33\/","article_modified_time":"2021-06-30T21:51:20+00:00","twitter_card":"summary_large_image","twitter_misc":{"Gesch\u00e4tzte Lesezeit":"1\u00a0Minute"},"schema":{"@context":"https:\/\/schema.org","@graph":[{"@type":"WebPage","@id":"https:\/\/mallorca-activities.com\/de\/producto\/kletterkurs-mallorca\/","url":"https:\/\/mallorca-activities.com\/de\/producto\/kletterkurs-mallorca\/","name":"KLETTERKURS MALLORCA F\u00dcR ANF\u00c4NGER - Mallorca Activities","isPartOf":{"@id":"https:\/\/mallorca-activities.com\/de\/#website"},"datePublished":"2020-10-02T09:11:32+00:00","dateModified":"2021-06-30T21:51:20+00:00","description":"Mit einem Kletterkurs bei Mallorca Activities lernst du von den Grundlagen bis hin zu einer Selbstrettung alle notwendige Techniken.","breadcrumb":{"@id":"https:\/\/mallorca-activities.com\/de\/producto\/kletterkurs-mallorca\/#breadcrumb"},"inLanguage":"de","potentialAction":[{"@type":"ReadAction","target":["https:\/\/mallorca-activities.com\/de\/producto\/kletterkurs-mallorca\/"]}]},{"@type":"BreadcrumbList","@id":"https:\/\/mallorca-activities.com\/de\/producto\/kletterkurs-mallorca\/#breadcrumb","itemListElement":[{"@type":"ListItem","position":1,"name":"Portada","item":"https:\/\/mallorca-activities.com\/de\/"},{"@type":"ListItem","position":2,"name":"Tienda","item":"https:\/\/mallorca-activities.com\/tienda\/"},{"@type":"ListItem","position":3,"name":"KLETTERKURS MALLORCA"}]},{"@type":"WebSite","@id":"https:\/\/mallorca-activities.com\/de\/#website","url":"https:\/\/mallorca-activities.com\/de\/","name":"Mallorca Activities","description":"Agencia de Incoming fundada en Mallorca, dedicada al deporte y eventos de aventura; donde puedes disfrutar del deporte individual","publisher":{"@id":"https:\/\/mallorca-activities.com\/de\/#organization"},"potentialAction":[{"@type":"SearchAction","target":{"@type":"EntryPoint","urlTemplate":"https:\/\/mallorca-activities.com\/de\/?s={search_term_string}"},"query-input":"required name=search_term_string"}],"inLanguage":"de"},{"@type":"Organization","@id":"https:\/\/mallorca-activities.com\/de\/#organization","name":"MALLORCA ACTIVITIES","url":"https:\/\/mallorca-activities.com\/de\/","logo":{"@type":"ImageObject","inLanguage":"de","@id":"https:\/\/mallorca-activities.com\/de\/#\/schema\/logo\/image\/","url":"https:\/\/mallorca-activities.com\/wp-content\/uploads\/2020\/09\/cropped-fav-3.png","contentUrl":"https:\/\/mallorca-activities.com\/wp-content\/uploads\/2020\/09\/cropped-fav-3.png","width":512,"height":512,"caption":"MALLORCA ACTIVITIES"},"image":{"@id":"https:\/\/mallorca-activities.com\/de\/#\/schema\/logo\/image\/"},"sameAs":["https:\/\/www.facebook.com\/mallorcactivities33\/"]}]}},"_links":{"self":[{"href":"https:\/\/mallorca-activities.com\/de\/wp-json\/wp\/v2\/product\/1167"}],"collection":[{"href":"https:\/\/mallorca-activities.com\/de\/wp-json\/wp\/v2\/product"}],"about":[{"href":"https:\/\/mallorca-activities.com\/de\/wp-json\/wp\/v2\/types\/product"}],"wp:attachment":[{"href":"https:\/\/mallorca-activities.com\/de\/wp-json\/wp\/v2\/media?parent=1167"}],"wp:term":[{"taxonomy":"product_cat","embeddable":true,"href":"https:\/\/mallorca-activities.com\/de\/wp-json\/wp\/v2\/product_cat?post=1167"},{"taxonomy":"product_tag","embeddable":true,"href":"https:\/\/mallorca-activities.com\/de\/wp-json\/wp\/v2\/product_tag?post=1167"}],"curies":[{"name":"wp","href":"https:\/\/api.w.org\/{rel}","templated":true}]}}