{"id":846,"date":"2020-09-10T11:45:38","date_gmt":"2020-09-10T09:45:38","guid":{"rendered":"https:\/\/mallorca-activities.com\/actividades-diarias\/"},"modified":"2024-08-04T16:45:59","modified_gmt":"2024-08-04T14:45:59","slug":"tagestouren-mallorca","status":"publish","type":"page","link":"https:\/\/mallorca-activities.com\/de\/tagestouren-mallorca\/","title":{"rendered":"Tagestouren"},"content":{"rendered":"[vc_row type=&#8220;in_container&#8220; full_screen_row_position=&#8220;middle&#8220; column_margin=&#8220;default&#8220; column_direction=&#8220;default&#8220; column_direction_tablet=&#8220;default&#8220; column_direction_phone=&#8220;default&#8220; scene_position=&#8220;center&#8220; top_padding=&#8220;5%&#8220; bottom_padding=&#8220;5%&#8220; text_color=&#8220;dark&#8220; text_align=&#8220;left&#8220; row_border_radius=&#8220;none&#8220; row_border_radius_applies=&#8220;bg&#8220; overlay_strength=&#8220;0.3&#8243; gradient_direction=&#8220;left_to_right&#8220; shape_divider_position=&#8220;bottom&#8220; bg_image_animation=&#8220;none&#8220; shape_type=&#8220;&#8220;][vc_column column_padding=&#8220;no-extra-padding&#8220; column_padding_tablet=&#8220;inherit&#8220; column_padding_phone=&#8220;inherit&#8220; column_padding_position=&#8220;all&#8220; background_color_opacity=&#8220;1&#8243; background_hover_color_opacity=&#8220;1&#8243; column_shadow=&#8220;none&#8220; column_border_radius=&#8220;none&#8220; column_link_target=&#8220;_self&#8220; gradient_direction=&#8220;left_to_right&#8220; overlay_strength=&#8220;0.3&#8243; width=&#8220;1\/1&#8243; tablet_width_inherit=&#8220;default&#8220; tablet_text_alignment=&#8220;default&#8220; phone_text_alignment=&#8220;default&#8220; column_border_width=&#8220;none&#8220; column_border_style=&#8220;solid&#8220; bg_image_animation=&#8220;none&#8220;][vc_column_text]\n<p class=\"tw-data-text tw-text-large XcVN5d tw-ta\" dir=\"ltr\" data-placeholder=\"Traducci\u00f3n\"><span lang=\"de\">Wir bieten folgende Aktivit\u00e4ten auf Mallorca an: <strong>Wandern, Klettern, Canyoning, Coasteering, Kajak<\/strong>. Ebenso bieten wir <strong>t\u00e4gliche Touren von\/bis <\/strong><\/span><strong>Port de S\u00f3ller<\/strong> an. S<span lang=\"de\">endet uns gerne eine e-Mail an: <a href=\"mailto:reservas@mallorca-activities.com\">reservas@mallorca-activities.com <\/a><\/span><span lang=\"de\">und wir erstellen euch ein individuelles Angebot.<br \/>\n<\/span><\/p>\n<p class=\"tw-data-text tw-text-large XcVN5d tw-ta\" dir=\"ltr\" data-placeholder=\"Traducci\u00f3n\"><span lang=\"de\">Tagestouren in kleinen Gruppen wie den &#8222;Kletterkurs&#8220; sind ebenfalls m\u00f6glich. Hier ist die Aktivit\u00e4t bereits mit 2 Personen best\u00e4tigt. Der Guide kann sich so speziell um jeden Kursteilnehmer k\u00fcmmern.<br \/>\n<\/span><\/p>\n<p dir=\"ltr\" data-placeholder=\"Traducci\u00f3n\">Die Tagestouren, welche Mallorca Activities anbietet, sind \u00f6ffentliche Gruppen. Das bedeutet, in den Gruppen sind Teilnehmer aus verschiedenen L\u00e4ndern und der Guide f\u00fchrt die Gruppe in englischer Sprache. M\u00f6chtet ihr einen deutschsprachigen Guide bei der Aktivit\u00e4t haben, so gebt dies bitte direkt bei der Buchung mit an. Alle unsere Guides sind einheimische ausgebildete Wander-, Berg-, bzw. Canyoningf\u00fchrer.<\/p>\n[\/vc_column_text][\/vc_column][\/vc_row][vc_row type=&#8220;in_container&#8220; full_screen_row_position=&#8220;middle&#8220; column_margin=&#8220;default&#8220; column_direction=&#8220;default&#8220; column_direction_tablet=&#8220;default&#8220; column_direction_phone=&#8220;default&#8220; scene_position=&#8220;center&#8220; text_color=&#8220;dark&#8220; text_align=&#8220;left&#8220; row_border_radius=&#8220;none&#8220; row_border_radius_applies=&#8220;bg&#8220; overlay_strength=&#8220;0.3&#8243; gradient_direction=&#8220;left_to_right&#8220; shape_divider_position=&#8220;bottom&#8220; bg_image_animation=&#8220;none&#8220;][vc_column column_padding=&#8220;no-extra-padding&#8220; column_padding_tablet=&#8220;inherit&#8220; column_padding_phone=&#8220;inherit&#8220; column_padding_position=&#8220;all&#8220; background_color_opacity=&#8220;1&#8243; background_hover_color_opacity=&#8220;1&#8243; column_shadow=&#8220;none&#8220; column_border_radius=&#8220;none&#8220; column_link_target=&#8220;_self&#8220; gradient_direction=&#8220;left_to_right&#8220; overlay_strength=&#8220;0.3&#8243; width=&#8220;1\/1&#8243; tablet_width_inherit=&#8220;default&#8220; tablet_text_alignment=&#8220;default&#8220; phone_text_alignment=&#8220;default&#8220; column_border_width=&#8220;none&#8220; column_border_style=&#8220;solid&#8220; bg_image_animation=&#8220;none&#8220;][vc_column_text]\n<p class=\"tw-data-text tw-text-large XcVN5d tw-ta\" dir=\"ltr\" data-placeholder=\"Traducci\u00f3n\"><span lang=\"de\">Kunden, welche eine &#8222;Online-Reservierung&#8220; vornehmen, erhalten eine automatische Best\u00e4tigungs-e-Mail. Bei Fragen k\u00f6nnt ihr direkt auf dieselbe e-Mail antworten. Beim Online-Kauf akzeptieren die Kunden automatisch unsere <a href=\"https:\/\/mallorca-activities.com\/de\/agb\/\" target=\"_blank\" rel=\"noopener\">Allgemeinen Gesch\u00e4ftsbedingungen<\/a>. <\/span><\/p>\n<p class=\"tw-data-text tw-text-large XcVN5d tw-ta\" dir=\"ltr\" data-placeholder=\"Traducci\u00f3n\"><span lang=\"de\">Alle Outdoor-Aktivit\u00e4ten sind wetterabh\u00e4ngig. Wenn im Falle von Schlechtwetter die Aktivit\u00e4t nicht stattfinden kann, erfolgt direkt die komplette R\u00fcckerstattung des gebuchten Betrages. Die Guides von Mallorca Activities behalten sich das Recht vor, bei schlechten Wetterverh\u00e4ltnissen die Aktivit\u00e4t den Bedingungen anzupassen. Die Wettervorhersage k\u00f6nnt ihr <a href=\"http:\/\/www.aemet.es\/en\/eltiempo\/prediccion\/municipios\/horas\/alaro-id07001\" target=\"_blank\" rel=\"noopener\">hier<\/a> nachsehen.<\/span><\/p>\n[\/vc_column_text][\/vc_column][\/vc_row]\n","protected":false},"excerpt":{"rendered":"<p>[vc_row type=&#8220;in_container&#8220; full_screen_row_position=&#8220;middle&#8220; column_margin=&#8220;default&#8220; column_direction=&#8220;default&#8220; column_direction_tablet=&#8220;default&#8220; column_direction_phone=&#8220;default&#8220; scene_position=&#8220;center&#8220; top_padding=&#8220;5%&#8220; bottom_padding=&#8220;5%&#8220; text_color=&#8220;dark&#8220; text_align=&#8220;left&#8220; row_border_radius=&#8220;none&#8220; row_border_radius_applies=&#8220;bg&#8220; overlay_strength=&#8220;0.3&#8243;&#8230;<\/p>\n","protected":false},"author":1,"featured_media":2080,"parent":0,"menu_order":0,"comment_status":"closed","ping_status":"closed","template":"","meta":[],"yoast_head":"<!-- This site is optimized with the Yoast SEO plugin v21.1 - https:\/\/yoast.com\/wordpress\/plugins\/seo\/ -->\n<title>Tagestouren - Mallorca Activities gef\u00fchrte Wandertouren in Soller, Pollensa,<\/title>\n<meta name=\"description\" content=\"Tagestouren organisiert von Mallorca Activities: Torrente de Pareis, Wanderungen, Klettern, Canyoning, Coasteering, Kayak oder Teambuilding\" \/>\n<meta name=\"robots\" content=\"index, follow, max-snippet:-1, max-image-preview:large, max-video-preview:-1\" \/>\n<link rel=\"canonical\" href=\"https:\/\/mallorca-activities.com\/de\/tagestouren-mallorca\/\" \/>\n<meta property=\"og:locale\" content=\"de_DE\" \/>\n<meta property=\"og:type\" content=\"article\" \/>\n<meta property=\"og:title\" content=\"Tagestouren - Mallorca Activities gef\u00fchrte Wandertouren in Soller, Pollensa,\" \/>\n<meta property=\"og:description\" content=\"Tagestouren organisiert von Mallorca Activities: Torrente de Pareis, Wanderungen, Klettern, Canyoning, Coasteering, Kayak oder Teambuilding\" \/>\n<meta property=\"og:url\" content=\"https:\/\/mallorca-activities.com\/de\/tagestouren-mallorca\/\" \/>\n<meta property=\"og:site_name\" content=\"Mallorca Activities\" \/>\n<meta property=\"article:publisher\" content=\"https:\/\/www.facebook.com\/mallorcactivities33\/\" \/>\n<meta property=\"article:modified_time\" content=\"2024-08-04T14:45:59+00:00\" \/>\n<meta property=\"og:image\" content=\"https:\/\/mallorca-activities.com\/wp-content\/uploads\/2020\/10\/IMG_1279-scaled.jpg\" \/>\n\t<meta property=\"og:image:width\" content=\"2560\" \/>\n\t<meta property=\"og:image:height\" content=\"1920\" \/>\n\t<meta property=\"og:image:type\" content=\"image\/jpeg\" \/>\n<meta name=\"twitter:card\" content=\"summary_large_image\" \/>\n<meta name=\"twitter:label1\" content=\"Gesch\u00e4tzte Lesezeit\" \/>\n\t<meta name=\"twitter:data1\" content=\"2\u00a0Minuten\" \/>\n<script type=\"application\/ld+json\" class=\"yoast-schema-graph\">{\"@context\":\"https:\/\/schema.org\",\"@graph\":[{\"@type\":\"WebPage\",\"@id\":\"https:\/\/mallorca-activities.com\/de\/tagestouren-mallorca\/\",\"url\":\"https:\/\/mallorca-activities.com\/de\/tagestouren-mallorca\/\",\"name\":\"Tagestouren - Mallorca Activities gef\u00fchrte Wandertouren in Soller, Pollensa,\",\"isPartOf\":{\"@id\":\"https:\/\/mallorca-activities.com\/de\/#website\"},\"datePublished\":\"2020-09-10T09:45:38+00:00\",\"dateModified\":\"2024-08-04T14:45:59+00:00\",\"description\":\"Tagestouren organisiert von Mallorca Activities: Torrente de Pareis, Wanderungen, Klettern, Canyoning, Coasteering, Kayak oder Teambuilding\",\"breadcrumb\":{\"@id\":\"https:\/\/mallorca-activities.com\/de\/tagestouren-mallorca\/#breadcrumb\"},\"inLanguage\":\"de\",\"potentialAction\":[{\"@type\":\"ReadAction\",\"target\":[\"https:\/\/mallorca-activities.com\/de\/tagestouren-mallorca\/\"]}]},{\"@type\":\"BreadcrumbList\",\"@id\":\"https:\/\/mallorca-activities.com\/de\/tagestouren-mallorca\/#breadcrumb\",\"itemListElement\":[{\"@type\":\"ListItem\",\"position\":1,\"name\":\"Portada\",\"item\":\"https:\/\/mallorca-activities.com\/de\/\"},{\"@type\":\"ListItem\",\"position\":2,\"name\":\"Tagestouren\"}]},{\"@type\":\"WebSite\",\"@id\":\"https:\/\/mallorca-activities.com\/de\/#website\",\"url\":\"https:\/\/mallorca-activities.com\/de\/\",\"name\":\"Mallorca Activities\",\"description\":\"Agencia de Incoming fundada en Mallorca, dedicada al deporte y eventos de aventura; donde puedes disfrutar del deporte individual\",\"publisher\":{\"@id\":\"https:\/\/mallorca-activities.com\/de\/#organization\"},\"potentialAction\":[{\"@type\":\"SearchAction\",\"target\":{\"@type\":\"EntryPoint\",\"urlTemplate\":\"https:\/\/mallorca-activities.com\/de\/?s={search_term_string}\"},\"query-input\":\"required name=search_term_string\"}],\"inLanguage\":\"de\"},{\"@type\":\"Organization\",\"@id\":\"https:\/\/mallorca-activities.com\/de\/#organization\",\"name\":\"MALLORCA ACTIVITIES\",\"url\":\"https:\/\/mallorca-activities.com\/de\/\",\"logo\":{\"@type\":\"ImageObject\",\"inLanguage\":\"de\",\"@id\":\"https:\/\/mallorca-activities.com\/de\/#\/schema\/logo\/image\/\",\"url\":\"https:\/\/mallorca-activities.com\/wp-content\/uploads\/2020\/09\/cropped-fav-3.png\",\"contentUrl\":\"https:\/\/mallorca-activities.com\/wp-content\/uploads\/2020\/09\/cropped-fav-3.png\",\"width\":512,\"height\":512,\"caption\":\"MALLORCA ACTIVITIES\"},\"image\":{\"@id\":\"https:\/\/mallorca-activities.com\/de\/#\/schema\/logo\/image\/\"},\"sameAs\":[\"https:\/\/www.facebook.com\/mallorcactivities33\/\"]}]}<\/script>\n<!-- \/ Yoast SEO plugin. -->","yoast_head_json":{"title":"Tagestouren - Mallorca Activities gef\u00fchrte Wandertouren in Soller, Pollensa,","description":"Tagestouren organisiert von Mallorca Activities: Torrente de Pareis, Wanderungen, Klettern, Canyoning, Coasteering, Kayak oder Teambuilding","robots":{"index":"index","follow":"follow","max-snippet":"max-snippet:-1","max-image-preview":"max-image-preview:large","max-video-preview":"max-video-preview:-1"},"canonical":"https:\/\/mallorca-activities.com\/de\/tagestouren-mallorca\/","og_locale":"de_DE","og_type":"article","og_title":"Tagestouren - Mallorca Activities gef\u00fchrte Wandertouren in Soller, Pollensa,","og_description":"Tagestouren organisiert von Mallorca Activities: Torrente de Pareis, Wanderungen, Klettern, Canyoning, Coasteering, Kayak oder Teambuilding","og_url":"https:\/\/mallorca-activities.com\/de\/tagestouren-mallorca\/","og_site_name":"Mallorca Activities","article_publisher":"https:\/\/www.facebook.com\/mallorcactivities33\/","article_modified_time":"2024-08-04T14:45:59+00:00","og_image":[{"width":2560,"height":1920,"url":"https:\/\/mallorca-activities.com\/wp-content\/uploads\/2020\/10\/IMG_1279-scaled.jpg","type":"image\/jpeg"}],"twitter_card":"summary_large_image","twitter_misc":{"Gesch\u00e4tzte Lesezeit":"2\u00a0Minuten"},"schema":{"@context":"https:\/\/schema.org","@graph":[{"@type":"WebPage","@id":"https:\/\/mallorca-activities.com\/de\/tagestouren-mallorca\/","url":"https:\/\/mallorca-activities.com\/de\/tagestouren-mallorca\/","name":"Tagestouren - Mallorca Activities gef\u00fchrte Wandertouren in Soller, Pollensa,","isPartOf":{"@id":"https:\/\/mallorca-activities.com\/de\/#website"},"datePublished":"2020-09-10T09:45:38+00:00","dateModified":"2024-08-04T14:45:59+00:00","description":"Tagestouren organisiert von Mallorca Activities: Torrente de Pareis, Wanderungen, Klettern, Canyoning, Coasteering, Kayak oder Teambuilding","breadcrumb":{"@id":"https:\/\/mallorca-activities.com\/de\/tagestouren-mallorca\/#breadcrumb"},"inLanguage":"de","potentialAction":[{"@type":"ReadAction","target":["https:\/\/mallorca-activities.com\/de\/tagestouren-mallorca\/"]}]},{"@type":"BreadcrumbList","@id":"https:\/\/mallorca-activities.com\/de\/tagestouren-mallorca\/#breadcrumb","itemListElement":[{"@type":"ListItem","position":1,"name":"Portada","item":"https:\/\/mallorca-activities.com\/de\/"},{"@type":"ListItem","position":2,"name":"Tagestouren"}]},{"@type":"WebSite","@id":"https:\/\/mallorca-activities.com\/de\/#website","url":"https:\/\/mallorca-activities.com\/de\/","name":"Mallorca Activities","description":"Agencia de Incoming fundada en Mallorca, dedicada al deporte y eventos de aventura; donde puedes disfrutar del deporte individual","publisher":{"@id":"https:\/\/mallorca-activities.com\/de\/#organization"},"potentialAction":[{"@type":"SearchAction","target":{"@type":"EntryPoint","urlTemplate":"https:\/\/mallorca-activities.com\/de\/?s={search_term_string}"},"query-input":"required name=search_term_string"}],"inLanguage":"de"},{"@type":"Organization","@id":"https:\/\/mallorca-activities.com\/de\/#organization","name":"MALLORCA ACTIVITIES","url":"https:\/\/mallorca-activities.com\/de\/","logo":{"@type":"ImageObject","inLanguage":"de","@id":"https:\/\/mallorca-activities.com\/de\/#\/schema\/logo\/image\/","url":"https:\/\/mallorca-activities.com\/wp-content\/uploads\/2020\/09\/cropped-fav-3.png","contentUrl":"https:\/\/mallorca-activities.com\/wp-content\/uploads\/2020\/09\/cropped-fav-3.png","width":512,"height":512,"caption":"MALLORCA ACTIVITIES"},"image":{"@id":"https:\/\/mallorca-activities.com\/de\/#\/schema\/logo\/image\/"},"sameAs":["https:\/\/www.facebook.com\/mallorcactivities33\/"]}]}},"_links":{"self":[{"href":"https:\/\/mallorca-activities.com\/de\/wp-json\/wp\/v2\/pages\/846"}],"collection":[{"href":"https:\/\/mallorca-activities.com\/de\/wp-json\/wp\/v2\/pages"}],"about":[{"href":"https:\/\/mallorca-activities.com\/de\/wp-json\/wp\/v2\/types\/page"}],"author":[{"embeddable":true,"href":"https:\/\/mallorca-activities.com\/de\/wp-json\/wp\/v2\/users\/1"}],"replies":[{"embeddable":true,"href":"https:\/\/mallorca-activities.com\/de\/wp-json\/wp\/v2\/comments?post=846"}],"version-history":[{"count":22,"href":"https:\/\/mallorca-activities.com\/de\/wp-json\/wp\/v2\/pages\/846\/revisions"}],"predecessor-version":[{"id":5127,"href":"https:\/\/mallorca-activities.com\/de\/wp-json\/wp\/v2\/pages\/846\/revisions\/5127"}],"wp:featuredmedia":[{"embeddable":true,"href":"https:\/\/mallorca-activities.com\/de\/wp-json\/wp\/v2\/media\/2080"}],"wp:attachment":[{"href":"https:\/\/mallorca-activities.com\/de\/wp-json\/wp\/v2\/media?parent=846"}],"curies":[{"name":"wp","href":"https:\/\/api.w.org\/{rel}","templated":true}]}}